{"id":55,"date":"2024-05-07T19:53:29","date_gmt":"2024-05-07T19:53:29","guid":{"rendered":"http:\/\/demo.psicoweb.co\/coachingtransformativo\/?page_id=55"},"modified":"2024-06-14T23:25:22","modified_gmt":"2024-06-14T22:25:22","slug":"contacto","status":"publish","type":"page","link":"https:\/\/demo.psicoweb.co\/coachingtransformativo\/contacto\/","title":{"rendered":"Contacto"},"content":{"rendered":"<section class=\"bde-section-55-102 bde-section\">\n  \n  \n\t\n\n\n\n<div class=\"section-container\"><div class=\"bde-columns-55-104 bde-columns\"><div class=\"bde-column-55-105 bde-column\">\n  \n  \n\t\n\n\n\n<h1 class=\"bde-heading-55-107 bde-heading\">\nDi hola\n<\/h1><div class=\"bde-text-55-108 bde-text\">\nEs hora de tener compa\u00f1\u00eda y descubrir c\u00f3mo es tu vida laboral ideal\n<\/div>\n<\/div><div class=\"bde-column-55-106 bde-column\">\n  \n  \n\t\n\n\n\n<div class=\"bde-image-55-103 bde-image\">\n<figure class=\"breakdance-image breakdance-image--953\">\n\t<div class=\"breakdance-image-container\">\n\t\t<div class=\"breakdance-image-clip\"><img decoding=\"async\" class=\"breakdance-image-object\" src=\"https:\/\/exh3xjcb82q.exactdn.com\/coachingtransformativo\/wp-content\/uploads\/2024\/06\/psico-contacto-4.webp?strip=all&lossy=1&ssl=1\" width=\"750\" height=\"750\" srcset=\"https:\/\/exh3xjcb82q.exactdn.com\/coachingtransformativo\/wp-content\/uploads\/2024\/06\/psico-contacto-4.webp?strip=all&lossy=1&ssl=1 750w, https:\/\/demo.psicoweb.co\/coachingtransformativo\/wp-content\/uploads\/2024\/06\/psico-contacto-4-300x300.webp 300w, https:\/\/demo.psicoweb.co\/coachingtransformativo\/wp-content\/uploads\/2024\/06\/psico-contacto-4-150x150.webp 150w\" sizes=\"(max-width: 750px) 100vw, 750px\"><\/div>\n\t<\/div><\/figure>\n\n<\/div>\n<\/div><\/div><\/div>\n<\/section><section class=\"bde-section-55-100 bde-section\">\n  \n  \n\t\n\n\n\n<div class=\"section-container\"><h2 class=\"bde-heading-55-109 bde-heading\">\nReserva una consulta\n<\/h2><div class=\"bde-shortcodewrapper-55-101 bde-shortcodewrapper\">\n\n<script>\n  if (typeof hasAmeliaEntitiesApiCall === 'undefined' && ('' === '' && '' !== '1')) {\n    var hasAmeliaEntitiesApiCall = true;\n  }\n  var ameliaShortcodeData = (typeof ameliaShortcodeData === 'undefined') ? [] : ameliaShortcodeData;\n  ameliaShortcodeData.push(\n    {\n      'hasApiCall': (typeof hasAmeliaEntitiesApiCall !== 'undefined') && hasAmeliaEntitiesApiCall,\n      'trigger': '',\n      'trigger_type': '',\n      'triggered_form': 'sbsNew',\n      'in_dialog': '',\n      'show': '',\n      'counter': '1000',\n      'category': '1',\n      'service': '',\n      'employee': '1',\n      'location': '',\n      'package': '',\n      'layout': '',\n    }\n  );\n\n  var ameliaShortcodeDataTriggered = (typeof ameliaShortcodeDataTriggered === 'undefined') ? [] : ameliaShortcodeDataTriggered;\n  if (ameliaShortcodeData[ameliaShortcodeData.length - 1].trigger !== '') {\n    if (ameliaShortcodeDataTriggered.filter(a => a.counter === ameliaShortcodeData[ameliaShortcodeData.length - 1].counter).length === 0) {\n      ameliaShortcodeDataTriggered.push(ameliaShortcodeData.pop());\n    } else {\n      ameliaShortcodeData.pop()\n    }\n  }\n  if (typeof hasAmeliaEntitiesApiCall !== 'undefined' && hasAmeliaEntitiesApiCall) {\n    hasAmeliaEntitiesApiCall = false;\n  }\n<\/script>\n\n<div\n  id=\"amelia-v2-booking-1000\"\n  class=\"amelia-v2-booking\"\n >\n    <step-form-wrapper><\/step-form-wrapper><\/div>\n \n<\/div><\/div>\n<\/section><section class=\"bde-section-55-110 bde-section\">\n  \n  \n\t\n\n\n\n<div class=\"section-container\"><div class=\"bde-div-55-111 bde-div\">\n  \n  \n\t\n\n\n\n<h2 class=\"bde-heading-55-112 bde-heading\">\n\u00bfTienes alguna pregunta?\n<\/h2><p class=\"bde-text-55-113 bde-text\">\nEnv\u00eda un mensaje a trav\u00e9s de este formulario para consultar alguna duda o hacer un comentario que desees.\n<\/p><div class=\"bde-form-builder-55-116 bde-form-builder\">\n\n\n<form id=\"contact-form116\" class=\"breakdance-form breakdance-form--vertical \" data-options=\"{&quot;slug&quot;:&quot;custom&quot;,&quot;name&quot;:&quot;Contact Form&quot;,&quot;ajaxUrl&quot;:&quot;https:\\\/\\\/demo.psicoweb.co\\\/coachingtransformativo\\\/wp-admin\\\/admin-ajax.php&quot;,&quot;clearOnSuccess&quot;:true,&quot;hideOnSuccess&quot;:false,&quot;successMessage&quot;:&quot;\\u00a1Tu mensaje ha sido recibido!&quot;,&quot;errorMessage&quot;:&quot;Algo sali\\u00f3 mal&quot;,&quot;redirect&quot;:false,&quot;redirectUrl&quot;:&quot;&quot;,&quot;customJavaScript&quot;:&quot;&quot;,&quot;recaptcha&quot;:{&quot;key&quot;:&quot;&quot;,&quot;enabled&quot;:false},&quot;honeypot_enabled&quot;:false,&quot;popupsOnSuccess&quot;:[],&quot;popupsOnError&quot;:[]}\" data-steps=\"0\" >\n  \n  \n  \n<div class=\"breakdance-form-field breakdance-form-field--text\" >\n    \n    \n            <label class=\"breakdance-form-field__label\" for=\"name\">\n            Nombre<span class=\"breakdance-form-field__required\">*<\/span>\n        <\/label>\n    \n    <input\n    class=\"breakdance-form-field__input\"\n    id=\"name\"\n    aria-describedby=\"name\"\n    type=\"text\"\n    name=\"fields[name]\"\n    placeholder=\"Nombre\"\n    value=\"\"\n                \n        \n        \n    required\n    \n    \n>\n\n\n    \n    \n<\/div>\n\n\n<div class=\"breakdance-form-field breakdance-form-field--email\" >\n    \n    \n            <label class=\"breakdance-form-field__label\" for=\"email\">\n            Email<span class=\"breakdance-form-field__required\">*<\/span>\n        <\/label>\n    \n    <input\n    class=\"breakdance-form-field__input\"\n    id=\"email\"\n    aria-describedby=\"email\"\n    type=\"email\"\n    name=\"fields[email]\"\n    placeholder=\"Email\"\n    value=\"\"\n                \n        \n        \n    required\n    \n    \n>\n\n\n    \n    \n<\/div>\n\n\n<div class=\"breakdance-form-field breakdance-form-field--textarea\" >\n    \n    \n            <label class=\"breakdance-form-field__label\" for=\"message\">\n            Mensaje<span class=\"breakdance-form-field__required\">*<\/span>\n        <\/label>\n    \n    <textarea\n    class=\"breakdance-form-field__input\"\n    id=\"message\"\n    aria-describedby=\"message\"\n    type=\"textarea\"\n    name=\"fields[message]\"\n        placeholder=\"Escribe tu mensaje...\"\n    required\n    >\n<\/textarea>\n\n\n    \n    \n<\/div>\n\n\n<div class=\"breakdance-form-field breakdance-form-field--checkbox\" >\n    \n    \n    \n    <fieldset role=\"group\"\n    >\n          <div class=\"breakdance-form-checkbox\">\n          <input\n              type=\"checkbox\"\n              name=\"fields[egycji]\"\n              value=\"Acepto la &lt;a href=&quot;ttps:\/\/demo.psicoweb.co\/coachingtransformativo\/politica-de-privacidad\/&quot;&gt;Pol\u00edtica de privacidad&lt;\/a&gt;\"\n              id=\"egycji-1\"\n              \n                        >\n          <label class=\"breakdance-form-checkbox__text\" for=\"egycji-1\">Acepto la <a href=\"ttps:\/\/demo.psicoweb.co\/coachingtransformativo\/politica-de-privacidad\/\">Pol\u00edtica de privacidad<\/a><\/label>\n      <\/div>\n  <\/fieldset>\n\n\n\n    \n    \n<\/div>\n\n\n  \n\n<div class=\"breakdance-form-field breakdance-form-footer\">\n    \n    \n                                    \n    \n    \n    \n    \n            \n            <button type=\"submit\" class=\"button-atom button-atom--primary breakdance-form-button breakdance-form-button__submit\"  >\n    \n        <span class=\"button-atom__text\">Contactar<\/span>\n\n        \n        \n            <\/button>\n    \n    <input type=\"hidden\" name=\"form_id\" value=\"116\">\n    <input type=\"hidden\" name=\"post_id\" value=\"55\">\n<\/div>\n\n  \n<\/form>\n\n\n\n<\/div>\n<\/div><\/div>\n<\/section>","protected":false},"excerpt":{"rendered":"<p>Di hola Es hora de tener compa\u00f1\u00eda y descubrir c\u00f3mo es tu vida laboral ideal Reserva una consulta \u00bfTienes alguna pregunta? Env\u00eda un mensaje a trav\u00e9s de este formulario para consultar alguna duda o hacer un comentario que desees. Nombre* Email* Mensaje* Acepto la Pol\u00edtica de privacidad Contactar<\/p>\n","protected":false},"author":1,"featured_media":0,"parent":0,"menu_order":0,"comment_status":"closed","ping_status":"closed","template":"","meta":{"_breakdance_hide_in_design_set":false,"_breakdance_tags":"","footnotes":""},"class_list":["post-55","page","type-page","status-publish","hentry"],"_links":{"self":[{"href":"https:\/\/demo.psicoweb.co\/coachingtransformativo\/wp-json\/wp\/v2\/pages\/55","targetHints":{"allow":["GET"]}}],"collection":[{"href":"https:\/\/demo.psicoweb.co\/coachingtransformativo\/wp-json\/wp\/v2\/pages"}],"about":[{"href":"https:\/\/demo.psicoweb.co\/coachingtransformativo\/wp-json\/wp\/v2\/types\/page"}],"author":[{"embeddable":true,"href":"https:\/\/demo.psicoweb.co\/coachingtransformativo\/wp-json\/wp\/v2\/users\/1"}],"replies":[{"embeddable":true,"href":"https:\/\/demo.psicoweb.co\/coachingtransformativo\/wp-json\/wp\/v2\/comments?post=55"}],"version-history":[{"count":0,"href":"https:\/\/demo.psicoweb.co\/coachingtransformativo\/wp-json\/wp\/v2\/pages\/55\/revisions"}],"wp:attachment":[{"href":"https:\/\/demo.psicoweb.co\/coachingtransformativo\/wp-json\/wp\/v2\/media?parent=55"}],"curies":[{"name":"wp","href":"https:\/\/api.w.org\/{rel}","templated":true}]}}