{"id":59,"date":"2024-05-07T19:54:35","date_gmt":"2024-05-07T19:54:35","guid":{"rendered":"http:\/\/demo.psicoweb.co\/coachingtransformativo\/?page_id=59"},"modified":"2024-07-21T21:43:29","modified_gmt":"2024-07-21T20:43:29","slug":"servicios","status":"publish","type":"page","link":"https:\/\/demo.psicoweb.co\/coachingtransformativo\/servicios\/","title":{"rendered":"Servicios"},"content":{"rendered":"<section class=\"bde-section-59-100 bde-section\">\n  \n  \n\t\n\n\n\n<div class=\"section-container\"><h1 class=\"bde-heading-59-101 bde-heading\">\nCoaching para terapeutas sensibles y ayudantes hol\u00edsticos<br>\n<\/h1><h2 class=\"bde-heading-59-102 bde-heading\">\nDise\u00f1a tu oficio de acuerdo con qui\u00e9n eres, en lugar de qui\u00e9n \u201cse supone que debes ser\u201d.\n<\/h2><\/div>\n<\/section><section class=\"bde-section-59-104 bde-section\">\n  \n  \n\t\n\n\n\n<div class=\"section-container\"><div class=\"bde-columns-59-108 bde-columns\"><div class=\"bde-column-59-109 bde-column\">\n  \n  \n\t\n\n\n\n<div class=\"bde-div-59-110 bde-div\">\n  \n  \n\t\n\n\n\n<h4 class=\"bde-heading-59-115 bde-heading\">\nEL COACHING PUEDE SER ADECUADO PARA TI SI:\n<\/h4><div class=\"bde-rich-text-59-113 bde-rich-text breakdance-rich-text-styles\">\n<ul data-rte-list=\"default\"><li><p class=\"\">Encuentras complicado mantener un equilibrio entre el trabajo y la vida personal, sintiendo que podr\u00edas estar al borde del agotamiento.<\/p><\/li><li><p class=\"\">Est\u00e1s en busca de claridad, un camino hacia tu verdadero prop\u00f3sito, una forma de contribuir con tu mayor bien al mundo.<\/p><\/li><li><p class=\"\">Has hecho mucho por sanar personalmente y ahora sientes el llamado a avanzar.<\/p><\/li><\/ul><p>\u00a0<\/p><p>\u00a0<\/p><div class=\"btn-bubble-icon\">\u00a0<\/div>\n<\/div>\n<\/div>\n<\/div><div class=\"bde-column-59-112 bde-column\">\n  \n  \n\t\n\n\n\n<div class=\"bde-div-59-166 bde-div\">\n  \n  \n\t\n\n\n\n<h4 class=\"bde-heading-59-116 bde-heading\">\nES POSIBLE QUE EL COACHING NO SEA ADECUADO PARA TI SI:\n<\/h4><div class=\"bde-rich-text-59-117 bde-rich-text breakdance-rich-text-styles\">\n<ul data-rte-list=\"default\"><li><p class=\"\">Llevas m\u00e1s de 3 a\u00f1os sinti\u00e9ndote agotado y est\u00e1s mostrando s\u00edntomas de trauma secundario.<\/p><\/li><li><p class=\"\">Est\u00e1s buscando supervisi\u00f3n profesional.<\/p><\/li><li><p class=\"\">Si nunca has ido a terapia antes, es crucial entender que, aunque el coaching no es lo mismo que la terapia, es m\u00e1s efectivo cuando ya tienes una base de autoconciencia terap\u00e9utica.<\/p><\/li><\/ul><p>\u00a0<\/p><p>\u00a0<\/p>\n<\/div>\n<\/div>\n<\/div><\/div><\/div>\n<\/section><section class=\"bde-section-59-118 bde-section\">\n  \n  \n\t\n\n\n\n<div class=\"section-container\"><div class=\"bde-text-59-120 bde-text\">\nPara comenzar con el coaching, reserva una consulta inicial para ver si nos entendemos bien. Si decidimos seguir adelante, el coaching funcionar\u00e1 as\u00ed:\n<\/div><\/div>\n<\/section><section class=\"bde-section-59-121 bde-section\">\n  \n  \n\t\n\n\n\n<div class=\"section-container\"><div class=\"bde-columns-59-122 bde-columns\"><div class=\"bde-column-59-123 bde-column\">\n  \n  \n\t\n\n\n\n<div class=\"bde-div-59-129 bde-div\">\n  \n  \n\t\n\n\n\n<div class=\"bde-image-59-128 bde-image\">\n<figure class=\"breakdance-image breakdance-image--831\">\n\t<div class=\"breakdance-image-container\">\n\t\t<div class=\"breakdance-image-clip\"><img decoding=\"async\" class=\"breakdance-image-object\" src=\"https:\/\/exh3xjcb82q.exactdn.com\/coachingtransformativo\/wp-content\/uploads\/2024\/06\/Paso-1.webp?strip=all&lossy=1&ssl=1\" width=\"750\" height=\"467\" srcset=\"https:\/\/exh3xjcb82q.exactdn.com\/coachingtransformativo\/wp-content\/uploads\/2024\/06\/Paso-1.webp?strip=all&lossy=1&ssl=1 750w, https:\/\/demo.psicoweb.co\/coachingtransformativo\/wp-content\/uploads\/2024\/06\/Paso-1-300x187.webp 300w\" sizes=\"(max-width: 750px) 100vw, 750px\"><\/div>\n\t<\/div><\/figure>\n\n<\/div>\n<\/div>\n<\/div><div class=\"bde-column-59-126 bde-column\">\n  \n  \n\t\n\n\n\n<div class=\"bde-div-59-130 bde-div\">\n  \n  \n\t\n\n\n\n<div class=\"bde-rich-text-59-127 bde-rich-text breakdance-rich-text-styles\">\n<p class=\"\">Te enviar\u00e9 mi Cuaderno de Trabajo para que lo completes antes de nuestra primera sesi\u00f3n. Tus respuestas a estas preguntas preliminares me ayudar\u00e1n a tener una idea de d\u00f3nde te encuentras e informar\u00e1n nuestro trabajo en el futuro.<\/p><p>\u00a0<\/p>\n<\/div>\n<\/div>\n<\/div><\/div><div class=\"bde-columns-59-131 bde-columns\"><div class=\"bde-column-59-132 bde-column\">\n  \n  \n\t\n\n\n\n<div class=\"bde-div-59-133 bde-div\">\n  \n  \n\t\n\n\n\n<div class=\"bde-image-59-134 bde-image\">\n<figure class=\"breakdance-image breakdance-image--832\">\n\t<div class=\"breakdance-image-container\">\n\t\t<div class=\"breakdance-image-clip\"><img decoding=\"async\" class=\"breakdance-image-object\" src=\"https:\/\/exh3xjcb82q.exactdn.com\/coachingtransformativo\/wp-content\/uploads\/2024\/06\/Paso-2.webp?strip=all&lossy=1&ssl=1\" width=\"750\" height=\"467\" srcset=\"https:\/\/exh3xjcb82q.exactdn.com\/coachingtransformativo\/wp-content\/uploads\/2024\/06\/Paso-2.webp?strip=all&lossy=1&ssl=1 750w, https:\/\/demo.psicoweb.co\/coachingtransformativo\/wp-content\/uploads\/2024\/06\/Paso-2-300x187.webp 300w\" sizes=\"(max-width: 750px) 100vw, 750px\"><\/div>\n\t<\/div><\/figure>\n\n<\/div>\n<\/div>\n<\/div><div class=\"bde-column-59-135 bde-column\">\n  \n  \n\t\n\n\n\n<div class=\"bde-div-59-136 bde-div\">\n  \n  \n\t\n\n\n\n<div class=\"bde-rich-text-59-137 bde-rich-text breakdance-rich-text-styles\">\n<p class=\"\">A continuaci\u00f3n, programaremos su sesi\u00f3n de Coaching Base para explorar valores, objetivos y hacer un plan para nuestras sesiones. Esta sesi\u00f3n tiene un nombre apropiado porque sienta las bases vitales para el resto de nuestro trabajo conjunto.<\/p><p>\u00a0<\/p><p>\u00a0<\/p>\n<\/div>\n<\/div>\n<\/div><\/div><div class=\"bde-columns-59-138 bde-columns\"><div class=\"bde-column-59-139 bde-column\">\n  \n  \n\t\n\n\n\n<div class=\"bde-div-59-140 bde-div\">\n  \n  \n\t\n\n\n\n<div class=\"bde-image-59-141 bde-image\">\n<figure class=\"breakdance-image breakdance-image--833\">\n\t<div class=\"breakdance-image-container\">\n\t\t<div class=\"breakdance-image-clip\"><img decoding=\"async\" class=\"breakdance-image-object\" src=\"https:\/\/exh3xjcb82q.exactdn.com\/coachingtransformativo\/wp-content\/uploads\/2024\/06\/Paso-3.webp?strip=all&lossy=1&ssl=1\" width=\"750\" height=\"467\" srcset=\"https:\/\/exh3xjcb82q.exactdn.com\/coachingtransformativo\/wp-content\/uploads\/2024\/06\/Paso-3.webp?strip=all&lossy=1&ssl=1 750w, https:\/\/demo.psicoweb.co\/coachingtransformativo\/wp-content\/uploads\/2024\/06\/Paso-3-300x187.webp 300w\" sizes=\"(max-width: 750px) 100vw, 750px\"><\/div>\n\t<\/div><\/figure>\n\n<\/div>\n<\/div>\n<\/div><div class=\"bde-column-59-142 bde-column\">\n  \n  \n\t\n\n\n\n<div class=\"bde-div-59-143 bde-div\">\n  \n  \n\t\n\n\n\n<div class=\"bde-rich-text-59-144 bde-rich-text breakdance-rich-text-styles\">\n<p class=\"\">Dependiendo de tus necesidades, programaremos sesiones semanales o quincenales para descubrir tu camino m\u00e1s alineado y trabajar para alcanzar tus objetivos. Con mi gu\u00eda, dar\u00e1s pasos hacia una vida y una carrera m\u00e1s alineadas para que puedas disfrutar tu sensibilidad en lugar de tratar de ocultarla.<\/p><p>\u00a0<\/p><p>\u00a0<\/p><div class=\"btn-bubble-icon\">\u00a0<\/div>\n<\/div>\n<\/div>\n<\/div><\/div><\/div>\n<\/section><section class=\"bde-section-59-145 bde-section\">\n  \n  \n\t\n\n\n\n<div class=\"section-container\"><h1 class=\"bde-heading-59-162 bde-heading\">\nComienza con una consulta inicial\n<\/h1><div class=\"bde-button-59-163 bde-button\">\n    \n                                    \n    \n    \n    \n    \n            \n                    \n            \n                           \n                       \n                 \n\n    \n    \n    \n                    \n    \n    <a class=\"breakdance-link button-atom button-atom--primary bde-button__button\" href=\"#\" target=\"_self\" data-type=\"action\"  data-action='{\"type\":\"popup\",\"popupOptions\":{\"popupId\":\"73\",\"popupAction\":\"open\"}}' >\n\n    \n        <span class=\"button-atom__text\">Programa una consulta aqu\u00ed<\/span>\n\n        \n        \n                <\/a>\n\n    \n\n\n<\/div><\/div>\n<\/section><section class=\"bde-section-59-147 bde-section\">\n  \n  \n\t\n\n\n\n<div class=\"section-container\"><div class=\"bde-advancedslider-59-167 bde-advancedslider\">\n<div class=\"breakdance-swiper-wrapper\" data-swiper-id=\"167\">\n  <div class=\"swiper\">\n    <div class=\"swiper-wrapper\">\n      <div class=\"bde-advancedslide-59-168 bde-advancedslide swiper-slide\">\n<div class=\"advanced-slider__slide\">\n  <div class=\"bde-icon-59-169 bde-icon\">\n\n    \n            <div class=\"bde-icon-icon breakdance-icon-atom\" >\n    \n                    <svg xmlns=\"http:\/\/www.w3.org\/2000\/svg\" id=\"icon-quotes-left\" viewBox=\"0 0 32 32\">\n<path d=\"M7.031 14c3.866 0 7 3.134 7 7s-3.134 7-7 7-7-3.134-7-7l-0.031-1c0-7.732 6.268-14 14-14v4c-2.671 0-5.182 1.040-7.071 2.929-0.364 0.364-0.695 0.751-0.995 1.157 0.357-0.056 0.724-0.086 1.097-0.086zM25.031 14c3.866 0 7 3.134 7 7s-3.134 7-7 7-7-3.134-7-7l-0.031-1c0-7.732 6.268-14 14-14v4c-2.671 0-5.182 1.040-7.071 2.929-0.364 0.364-0.695 0.751-0.995 1.157 0.358-0.056 0.724-0.086 1.097-0.086z\"\/>\n<\/svg>\n        \n        \n        \n            <\/div>\n    \n\n\n<\/div><p class=\"bde-text-59-170 bde-text\">\nEster fue como un b\u00e1lsamo para mi alma de PAS, exhausta y desgastada por el trabajo. Su presencia calmante y reconfortante me ayud\u00f3 a relajarme y concentrarme. Me sent\u00ed aliviada al estar con ella, como si un peso se hubiera levantado de mis hombros. Su energ\u00eda positiva y su apoyo incondicional fueron exactamente lo que necesitaba en ese momento. Estoy agradecida por su amistad y por el alivio que me brind\u00f3.\n<\/p><h6 class=\"bde-heading-59-171 bde-heading\">\n- Josefa Hern\u00e1ndez, Psic\u00f3loga Cl\u00ednica\n<\/h6>\n<\/div>\n<\/div><div class=\"bde-advancedslide-59-172 bde-advancedslide swiper-slide\">\n<div class=\"advanced-slider__slide\">\n  <div class=\"bde-icon-59-173 bde-icon\">\n\n    \n            <div class=\"bde-icon-icon breakdance-icon-atom\" >\n    \n                    <svg xmlns=\"http:\/\/www.w3.org\/2000\/svg\" id=\"icon-quotes-left\" viewBox=\"0 0 32 32\">\n<path d=\"M7.031 14c3.866 0 7 3.134 7 7s-3.134 7-7 7-7-3.134-7-7l-0.031-1c0-7.732 6.268-14 14-14v4c-2.671 0-5.182 1.040-7.071 2.929-0.364 0.364-0.695 0.751-0.995 1.157 0.357-0.056 0.724-0.086 1.097-0.086zM25.031 14c3.866 0 7 3.134 7 7s-3.134 7-7 7-7-3.134-7-7l-0.031-1c0-7.732 6.268-14 14-14v4c-2.671 0-5.182 1.040-7.071 2.929-0.364 0.364-0.695 0.751-0.995 1.157 0.358-0.056 0.724-0.086 1.097-0.086z\"\/>\n<\/svg>\n        \n        \n        \n            <\/div>\n    \n\n\n<\/div><p class=\"bde-text-59-174 bde-text\">\nEntrenar con Ester me hace sentir escuchada, valorada, equilibrada y llena de energ\u00eda. \u00a1Ella es \u00fanica en un mill\u00f3n! Su dedicaci\u00f3n, conocimiento y apoyo hacen que cada sesi\u00f3n de entrenamiento sea una experiencia incre\u00edble. Estoy agradecida de tenerla como mi entrenadora, ya que su pasi\u00f3n por ayudar a sus clientes a alcanzar sus metas es verdaderamente inspiradora.\n<\/p><h6 class=\"bde-heading-59-175 bde-heading\">\n- Sara Normand, Facilitadora de Meditaci\u00f3n y Mindfulness\n<\/h6>\n<\/div>\n<\/div><div class=\"bde-advancedslide-59-176 bde-advancedslide swiper-slide\">\n<div class=\"advanced-slider__slide\">\n  <div class=\"bde-icon-59-177 bde-icon\">\n\n    \n            <div class=\"bde-icon-icon breakdance-icon-atom\" >\n    \n                    <svg xmlns=\"http:\/\/www.w3.org\/2000\/svg\" id=\"icon-quotes-left\" viewBox=\"0 0 32 32\">\n<path d=\"M7.031 14c3.866 0 7 3.134 7 7s-3.134 7-7 7-7-3.134-7-7l-0.031-1c0-7.732 6.268-14 14-14v4c-2.671 0-5.182 1.040-7.071 2.929-0.364 0.364-0.695 0.751-0.995 1.157 0.357-0.056 0.724-0.086 1.097-0.086zM25.031 14c3.866 0 7 3.134 7 7s-3.134 7-7 7-7-3.134-7-7l-0.031-1c0-7.732 6.268-14 14-14v4c-2.671 0-5.182 1.040-7.071 2.929-0.364 0.364-0.695 0.751-0.995 1.157 0.358-0.056 0.724-0.086 1.097-0.086z\"\/>\n<\/svg>\n        \n        \n        \n            <\/div>\n    \n\n\n<\/div><p class=\"bde-text-59-178 bde-text\">\nGracias a las sesiones de coaching, he aprendido a manejar el estr\u00e9s de manera m\u00e1s efectiva, identificar mis fortalezas y debilidades, y establecer metas realistas que me motiven a alcanzar mis objetivos. Ester me ha brindado herramientas y t\u00e9cnicas que me han ayudado a mejorar mi desempe\u00f1o laboral y a encontrar un mayor equilibrio entre mi vida personal y profesional. \n<\/p><h6 class=\"bde-heading-59-179 bde-heading\">\n- Alejandro Mesina, Fisioterapeuta\n<\/h6>\n<\/div>\n<\/div>\n    <\/div>\n  <\/div>\n\n              <div class=\"swiper-button-prev\">\n            \n        <\/div>\n        <div class=\"swiper-button-next\">\n            \n        <\/div>\n    \n    \n<\/div>\n\n<\/div><\/div>\n<\/section><section class=\"bde-section-59-161 bde-section\">\n  \n  \n\t\n\n\n\n<div class=\"section-container\"><h1 class=\"bde-heading-59-164 bde-heading\">\n \u00bfPreguntas?<br>\n<\/h1><div class=\"bde-button-59-165 bde-button\">\n    \n                                    \n    \n    \n    \n    \n            \n                    \n            \n            \n\n    \n    \n    \n    \n    \n    <a class=\"breakdance-link button-atom button-atom--text bde-button__button\" href=\"https:\/\/demo.psicoweb.co\/coachingtransformativo\/faq\/\" target=\"_self\" data-type=\"url\"  >\n\n    \n        <span class=\"button-atom__text\">Lee mis preguntas frecuentes<\/span>\n\n        \n        \n                <\/a>\n\n    \n\n\n<\/div><\/div>\n<\/section>","protected":false},"excerpt":{"rendered":"<p>Coaching para terapeutas sensibles y ayudantes hol\u00edsticos Dise\u00f1a tu oficio de acuerdo con qui\u00e9n eres, en lugar de qui\u00e9n \u201cse supone que debes ser\u201d. EL COACHING PUEDE SER ADECUADO PARA TI SI: Encuentras complicado mantener un equilibrio entre el trabajo y la vida personal, sintiendo que podr\u00edas estar al borde del agotamiento.Est\u00e1s en busca de [&hellip;]<\/p>\n","protected":false},"author":1,"featured_media":0,"parent":0,"menu_order":0,"comment_status":"closed","ping_status":"closed","template":"","meta":{"_breakdance_hide_in_design_set":false,"_breakdance_tags":"","footnotes":""},"class_list":["post-59","page","type-page","status-publish","hentry"],"_links":{"self":[{"href":"https:\/\/demo.psicoweb.co\/coachingtransformativo\/wp-json\/wp\/v2\/pages\/59","targetHints":{"allow":["GET"]}}],"collection":[{"href":"https:\/\/demo.psicoweb.co\/coachingtransformativo\/wp-json\/wp\/v2\/pages"}],"about":[{"href":"https:\/\/demo.psicoweb.co\/coachingtransformativo\/wp-json\/wp\/v2\/types\/page"}],"author":[{"embeddable":true,"href":"https:\/\/demo.psicoweb.co\/coachingtransformativo\/wp-json\/wp\/v2\/users\/1"}],"replies":[{"embeddable":true,"href":"https:\/\/demo.psicoweb.co\/coachingtransformativo\/wp-json\/wp\/v2\/comments?post=59"}],"version-history":[{"count":0,"href":"https:\/\/demo.psicoweb.co\/coachingtransformativo\/wp-json\/wp\/v2\/pages\/59\/revisions"}],"wp:attachment":[{"href":"https:\/\/demo.psicoweb.co\/coachingtransformativo\/wp-json\/wp\/v2\/media?parent=59"}],"curies":[{"name":"wp","href":"https:\/\/api.w.org\/{rel}","templated":true}]}}