{"id":55,"date":"2024-05-07T19:53:29","date_gmt":"2024-05-07T19:53:29","guid":{"rendered":"http:\/\/demo.psicoweb.co\/corazonconsciente\/?page_id=55"},"modified":"2024-09-18T22:50:21","modified_gmt":"2024-09-18T21:50:21","slug":"contacto","status":"publish","type":"page","link":"https:\/\/demo.psicoweb.co\/corazonconsciente\/contacto\/","title":{"rendered":"Contacto"},"content":{"rendered":"<section class=\"bde-section-55-120 bde-section\">\n  \n  \n\t\n\n\n\n<div class=\"section-container\"><div class=\"bde-image-55-121 bde-image\">\n<figure class=\"breakdance-image breakdance-image--332\">\n\t<div class=\"breakdance-image-container\">\n\t\t<div class=\"breakdance-image-clip\"><img decoding=\"async\" class=\"breakdance-image-object\" src=\"https:\/\/etdkhip6jqn.exactdn.com\/corazonconsciente\/wp-content\/uploads\/2024\/05\/a-woman-works-in-a-modern-office-2023-11-27-05-03-05-utc.webp?strip=all&lossy=1&ssl=1\" width=\"1200\" height=\"799\" srcset=\"https:\/\/etdkhip6jqn.exactdn.com\/corazonconsciente\/wp-content\/uploads\/2024\/05\/a-woman-works-in-a-modern-office-2023-11-27-05-03-05-utc.webp?strip=all&lossy=1&ssl=1 1200w, https:\/\/demo.psicoweb.co\/corazonconsciente\/wp-content\/uploads\/2024\/05\/a-woman-works-in-a-modern-office-2023-11-27-05-03-05-utc-300x200.webp 300w, https:\/\/demo.psicoweb.co\/corazonconsciente\/wp-content\/uploads\/2024\/05\/a-woman-works-in-a-modern-office-2023-11-27-05-03-05-utc-1024x682.webp 1024w, https:\/\/demo.psicoweb.co\/corazonconsciente\/wp-content\/uploads\/2024\/05\/a-woman-works-in-a-modern-office-2023-11-27-05-03-05-utc-768x511.webp 768w\" sizes=\"(max-width: 1200px) 100vw, 1200px\"><\/div>\n\t<\/div><\/figure>\n\n<\/div><div class=\"bde-div-55-122 bde-div\">\n  \n  \n\t\n\n\n\n<span class=\"bde-text-55-123 bde-text\">\nPsic\u00f3loga Sof\u00eda Garc\u00eda\n<\/span><h1 class=\"bde-heading-55-124 bde-heading\">\nContacta conmigo\n<\/h1><p class=\"bde-text-55-125 bde-text\">\nTienes alguna pregunta o deseas programar una consulta? Por favor, no dudes en ponerte en contacto conmigo.\n<\/p><div class=\"bde-div-55-126 bde-div\">\n  \n  \n\t\n\n\n\n<div class=\"bde-button-55-127 bde-button\">\n    \n                                    \n    \n    \n    \n    \n            \n                    \n            \n                           \n                       \n                 \n\n    \n    \n    \n                    \n    \n    <a class=\"breakdance-link button-atom button-atom--primary bde-button__button\" href=\"#\" target=\"_self\" data-type=\"action\"  data-action='{\"type\":\"popup\",\"popupOptions\":{\"popupId\":\"73\",\"popupAction\":\"open\"}}' >\n\n    \n        <span class=\"button-atom__text\">Programa una consulta<\/span>\n\n        \n        \n                <\/a>\n\n    \n\n\n<\/div>\n<\/div>\n<\/div><\/div>\n<\/section><section class=\"bde-section-55-102 bde-section\">\n  \n  \n\t\n\n\n\n<div class=\"section-container\"><div class=\"bde-columns-55-103 bde-columns\"><div class=\"bde-column-55-104 bde-column\">\n  \n  \n\t\n\n\n\n<h2 class=\"bde-heading-55-105 bde-heading\">\nPonte en Contacto\n<\/h2><p class=\"bde-text-55-106 bde-text\">\n\u00a1Valoro Tu opini\u00f3n! Si tienes alguna pregunta, comentario o simplemente quiere saludar, no dudes en comunicarte utilizando este formulario de contacto.\n<\/p><div class=\"bde-div-55-107 bde-div\">\n  \n  \n\t\n\n\n\n<a class=\"bde-container-link-55-108 bde-container-link breakdance-link\" href=\"\/\" target=\"_self\" data-type=\"url\">\n  \n  \n\t\n\n\n\n<div class=\"bde-icon-55-109 bde-icon\">\n\n    \n            <div class=\"bde-icon-icon breakdance-icon-atom\" >\n    \n                    <svg xmlns=\"http:\/\/www.w3.org\/2000\/svg\" viewBox=\"0 0 512 512\"><!--!Font Awesome Pro 6.5.1 by @fontawesome - https:\/\/fontawesome.com License - https:\/\/fontawesome.com\/license (Commercial License) Copyright 2024 Fonticons, Inc.--><path d=\"M256 0c13.3 0 24 10.7 24 24V65.5C366.8 76.3 435.7 145.2 446.5 232H488c13.3 0 24 10.7 24 24s-10.7 24-24 24H446.5C435.7 366.8 366.8 435.7 280 446.5V488c0 13.3-10.7 24-24 24s-24-10.7-24-24V446.5C145.2 435.7 76.3 366.8 65.5 280H24c-13.3 0-24-10.7-24-24s10.7-24 24-24H65.5C76.3 145.2 145.2 76.3 232 65.5V24c0-13.3 10.7-24 24-24zM112 256a144 144 0 1 0 288 0 144 144 0 1 0 -288 0zm192 0a48 48 0 1 0 -96 0 48 48 0 1 0 96 0zm-144 0a96 96 0 1 1 192 0 96 96 0 1 1 -192 0z\"\/><\/svg>\n        \n        \n        \n            <\/div>\n    \n\n\n<\/div><div class=\"bde-text-55-110 bde-text\">\nCalle Emociones 40, Granada, Espa\u00f1a\n<\/div>\n\n<\/a><a class=\"bde-container-link-55-111 bde-container-link breakdance-link\" href=\"\/\" target=\"_self\" data-type=\"url\">\n  \n  \n\t\n\n\n\n<div class=\"bde-icon-55-112 bde-icon\">\n\n    \n            <div class=\"bde-icon-icon breakdance-icon-atom\" >\n    \n                    <svg xmlns=\"http:\/\/www.w3.org\/2000\/svg\" viewBox=\"0 0 512 512\"><!--!Font Awesome Pro 6.5.1 by @fontawesome - https:\/\/fontawesome.com License - https:\/\/fontawesome.com\/license (Commercial License) Copyright 2024 Fonticons, Inc.--><path d=\"M375.8 275.2c-16.4-7-35.4-2.4-46.7 11.4l-33.2 40.6c-46-26.7-84.4-65.1-111.1-111.1L225.3 183c13.8-11.3 18.5-30.3 11.4-46.7l-48-112C181.2 6.7 162.3-3.1 143.6 .9l-112 24C13.2 28.8 0 45.1 0 64v0C0 295.2 175.2 485.6 400.1 509.5c9.8 1 19.6 1.8 29.6 2.2c0 0 0 0 0 0c0 0 .1 0 .1 0c6.1 .2 12.1 .4 18.2 .4l0 0c18.9 0 35.2-13.2 39.1-31.6l24-112c4-18.7-5.8-37.6-23.4-45.1l-112-48zM441.5 464C225.8 460.5 51.5 286.2 48.1 70.5l99.2-21.3 43 100.4L154.4 179c-18.2 14.9-22.9 40.8-11.1 61.2c30.9 53.3 75.3 97.7 128.6 128.6c20.4 11.8 46.3 7.1 61.2-11.1l29.4-35.9 100.4 43L441.5 464zM48 64v0 0 0 0 0 0 0 0 0 0 0 0 0 0 0 0 0 0 0 0 0 0 0s0 0 0 0\"\/><\/svg>\n        \n        \n        \n            <\/div>\n    \n\n\n<\/div><div class=\"bde-text-55-113 bde-text\">\n+34 123 456 789\n<\/div>\n\n<\/a><a class=\"bde-container-link-55-114 bde-container-link breakdance-link\" href=\"\/\" target=\"_self\" data-type=\"url\">\n  \n  \n\t\n\n\n\n<div class=\"bde-icon-55-115 bde-icon\">\n\n    \n            <div class=\"bde-icon-icon breakdance-icon-atom\" >\n    \n                    <svg xmlns=\"http:\/\/www.w3.org\/2000\/svg\" viewBox=\"0 0 512 512\"><!--!Font Awesome Free 6.5.1 by @fontawesome - https:\/\/fontawesome.com License - https:\/\/fontawesome.com\/license\/free Copyright 2024 Fonticons, Inc.--><path d=\"M64 112c-8.8 0-16 7.2-16 16v22.1L220.5 291.7c20.7 17 50.4 17 71.1 0L464 150.1V128c0-8.8-7.2-16-16-16H64zM48 212.2V384c0 8.8 7.2 16 16 16H448c8.8 0 16-7.2 16-16V212.2L322 328.8c-38.4 31.5-93.7 31.5-132 0L48 212.2zM0 128C0 92.7 28.7 64 64 64H448c35.3 0 64 28.7 64 64V384c0 35.3-28.7 64-64 64H64c-35.3 0-64-28.7-64-64V128z\"\/><\/svg>\n        \n        \n        \n            <\/div>\n    \n\n\n<\/div><div class=\"bde-text-55-116 bde-text\">\nejemplo@corazonconsciente.com\n<\/div>\n\n<\/a>\n<\/div><div class=\"bde-social-icons-55-117 bde-social-icons\">\n                  \n            \n            \n\n    \n    \n    \n    \n    \n    <a class=\"breakdance-link bde-social-icons__icon-wrapper bde-social-icons__icon-custom\" href=\"#\" target=\"_self\" data-type=\"\" aria-label=\"custom\" >\n\n                        <svg xmlns=\"http:\/\/www.w3.org\/2000\/svg\" viewBox=\"0 0 512 512\"><!--!Font Awesome Free 6.5.1 by @fontawesome - https:\/\/fontawesome.com License - https:\/\/fontawesome.com\/license\/free Copyright 2024 Fonticons, Inc.--><path d=\"M512 256C512 114.6 397.4 0 256 0S0 114.6 0 256C0 376 82.7 476.8 194.2 504.5V334.2H141.4V256h52.8V222.3c0-87.1 39.4-127.5 125-127.5c16.2 0 44.2 3.2 55.7 6.4V172c-6-.6-16.5-1-29.6-1c-42 0-58.2 15.9-58.2 57.2V256h83.6l-14.4 78.2H287V510.1C413.8 494.8 512 386.9 512 256h0z\"\/><\/svg>\n                      <\/a>\n\n                    \n            \n            \n\n    \n    \n    \n    \n    \n    <a class=\"breakdance-link bde-social-icons__icon-wrapper bde-social-icons__icon-custom\" href=\"#\" target=\"_self\" data-type=\"\" aria-label=\"custom\" >\n\n                        <svg xmlns=\"http:\/\/www.w3.org\/2000\/svg\" viewBox=\"0 0 512 512\"><!--!Font Awesome Free 6.5.1 by @fontawesome - https:\/\/fontawesome.com License - https:\/\/fontawesome.com\/license\/free Copyright 2024 Fonticons, Inc.--><path d=\"M389.2 48h70.6L305.6 224.2 487 464H345L233.7 318.6 106.5 464H35.8L200.7 275.5 26.8 48H172.4L272.9 180.9 389.2 48zM364.4 421.8h39.1L151.1 88h-42L364.4 421.8z\"\/><\/svg>\n                      <\/a>\n\n                    \n            \n            \n\n    \n    \n    \n    \n    \n    <a class=\"breakdance-link bde-social-icons__icon-wrapper bde-social-icons__icon-custom\" href=\"#\" target=\"_self\" data-type=\"\" aria-label=\"custom\" >\n\n                        <svg xmlns=\"http:\/\/www.w3.org\/2000\/svg\" viewBox=\"0 0 448 512\"><!--!Font Awesome Free 6.5.1 by @fontawesome - https:\/\/fontawesome.com License - https:\/\/fontawesome.com\/license\/free Copyright 2024 Fonticons, Inc.--><path d=\"M416 32H31.9C14.3 32 0 46.5 0 64.3v383.4C0 465.5 14.3 480 31.9 480H416c17.6 0 32-14.5 32-32.3V64.3c0-17.8-14.4-32.3-32-32.3zM135.4 416H69V202.2h66.5V416zm-33.2-243c-21.3 0-38.5-17.3-38.5-38.5S80.9 96 102.2 96c21.2 0 38.5 17.3 38.5 38.5 0 21.3-17.2 38.5-38.5 38.5zm282.1 243h-66.4V312c0-24.8-.5-56.7-34.5-56.7-34.6 0-39.9 27-39.9 54.9V416h-66.4V202.2h63.7v29.2h.9c8.9-16.8 30.6-34.5 62.9-34.5 67.2 0 79.7 44.3 79.7 101.9V416z\"\/><\/svg>\n                      <\/a>\n\n    \n<\/div>\n<\/div><div class=\"bde-column-55-118 bde-column\">\n  \n  \n\t\n\n\n\n<div class=\"bde-form-builder-55-119 bde-form-builder\">\n\n\n<form id=\"contact-form119\" class=\"breakdance-form breakdance-form--vertical \" data-options=\"{&quot;slug&quot;:&quot;custom&quot;,&quot;name&quot;:&quot;Contact Form&quot;,&quot;ajaxUrl&quot;:&quot;https:\\\/\\\/demo.psicoweb.co\\\/corazonconsciente\\\/wp-admin\\\/admin-ajax.php&quot;,&quot;clearOnSuccess&quot;:true,&quot;hideOnSuccess&quot;:false,&quot;successMessage&quot;:&quot;\\u00a1Tu mensaje ha sido recibido!&quot;,&quot;errorMessage&quot;:&quot;Algo sali\\u00f3 mal&quot;,&quot;redirect&quot;:false,&quot;redirectUrl&quot;:&quot;&quot;,&quot;customJavaScript&quot;:&quot;&quot;,&quot;recaptcha&quot;:{&quot;key&quot;:&quot;&quot;,&quot;enabled&quot;:false},&quot;honeypot_enabled&quot;:false,&quot;popupsOnSuccess&quot;:[],&quot;popupsOnError&quot;:[]}\" data-steps=\"0\" >\n  \n  \n  \n<div class=\"breakdance-form-field breakdance-form-field--text\" >\n    \n    \n            <label class=\"breakdance-form-field__label\" for=\"name\">\n            Nombre<span class=\"breakdance-form-field__required\">*<\/span>\n        <\/label>\n    \n    <input\n    class=\"breakdance-form-field__input\"\n    id=\"name\"\n    aria-describedby=\"name\"\n    type=\"text\"\n    name=\"fields[name]\"\n    placeholder=\"Escribe aqu\u00ed tu nombre\"\n    value=\"\"\n                \n        \n        \n    required\n    \n    \n>\n\n\n    \n    \n<\/div>\n\n\n<div class=\"breakdance-form-field breakdance-form-field--email\" >\n    \n    \n            <label class=\"breakdance-form-field__label\" for=\"email\">\n            Email<span class=\"breakdance-form-field__required\">*<\/span>\n        <\/label>\n    \n    <input\n    class=\"breakdance-form-field__input\"\n    id=\"email\"\n    aria-describedby=\"email\"\n    type=\"email\"\n    name=\"fields[email]\"\n    placeholder=\"Escribe aqu\u00ed tu Email\"\n    value=\"\"\n                \n        \n        \n    required\n    \n    \n>\n\n\n    \n    \n<\/div>\n\n\n<div class=\"breakdance-form-field breakdance-form-field--textarea\" >\n    \n    \n            <label class=\"breakdance-form-field__label\" for=\"message\">\n            Mensaje<span class=\"breakdance-form-field__required\">*<\/span>\n        <\/label>\n    \n    <textarea\n    class=\"breakdance-form-field__input\"\n    id=\"message\"\n    aria-describedby=\"message\"\n    type=\"textarea\"\n    name=\"fields[message]\"\n        rows=\"4\"\n        placeholder=\"Escribe aqu\u00ed tu mensaje\"\n    required\n    >\n<\/textarea>\n\n\n    \n    \n<\/div>\n\n\n<div class=\"breakdance-form-field breakdance-form-field--checkbox\" >\n    \n    \n    \n    <fieldset role=\"group\"\n    >\n          <div class=\"breakdance-form-checkbox\">\n          <input\n              type=\"checkbox\"\n              name=\"fields[egycji]\"\n              value=\"Estoy de acuerdo con los &lt;a href=&quot;https:\/\/demo.psicoweb.co\/corazonconsciente\/terminos-y-condiciones\/&quot;&gt;T\u00e9rminos y Condiciones&lt;\/a&gt; y la &lt;a href=&quot;https:\/\/demo.psicoweb.co\/corazonconsciente\/politica-de-privacidad\/&quot;&gt;Pol\u00edtica de Privacidad&lt;\/a&gt;\"\n              id=\"egycji-1\"\n              \n                        >\n          <label class=\"breakdance-form-checkbox__text\" for=\"egycji-1\">Estoy de acuerdo con los <a href=\"https:\/\/demo.psicoweb.co\/corazonconsciente\/terminos-y-condiciones\/\">T\u00e9rminos y Condiciones<\/a> y la <a href=\"https:\/\/demo.psicoweb.co\/corazonconsciente\/politica-de-privacidad\/\">Pol\u00edtica de Privacidad<\/a><\/label>\n      <\/div>\n  <\/fieldset>\n\n\n\n    \n    \n<\/div>\n\n\n  \n\n<div class=\"breakdance-form-field breakdance-form-footer\">\n    \n    \n                                    \n    \n    \n    \n    \n            \n            <button type=\"submit\" class=\"button-atom button-atom--primary breakdance-form-button breakdance-form-button__submit\"  >\n    \n        <span class=\"button-atom__text\">Contactar<\/span>\n\n        \n        \n            <\/button>\n    \n    <input type=\"hidden\" name=\"form_id\" value=\"119\">\n    <input type=\"hidden\" name=\"post_id\" value=\"55\">\n<\/div>\n\n  \n<\/form>\n\n\n\n<\/div>\n<\/div><\/div><\/div>\n<\/section><section class=\"bde-section-55-166 bde-section\">\n  \n  \n\t\n\n\n\n<div class=\"section-container\"><div class=\"bde-columns-55-167 bde-columns\"><div class=\"bde-column-55-168 bde-column\">\n  \n  \n\t\n\n\n\n<div class=\"bde-div-55-169 bde-div\">\n              \n  \n  \n\t\n\n  <div class=\"section-background-overlay\"><\/div>\n\n\n<h2 class=\"bde-heading-55-170 bde-heading\">\nReserva una Cita\n<\/h2><p class=\"bde-text-55-171 bde-text\">\nPuedes consultarme lo que desees a trav\u00e9s de los distintos medios a tu disposici\u00f3n: Formulario, Email, Whatsapp...<br>Pero si te has decidido, simplemente haz una reserva aqu\u00ed y comenzamos inmediatamente. <br>\u00a1Te espero!\n<\/p><div class=\"bde-shortcodewrapper-55-176 bde-shortcodewrapper\">\n\n<script>\n  if (typeof hasAmeliaEntitiesApiCall === 'undefined' && ('' === '' && '' !== '1')) {\n    var hasAmeliaEntitiesApiCall = true;\n  }\n  var ameliaShortcodeData = (typeof ameliaShortcodeData === 'undefined') ? [] : ameliaShortcodeData;\n  ameliaShortcodeData.push(\n    {\n      'hasApiCall': (typeof hasAmeliaEntitiesApiCall !== 'undefined') && hasAmeliaEntitiesApiCall,\n      'trigger': '',\n      'trigger_type': '',\n      'triggered_form': 'sbsNew',\n      'in_dialog': '',\n      'show': '',\n      'counter': '1000',\n      'category': '1',\n      'service': '',\n      'employee': '1',\n      'location': '',\n      'package': '',\n      'layout': '',\n    }\n  );\n\n  var ameliaShortcodeDataTriggered = (typeof ameliaShortcodeDataTriggered === 'undefined') ? [] : ameliaShortcodeDataTriggered;\n  if (ameliaShortcodeData[ameliaShortcodeData.length - 1].trigger !== '') {\n    if (ameliaShortcodeDataTriggered.filter(a => a.counter === ameliaShortcodeData[ameliaShortcodeData.length - 1].counter).length === 0) {\n      ameliaShortcodeDataTriggered.push(ameliaShortcodeData.pop());\n    } else {\n      ameliaShortcodeData.pop()\n    }\n  }\n  if (typeof hasAmeliaEntitiesApiCall !== 'undefined' && hasAmeliaEntitiesApiCall) {\n    hasAmeliaEntitiesApiCall = false;\n  }\n<\/script>\n\n<div\n  id=\"amelia-v2-booking-1000\"\n  class=\"amelia-v2-booking\"\n >\n    <step-form-wrapper><\/step-form-wrapper><\/div>\n \n<\/div>\n<\/div>\n<\/div><div class=\"bde-column-55-174 bde-column\">\n  \n  \n\t\n\n\n\n<div class=\"bde-image-55-175 bde-image\">\n<figure class=\"breakdance-image breakdance-image--359\">\n\t<div class=\"breakdance-image-container\">\n\t\t<div class=\"breakdance-image-clip\"><img decoding=\"async\" class=\"breakdance-image-object\" src=\"https:\/\/etdkhip6jqn.exactdn.com\/corazonconsciente\/wp-content\/uploads\/2024\/05\/woman-working-on-a-smartphone-work-and-study-remo-2023-11-27-05-29-55-utc.webp?strip=all&lossy=1&ssl=1\" width=\"1200\" height=\"800\" srcset=\"https:\/\/etdkhip6jqn.exactdn.com\/corazonconsciente\/wp-content\/uploads\/2024\/05\/woman-working-on-a-smartphone-work-and-study-remo-2023-11-27-05-29-55-utc.webp?strip=all&lossy=1&ssl=1 1200w, https:\/\/demo.psicoweb.co\/corazonconsciente\/wp-content\/uploads\/2024\/05\/woman-working-on-a-smartphone-work-and-study-remo-2023-11-27-05-29-55-utc-300x200.webp 300w, https:\/\/demo.psicoweb.co\/corazonconsciente\/wp-content\/uploads\/2024\/05\/woman-working-on-a-smartphone-work-and-study-remo-2023-11-27-05-29-55-utc-1024x683.webp 1024w, https:\/\/demo.psicoweb.co\/corazonconsciente\/wp-content\/uploads\/2024\/05\/woman-working-on-a-smartphone-work-and-study-remo-2023-11-27-05-29-55-utc-768x512.webp 768w\" sizes=\"(max-width: 1200px) 100vw, 1200px\"><\/div>\n\t<\/div><\/figure>\n\n<\/div>\n<\/div><\/div><\/div>\n<\/section>","protected":false},"excerpt":{"rendered":"<p>Psic\u00f3loga Sof\u00eda Garc\u00eda Contacta conmigo Tienes alguna pregunta o deseas programar una consulta? Por favor, no dudes en ponerte en contacto conmigo. Programa una consulta Ponte en Contacto \u00a1Valoro Tu opini\u00f3n! Si tienes alguna pregunta, comentario o simplemente quiere saludar, no dudes en comunicarte utilizando este formulario de contacto. Calle Emociones 40, Granada, Espa\u00f1a +34 [&hellip;]<\/p>\n","protected":false},"author":3,"featured_media":0,"parent":0,"menu_order":0,"comment_status":"closed","ping_status":"closed","template":"","meta":{"_breakdance_hide_in_design_set":false,"_breakdance_tags":"","footnotes":""},"class_list":["post-55","page","type-page","status-publish","hentry"],"_links":{"self":[{"href":"https:\/\/demo.psicoweb.co\/corazonconsciente\/wp-json\/wp\/v2\/pages\/55","targetHints":{"allow":["GET"]}}],"collection":[{"href":"https:\/\/demo.psicoweb.co\/corazonconsciente\/wp-json\/wp\/v2\/pages"}],"about":[{"href":"https:\/\/demo.psicoweb.co\/corazonconsciente\/wp-json\/wp\/v2\/types\/page"}],"author":[{"embeddable":true,"href":"https:\/\/demo.psicoweb.co\/corazonconsciente\/wp-json\/wp\/v2\/users\/3"}],"replies":[{"embeddable":true,"href":"https:\/\/demo.psicoweb.co\/corazonconsciente\/wp-json\/wp\/v2\/comments?post=55"}],"version-history":[{"count":0,"href":"https:\/\/demo.psicoweb.co\/corazonconsciente\/wp-json\/wp\/v2\/pages\/55\/revisions"}],"wp:attachment":[{"href":"https:\/\/demo.psicoweb.co\/corazonconsciente\/wp-json\/wp\/v2\/media?parent=55"}],"curies":[{"name":"wp","href":"https:\/\/api.w.org\/{rel}","templated":true}]}}