

{"id":360,"date":"2022-11-07T21:15:56","date_gmt":"2022-11-07T21:15:56","guid":{"rendered":"https:\/\/demo.psicoweb.co\/creandohumanidad\/?page_id=360"},"modified":"2022-11-08T13:10:00","modified_gmt":"2022-11-08T13:10:00","slug":"quien-soy","status":"publish","type":"page","link":"https:\/\/demo.psicoweb.co\/creandohumanidad\/quien-soy\/","title":{"rendered":"Quien soy"},"content":{"rendered":"<section id=\"particles-js\" class=\"bde-section-360-100 bde-section\">\n              \n  \n\t\n\n  <div class=\"section-background-overlay\"><\/div>\n\n\n<div class=\"section-container\"><div class=\"bde-code-block-360-101 bde-code-block\">\n\n  <style>\n.particles-js-canvas-el {\nwidth: 100%;\nheight: 100%;\nposition: absolute;\nz-index: 0;\ntop: 0;\n}\n<\/style>\n \n<script src=\"https:\/\/cdn.jsdelivr.net\/particles.js\/2.0.0\/particles.min.js\"><\/script>\n \n<script>\nparticlesJS(\"particles-js\", {\"particles\":{\"number\":{\"value\":80,\"density\":{\"enable\":true,\"value_area\":800}},\"color\":{\"value\":\"#ffffff\"},\"shape\":{\"type\":\"circle\",\"stroke\":{\"width\":0,\"color\":\"#000000\"},\"polygon\":{\"nb_sides\":5},\"image\":{\"src\":\"img\/github.svg\",\"width\":100,\"height\":100}},\"opacity\":{\"value\":0.5,\"random\":false,\"anim\":{\"enable\":false,\"speed\":1,\"opacity_min\":0.1,\"sync\":false}},\"size\":{\"value\":3,\"random\":true,\"anim\":{\"enable\":false,\"speed\":40,\"size_min\":0.1,\"sync\":false}},\"line_linked\":{\"enable\":true,\"distance\":150,\"color\":\"#ffffff\",\"opacity\":0.4,\"width\":1},\"move\":{\"enable\":true,\"speed\":6,\"direction\":\"none\",\"random\":false,\"straight\":false,\"out_mode\":\"out\",\"bounce\":false,\"attract\":{\"enable\":false,\"rotateX\":600,\"rotateY\":1200}}},\"interactivity\":{\"detect_on\":\"canvas\",\"events\":{\"onhover\":{\"enable\":true,\"mode\":\"repulse\"},\"onclick\":{\"enable\":true,\"mode\":\"push\"},\"resize\":true},\"modes\":{\"grab\":{\"distance\":400,\"line_linked\":{\"opacity\":1}},\"bubble\":{\"distance\":400,\"size\":40,\"duration\":2,\"opacity\":8,\"speed\":3},\"repulse\":{\"distance\":200,\"duration\":0.4},\"push\":{\"particles_nb\":4},\"remove\":{\"particles_nb\":2}}},\"retina_detect\":true});var count_particles, stats, update; stats = new Stats; stats.setMode(0); stats.domElement.style.position = 'absolute'; stats.domElement.style.left = '0px'; stats.domElement.style.top = '0px'; document.body.appendChild(stats.domElement); count_particles = document.querySelector('.js-count-particles'); update = function() { stats.begin(); stats.end(); if (window.pJSDom[0].pJS.particles && window.pJSDom[0].pJS.particles.array) { count_particles.innerText = window.pJSDom[0].pJS.particles.array.length; } requestAnimationFrame(update); }; requestAnimationFrame(update);;\n<\/script>\n\n\n<\/div><div class=\"bde-div-360-102 bde-div\">\n  \n\t\n\n\n\n<div class=\"bde-div-360-103 bde-div\" data-entrance=\"slideUp\">\n  \n\t\n\n\n\n<h1 class=\"bde-heading-360-104 bde-heading\" data-entrance=\"fade\">\nQuien Soy\n<\/h1>\n<\/div><div class=\"bde-div-360-105 bde-div\">\n  \n\t\n\n\n\n<div class=\"bde-button-360-106 bde-button\" data-entrance=\"fade\">\n    \n                                    \n    \n    \n    \n    \n            \n                    \n            \n            \n\n    \n    \n    \n    \n    \n    <a class=\"breakdance-link button-atom button-atom--custom bde-button__button\" href=\"#Section-1-quien-soy\" target=\"_self\" data-type=\"url\"  >\n\n    \n        <span class=\"button-atom__text\">Ver m\u00e1s<\/span>\n\n                            \n        \n                <\/a>\n\n    \n\n\n<\/div>\n<\/div>\n<\/div><\/div>\n<\/section><section id=\"Section-1-quien-soy\" class=\"bde-section-360-108 bde-section\">\n  \n\t\n\n\n\n<div class=\"section-container\"><div class=\"bde-columns-360-109 bde-columns\"><div class=\"bde-column-360-110 bde-column\">\n  \n\t\n\n\n\n<div class=\"bde-image-360-111 bde-image\">\n<figure class=\"breakdance-image breakdance-image--461\">\n\t<div class=\"breakdance-image-container\">\n\t\t<div class=\"breakdance-image-clip\"><img decoding=\"async\" class=\"breakdance-image-object\" src=\"https:\/\/demo.psicoweb.co\/creandohumanidad\/wp-content\/uploads\/2022\/11\/PHOTO-2021-04-23-15-49-42.jpg\" width=\"768\" height=\"1024\" srcset=\"https:\/\/demo.psicoweb.co\/creandohumanidad\/wp-content\/uploads\/2022\/11\/PHOTO-2021-04-23-15-49-42.jpg 768w, https:\/\/demo.psicoweb.co\/creandohumanidad\/wp-content\/uploads\/2022\/11\/PHOTO-2021-04-23-15-49-42-225x300.jpg 225w\" sizes=\"(max-width: 768px) 100vw, 768px\"><\/div>\n\t<\/div><\/figure>\n\n<\/div>\n<\/div><div class=\"bde-column-360-112 bde-column\">\n  \n\t\n\n\n\n<div class=\"bde-text-360-113 bde-text\">\nPsic\u00f3loga\n<\/div><h2 class=\"bde-heading-360-114 bde-heading\">\nEstefan\u00eda Hern\u00e1ndez\n<\/h2><div class=\"bde-text-360-115 bde-text\">\nHola, me llamo Estefan\u00eda Hern\u00e1ndez y soy Psic\u00f3loga y madre. Mi inter\u00e9s en la Crianza Respetuosa empez\u00f3 en el minuto uno, desde que supe que iba a ser madre. <br><br>Mi experiencia vital en la infancia ha sido un detonador para que investigara, a trav\u00e9s de mi carrera de Psicolog\u00eda y otras formaciones, como puede ser la Psicolog\u00eda Humanista, Transpersonal e Integrativa, entre otras, una manera de poder ayudar, acompa\u00f1ar y sostener a personas en situaci\u00f3n de sufrimiento psicol\u00f3gico.<br><br>Pero fue cuando supe que iba a ser madre, en solitario, que me di cuenta de la gran importancia que tiene la prevenci\u00f3n para evitar, en la medida de lo posible, traumas tempranos y trastornos que pueden acontecer en la edad adulta como consecuencia de no haber identificado y abordado los indicadores que pueden conllevar problemas de diferente \u00edndole en la etapa infantil, adolescente y posteriormente adulta.<br><br>Me di cuenta tambi\u00e9n c\u00f3mo el bienestar psico-biol\u00f3gico, emocional y espiritual de la madre es sumamente importante para que se pueda conseguir un v\u00ednculo sano con el beb\u00e9 desde que est\u00e1 en el \u00fatero materno y en la primera infancia. Puesto que la madre es el h\u00e1bitat natural del beb\u00e9, sobre todo en la infancia temprana, si se desarrolla un apego seguro, seguir\u00e1 siendo la figura de apego primaria, y ello contribuir\u00e1 a una mayor confianza y seguridad en la vida del ni\u00f1o y posterior vida de adulto.<br><br>Por otra parte, en el contexto de la sociedad actual, vi c\u00f3mo el sistema establecido y normalizado, no facilita este v\u00ednculo, haciendo que la diada madre-beb\u00e9 se separen a edad muy temprana, incluso causando alienaci\u00f3n en la madre durante la gestaci\u00f3n, preocupada por el trabajo, la econom\u00eda, la casa, otros hijos\u2026.<br><br>El papel del padre, pareja y\/o familia se vuelve crucial para hacer frente al apoyo y sost\u00e9n que requiere la madre cuando est\u00e1 embarazada, cuando nace el beb\u00e9, y luego, en la primera y segunda infancia y en la adolescencia. Pero el modelo socio-pol\u00edtico actual no facilita que estas condiciones se puedan dar, ya que es una sociedad en la que se han inculcado valores individualistas basados en intereses econ\u00f3micos, pol\u00edticos e ideol\u00f3gicos. <br><br>En mi caso particular, el ser familia monoparental (no por decisi\u00f3n propia), me ha hecho ver la gran problem\u00e1tica a\u00f1adida cuando las madres se enfrentan solas a este gran trabajo que es la crianza. Cuando no hay recursos humanos, institucionales o econ\u00f3micos alrededor y, adem\u00e1s, lo quieres hacer lo m\u00e1s respetuosamente posible en la crianza de tu hijo\/hija, la crianza se puede convertir en una gran odisea llena de frustraci\u00f3n y sufrimiento.<br><br>Por eso, mi tarea principal se centra en ayudar a las madres y padres a entender este gran trabajo vital que es el poder criar de la manera m\u00e1s natural y respetuosa posible, considerando las limitaciones, y centr\u00e1ndonos en buscar las mejores soluciones con los recursos y posibilidades a nuestro alcance. No hay recetas m\u00e1gicas, no creo que valgan para todas las familias. Cada familia es un mundo, y mi trabajo consiste en poder guiar a cada familia, teniendo en cuenta sus posibilidades, caracter\u00edsticas y recursos. <br>\n<\/div>\n<\/div><\/div><\/div>\n<\/section><section class=\"bde-section-360-119 bde-section\">\n  \n\t\n\n\n\n<div class=\"section-container\"><div class=\"bde-text-360-127 bde-text\">\nEntonces\n<\/div><h2 class=\"bde-heading-360-128 bde-heading\">\nSi as\u00ed lo crees\n<\/h2><div class=\"bde-text-360-129 bde-text\">\nNo dudes en contactar conmigo, estar\u00e9 encantada de escucharte.<br>Bienvenida al viaje m\u00e1s maravilloso y creativo de tu vida y la de tus hijos.\n<\/div><div class=\"bde-image-accordion-360-123 bde-image-accordion\">\n\n  \n    \n    <div class=\"ee-image-accordion-item ee-image-accordion-item-1\">\n\n                            \n            \n            \n\n    \n    \n    \n    \n    \n    <a class=\"breakdance-link ee-image-accordion-link\" href=\"\/\" target=\"_self\" data-type=\"url\" aria-label=\"\" >\n    <\/a>\n\n            \n      \n                    <img decoding=\"async\" class=\"breakdance-image-object\" src=\"https:\/\/demo.psicoweb.co\/creandohumanidad\/wp-content\/uploads\/2022\/11\/PHOTO-2021-04-26-17-53-02-768x576.jpg\" width=\"768\" height=\"576\" srcset=\"https:\/\/demo.psicoweb.co\/creandohumanidad\/wp-content\/uploads\/2022\/11\/PHOTO-2021-04-26-17-53-02.jpg 1024w, https:\/\/demo.psicoweb.co\/creandohumanidad\/wp-content\/uploads\/2022\/11\/PHOTO-2021-04-26-17-53-02-300x225.jpg 300w, https:\/\/demo.psicoweb.co\/creandohumanidad\/wp-content\/uploads\/2022\/11\/PHOTO-2021-04-26-17-53-02-768x576.jpg 768w\" sizes=\"(max-width: 1024px) 100vw, 1024px\" loading=\"lazy\">\n        \n    <\/div>\n\n  \n    \n    <div class=\"ee-image-accordion-item ee-image-accordion-item-2\">\n\n                            \n            \n            \n\n    \n    \n    \n    \n    \n    <a class=\"breakdance-link ee-image-accordion-link\" href=\"\/\" target=\"_self\" data-type=\"url\" aria-label=\"\" >\n    <\/a>\n\n            \n      \n                    <img decoding=\"async\" class=\"breakdance-image-object\" src=\"https:\/\/demo.psicoweb.co\/creandohumanidad\/wp-content\/uploads\/2022\/11\/PHOTO-2021-01-17-15-38-45-768x576.jpg\" width=\"768\" height=\"576\" srcset=\"https:\/\/demo.psicoweb.co\/creandohumanidad\/wp-content\/uploads\/2022\/11\/PHOTO-2021-01-17-15-38-45.jpg 1600w, https:\/\/demo.psicoweb.co\/creandohumanidad\/wp-content\/uploads\/2022\/11\/PHOTO-2021-01-17-15-38-45-300x225.jpg 300w, https:\/\/demo.psicoweb.co\/creandohumanidad\/wp-content\/uploads\/2022\/11\/PHOTO-2021-01-17-15-38-45-1024x768.jpg 1024w, https:\/\/demo.psicoweb.co\/creandohumanidad\/wp-content\/uploads\/2022\/11\/PHOTO-2021-01-17-15-38-45-768x576.jpg 768w, https:\/\/demo.psicoweb.co\/creandohumanidad\/wp-content\/uploads\/2022\/11\/PHOTO-2021-01-17-15-38-45-1536x1152.jpg 1536w\" sizes=\"(max-width: 1600px) 100vw, 1600px\" loading=\"lazy\">\n        \n    <\/div>\n\n  \n    \n    <div class=\"ee-image-accordion-item ee-image-accordion-item-3\">\n\n                            \n            \n            \n\n    \n    \n    \n    \n    \n    <a class=\"breakdance-link ee-image-accordion-link\" href=\"\/\" target=\"_self\" data-type=\"url\" aria-label=\"\" >\n    <\/a>\n\n            \n      \n                    <img decoding=\"async\" class=\"breakdance-image-object\" src=\"https:\/\/demo.psicoweb.co\/creandohumanidad\/wp-content\/uploads\/2022\/11\/PHOTO-2021-01-17-15-38-43-768x576.jpg\" width=\"768\" height=\"576\" srcset=\"https:\/\/demo.psicoweb.co\/creandohumanidad\/wp-content\/uploads\/2022\/11\/PHOTO-2021-01-17-15-38-43.jpg 1600w, https:\/\/demo.psicoweb.co\/creandohumanidad\/wp-content\/uploads\/2022\/11\/PHOTO-2021-01-17-15-38-43-300x225.jpg 300w, https:\/\/demo.psicoweb.co\/creandohumanidad\/wp-content\/uploads\/2022\/11\/PHOTO-2021-01-17-15-38-43-1024x768.jpg 1024w, https:\/\/demo.psicoweb.co\/creandohumanidad\/wp-content\/uploads\/2022\/11\/PHOTO-2021-01-17-15-38-43-768x576.jpg 768w, https:\/\/demo.psicoweb.co\/creandohumanidad\/wp-content\/uploads\/2022\/11\/PHOTO-2021-01-17-15-38-43-1536x1152.jpg 1536w\" sizes=\"(max-width: 1600px) 100vw, 1600px\" loading=\"lazy\">\n        \n    <\/div>\n\n  \n    \n    <div class=\"ee-image-accordion-item ee-image-accordion-item-4\">\n\n                            \n            \n            \n\n    \n    \n    \n    \n    \n    <a class=\"breakdance-link ee-image-accordion-link\" href=\"\/\" target=\"_self\" data-type=\"url\" aria-label=\"\" >\n    <\/a>\n\n            \n      \n                    <img decoding=\"async\" class=\"breakdance-image-object\" src=\"https:\/\/demo.psicoweb.co\/creandohumanidad\/wp-content\/uploads\/2022\/11\/PHOTO-2021-01-17-15-38-42-768x1024.jpg\" width=\"768\" height=\"1024\" srcset=\"https:\/\/demo.psicoweb.co\/creandohumanidad\/wp-content\/uploads\/2022\/11\/PHOTO-2021-01-17-15-38-42.jpg 1200w, https:\/\/demo.psicoweb.co\/creandohumanidad\/wp-content\/uploads\/2022\/11\/PHOTO-2021-01-17-15-38-42-225x300.jpg 225w, https:\/\/demo.psicoweb.co\/creandohumanidad\/wp-content\/uploads\/2022\/11\/PHOTO-2021-01-17-15-38-42-768x1024.jpg 768w, https:\/\/demo.psicoweb.co\/creandohumanidad\/wp-content\/uploads\/2022\/11\/PHOTO-2021-01-17-15-38-42-1152x1536.jpg 1152w\" sizes=\"(max-width: 1200px) 100vw, 1200px\" loading=\"lazy\">\n        \n    <\/div>\n\n  <\/div><div class=\"bde-button-360-125 bde-button\">\n    \n                                    \n    \n    \n    \n    \n            \n                    \n            \n            \n\n    \n    \n    \n    \n    \n    <a class=\"breakdance-link button-atom button-atom--secondary bde-button__button\" href=\"https:\/\/demo.psicoweb.co\/creandohumanidad\/contacto\/\" target=\"_self\" data-type=\"url\"  >\n\n    \n        <span class=\"button-atom__text\">Cont\u00e1ctame<\/span>\n\n        \n        \n                <\/a>\n\n    \n\n\n<\/div><\/div>\n<\/section>","protected":false},"excerpt":{"rendered":"<p>Quien Soy Ver m\u00e1s Psic\u00f3loga Estefan\u00eda Hern\u00e1ndez Hola, me llamo Estefan\u00eda Hern\u00e1ndez y soy Psic\u00f3loga y madre. Mi inter\u00e9s en la Crianza Respetuosa empez\u00f3 en el minuto uno, desde que supe que iba a ser madre. Mi experiencia vital en la infancia ha sido un detonador para que investigara, a trav\u00e9s de mi carrera de [&hellip;]<\/p>\n","protected":false},"author":2,"featured_media":0,"parent":0,"menu_order":0,"comment_status":"closed","ping_status":"closed","template":"","meta":{"_breakdance_hide_in_design_set":false,"_breakdance_tags":"","footnotes":""},"_links":{"self":[{"href":"https:\/\/demo.psicoweb.co\/creandohumanidad\/wp-json\/wp\/v2\/pages\/360"}],"collection":[{"href":"https:\/\/demo.psicoweb.co\/creandohumanidad\/wp-json\/wp\/v2\/pages"}],"about":[{"href":"https:\/\/demo.psicoweb.co\/creandohumanidad\/wp-json\/wp\/v2\/types\/page"}],"author":[{"embeddable":true,"href":"https:\/\/demo.psicoweb.co\/creandohumanidad\/wp-json\/wp\/v2\/users\/2"}],"replies":[{"embeddable":true,"href":"https:\/\/demo.psicoweb.co\/creandohumanidad\/wp-json\/wp\/v2\/comments?post=360"}],"version-history":[{"count":0,"href":"https:\/\/demo.psicoweb.co\/creandohumanidad\/wp-json\/wp\/v2\/pages\/360\/revisions"}],"wp:attachment":[{"href":"https:\/\/demo.psicoweb.co\/creandohumanidad\/wp-json\/wp\/v2\/media?parent=360"}],"curies":[{"name":"wp","href":"https:\/\/api.w.org\/{rel}","templated":true}]}}