

{"id":362,"date":"2022-11-07T21:16:13","date_gmt":"2022-11-07T21:16:13","guid":{"rendered":"https:\/\/demo.psicoweb.co\/creandohumanidad\/?page_id=362"},"modified":"2024-06-16T00:10:23","modified_gmt":"2024-06-16T00:10:23","slug":"contacto","status":"publish","type":"page","link":"https:\/\/demo.psicoweb.co\/creandohumanidad\/contacto\/","title":{"rendered":"Contacto"},"content":{"rendered":"<section id=\"particles-js\" class=\"bde-section-362-211 bde-section\">\n              \n  \n\t\n\n  <div class=\"section-background-overlay\"><\/div>\n\n\n<div class=\"section-container\"><div class=\"bde-code-block-362-212 bde-code-block\">\n\n  <style>\n.particles-js-canvas-el {\nwidth: 100%;\nheight: 100%;\nposition: absolute;\nz-index: 0;\ntop: 0;\n}\n<\/style>\n \n<script src=\"https:\/\/cdn.jsdelivr.net\/particles.js\/2.0.0\/particles.min.js\"><\/script>\n \n<script>\nparticlesJS(\"particles-js\", {\"particles\":{\"number\":{\"value\":80,\"density\":{\"enable\":true,\"value_area\":800}},\"color\":{\"value\":\"#ffffff\"},\"shape\":{\"type\":\"circle\",\"stroke\":{\"width\":0,\"color\":\"#000000\"},\"polygon\":{\"nb_sides\":5},\"image\":{\"src\":\"img\/github.svg\",\"width\":100,\"height\":100}},\"opacity\":{\"value\":0.5,\"random\":false,\"anim\":{\"enable\":false,\"speed\":1,\"opacity_min\":0.1,\"sync\":false}},\"size\":{\"value\":3,\"random\":true,\"anim\":{\"enable\":false,\"speed\":40,\"size_min\":0.1,\"sync\":false}},\"line_linked\":{\"enable\":true,\"distance\":150,\"color\":\"#ffffff\",\"opacity\":0.4,\"width\":1},\"move\":{\"enable\":true,\"speed\":6,\"direction\":\"none\",\"random\":false,\"straight\":false,\"out_mode\":\"out\",\"bounce\":false,\"attract\":{\"enable\":false,\"rotateX\":600,\"rotateY\":1200}}},\"interactivity\":{\"detect_on\":\"canvas\",\"events\":{\"onhover\":{\"enable\":true,\"mode\":\"repulse\"},\"onclick\":{\"enable\":true,\"mode\":\"push\"},\"resize\":true},\"modes\":{\"grab\":{\"distance\":400,\"line_linked\":{\"opacity\":1}},\"bubble\":{\"distance\":400,\"size\":40,\"duration\":2,\"opacity\":8,\"speed\":3},\"repulse\":{\"distance\":200,\"duration\":0.4},\"push\":{\"particles_nb\":4},\"remove\":{\"particles_nb\":2}}},\"retina_detect\":true});var count_particles, stats, update; stats = new Stats; stats.setMode(0); stats.domElement.style.position = 'absolute'; stats.domElement.style.left = '0px'; stats.domElement.style.top = '0px'; document.body.appendChild(stats.domElement); count_particles = document.querySelector('.js-count-particles'); update = function() { stats.begin(); stats.end(); if (window.pJSDom[0].pJS.particles && window.pJSDom[0].pJS.particles.array) { count_particles.innerText = window.pJSDom[0].pJS.particles.array.length; } requestAnimationFrame(update); }; requestAnimationFrame(update);;\n<\/script>\n\n\n<\/div><div class=\"bde-div-362-213 bde-div\">\n  \n\t\n\n\n\n<div class=\"bde-div-362-214 bde-div\" data-entrance=\"slideUp\">\n  \n\t\n\n\n\n<h1 class=\"bde-heading-362-215 bde-heading\" data-entrance=\"fade\">\nContacta\n<\/h1>\n<\/div><div class=\"bde-div-362-216 bde-div\">\n  \n\t\n\n\n\n<div class=\"bde-button-362-217 bde-button\" data-entrance=\"fade\">\n    \n                                    \n    \n    \n    \n    \n            \n                    \n            \n            \n\n    \n    \n    \n    \n    \n    <a class=\"breakdance-link button-atom button-atom--custom bde-button__button\" href=\"#Section-1-contacto\" target=\"_self\" data-type=\"url\"  >\n\n    \n        <span class=\"button-atom__text\">Ahora<\/span>\n\n                            \n        \n                <\/a>\n\n    \n\n\n<\/div>\n<\/div>\n<\/div><\/div>\n<\/section><section id=\"Section-1-contacto\" class=\"bde-section-362-155 bde-section\">\n  \n\t\n\n\n\n<div class=\"section-container\"><div class=\"bde-columns-362-156 bde-columns\"><div class=\"bde-column-362-157 bde-column\">\n  \n\t\n\n\n\n<div class=\"bde-text-362-158 bde-text\">\nFormulario\n<\/div><h2 class=\"bde-heading-362-159 bde-heading\">\nCont\u00e1ctame\n<\/h2><div class=\"bde-text-362-160 bde-text\">\nSi necesitas comentarme o consultarme algo, rellena el formulario y te responder\u00e9 lo antes posible.<br>Trata de ser breve, si es posible, pero no dejes los detalles de lado si estos son importantes para comprender tu mensaje.<br>Por favor, revisa que tu email est\u00e9 bien escrito porque de lo contrario me ser\u00e1 imposible responderte.<br>Gracias.\n<\/div>\n<\/div><div class=\"bde-column-362-162 bde-column\">\n  \n\t\n\n\n\n<div class=\"bde-form-builder-362-147 bde-form-builder\">\n\n\n<form id=\"formulario-de-contacto147\" class=\"breakdance-form breakdance-form--vertical \" data-options=\"{&quot;slug&quot;:&quot;custom&quot;,&quot;name&quot;:&quot;Formulario de Contacto&quot;,&quot;ajaxUrl&quot;:&quot;https:\\\/\\\/demo.psicoweb.co\\\/creandohumanidad\\\/wp-admin\\\/admin-ajax.php&quot;,&quot;clearOnSuccess&quot;:true,&quot;hideOnSuccess&quot;:false,&quot;successMessage&quot;:&quot;He recibido su mensaje.&quot;,&quot;errorMessage&quot;:&quot;Algo sali\\u00f3 mal.&quot;,&quot;redirect&quot;:false,&quot;redirectUrl&quot;:&quot;&quot;,&quot;customJavaScript&quot;:&quot;&quot;,&quot;recaptcha&quot;:{&quot;key&quot;:&quot;&quot;,&quot;enabled&quot;:false},&quot;honeypot_enabled&quot;:false,&quot;popupsOnSuccess&quot;:[],&quot;popupsOnError&quot;:[]}\" data-steps=\"0\" >\n  \n  \n  \n<div class=\"breakdance-form-field breakdance-form-field--text\" >\n    \n    \n            <label class=\"breakdance-form-field__label\" for=\"name\">\n            Nombre<span class=\"breakdance-form-field__required\">*<\/span>\n        <\/label>\n    \n    <input\n    class=\"breakdance-form-field__input\"\n    id=\"name\"\n    aria-describedby=\"name\"\n    type=\"text\"\n    name=\"fields[name]\"\n    placeholder=\"\"\n    value=\"\"\n                \n        \n        \n    required\n    \n    \n>\n\n\n    \n    \n<\/div>\n\n\n<div class=\"breakdance-form-field breakdance-form-field--email\" >\n    \n    \n            <label class=\"breakdance-form-field__label\" for=\"email\">\n            Email<span class=\"breakdance-form-field__required\">*<\/span>\n        <\/label>\n    \n    <input\n    class=\"breakdance-form-field__input\"\n    id=\"email\"\n    aria-describedby=\"email\"\n    type=\"email\"\n    name=\"fields[email]\"\n    placeholder=\"\"\n    value=\"\"\n                \n        \n        \n    required\n    \n    \n>\n\n\n    \n    \n<\/div>\n\n\n<div class=\"breakdance-form-field breakdance-form-field--textarea\" >\n    \n    \n            <label class=\"breakdance-form-field__label\" for=\"message\">\n            Mensaje<span class=\"breakdance-form-field__required\">*<\/span>\n        <\/label>\n    \n    <textarea\n    class=\"breakdance-form-field__input\"\n    id=\"message\"\n    aria-describedby=\"message\"\n    type=\"textarea\"\n    name=\"fields[message]\"\n        placeholder=\"\"\n    required\n    >\n<\/textarea>\n\n\n    \n    \n<\/div>\n\n\n<div class=\"breakdance-form-field breakdance-form-field--radio\" >\n    \n    \n    \n      <fieldset role=\"radiogroup\"\n          aria-label=\"GPRD\"\n      >\n          <legend class=\"breakdance-form-field__label\">GPRD<span class=\"breakdance-form-field__required\">*<\/span><\/legend>\n                <div class=\"breakdance-form-radio\">\n            <input\n                type=\"radio\"\n                name=\"fields[vebiee]\"\n                value=\"Aceptaci\u00f3n Pol\u00edtica de Privacidad\"\n                id=\"vebiee-1\"\n                required\n                \n                            >\n            <label class=\"breakdance-form-radio__text\" for=\"vebiee-1\">Acepto la Pol\u00edtica de Privacidad.<\/label>\n        <\/div>\n      <\/fieldset>\n\n\n    \n    \n<\/div>\n\n\n<div class=\"breakdance-form-field breakdance-form-field--html\" >\n    \n    \n    \n    <div class=\"form-input-html\"\n    >\n  <pre class=\"wp-block-code has-text-color has-small-font-size\" style=\"color:#a99845\"><code><strong><u>Responsable<\/u><\/strong>: Estefan\u00eda Hern\u00e1ndez Concepci\u00f3n \u2013&nbsp;<strong><u>Finalidad<\/u><\/strong>: resolver las dudas planteadas. La&nbsp;<strong><u>Legitimaci\u00f3n<\/u><\/strong> es gracias a tu consentimiento.&nbsp;<strong><u>Destinatarios<\/u><\/strong>: tus datos se encuentran alojados en Tesys Internet S.L.U.. Podr\u00e1s ejercer&nbsp;<strong><u>Tus Derechos<\/u><\/strong>&nbsp;de Acceso, Rectificaci\u00f3n, Limitaci\u00f3n o Suprimir tus datos enviando un email a info@demo.psicoweb.co\/creandohumanidad o ante la Autoridad de Control. <a href=\"https:\/\/demo.psicoweb.co\/creandohumanidad\/politica-de-privacidad\/\" target=\"_blank\" rel=\"noreferrer noopener\">Pol\u00edticas de privacidad<\/a>.<\/code><\/pre>\n<\/div>\n\n\n    \n    \n<\/div>\n\n\n  \n\n<div class=\"breakdance-form-field breakdance-form-footer\">\n    \n    \n                                    \n    \n    \n    \n    \n            \n            <button type=\"submit\" class=\"button-atom button-atom--primary breakdance-form-button breakdance-form-button__submit\"  >\n    \n        <span class=\"button-atom__text\">Enviar<\/span>\n\n        \n        \n            <\/button>\n    \n    <input type=\"hidden\" name=\"form_id\" value=\"147\">\n    <input type=\"hidden\" name=\"post_id\" value=\"362\">\n<\/div>\n\n  \n<\/form>\n\n\n\n<\/div>\n<\/div><\/div><\/div>\n<\/section><section class=\"bde-section-362-198 bde-section\">\n  \n\t\n\n\n\n<div class=\"section-container\"><div class=\"bde-columns-362-199 bde-columns\"><div class=\"bde-column-362-200 bde-column\">\n  \n\t\n\n\n\n<h2 class=\"bde-heading-362-201 bde-heading\">\nDesde las Islas Canarias\n<\/h2><div class=\"bde-text-362-218 bde-text\">\nDesde mis islas te responder\u00e9. Tambi\u00e9n puedes contactarme  por Instagram, Telegram o Whatsapp.\n<\/div>\n<\/div><div class=\"bde-column-362-202 bde-column\">\n  \n\t\n\n\n\n<div class=\"bde-google-map-362-203 bde-google-map\">\n\r\n<iframe width=\"100%\" height=\"100%\" style=\"border:0\" loading=\"lazy\" title=\"Map\" src=\"https:\/\/maps.google.com\/maps?q=Islas+Canarias&t=m&z=7&output=embed&iwloc=near\" allowfullscreen><\/iframe>\n\n<\/div>\n<\/div><\/div><\/div>\n<\/section>","protected":false},"excerpt":{"rendered":"<p>Contacta Ahora Formulario Cont\u00e1ctame Si necesitas comentarme o consultarme algo, rellena el formulario y te responder\u00e9 lo antes posible.Trata de ser breve, si es posible, pero no dejes los detalles de lado si estos son importantes para comprender tu mensaje.Por favor, revisa que tu email est\u00e9 bien escrito porque de lo contrario me ser\u00e1 imposible [&hellip;]<\/p>\n","protected":false},"author":2,"featured_media":0,"parent":0,"menu_order":0,"comment_status":"closed","ping_status":"closed","template":"","meta":{"_breakdance_hide_in_design_set":false,"_breakdance_tags":"","footnotes":""},"_links":{"self":[{"href":"https:\/\/demo.psicoweb.co\/creandohumanidad\/wp-json\/wp\/v2\/pages\/362"}],"collection":[{"href":"https:\/\/demo.psicoweb.co\/creandohumanidad\/wp-json\/wp\/v2\/pages"}],"about":[{"href":"https:\/\/demo.psicoweb.co\/creandohumanidad\/wp-json\/wp\/v2\/types\/page"}],"author":[{"embeddable":true,"href":"https:\/\/demo.psicoweb.co\/creandohumanidad\/wp-json\/wp\/v2\/users\/2"}],"replies":[{"embeddable":true,"href":"https:\/\/demo.psicoweb.co\/creandohumanidad\/wp-json\/wp\/v2\/comments?post=362"}],"version-history":[{"count":1,"href":"https:\/\/demo.psicoweb.co\/creandohumanidad\/wp-json\/wp\/v2\/pages\/362\/revisions"}],"predecessor-version":[{"id":776,"href":"https:\/\/demo.psicoweb.co\/creandohumanidad\/wp-json\/wp\/v2\/pages\/362\/revisions\/776"}],"wp:attachment":[{"href":"https:\/\/demo.psicoweb.co\/creandohumanidad\/wp-json\/wp\/v2\/media?parent=362"}],"curies":[{"name":"wp","href":"https:\/\/api.w.org\/{rel}","templated":true}]}}