

{"id":366,"date":"2022-11-07T21:17:56","date_gmt":"2022-11-07T21:17:56","guid":{"rendered":"https:\/\/demo.psicoweb.co\/creandohumanidad\/?page_id=366"},"modified":"2022-11-08T17:08:50","modified_gmt":"2022-11-08T17:08:50","slug":"crianza-respetuosa","status":"publish","type":"page","link":"https:\/\/demo.psicoweb.co\/creandohumanidad\/crianza-respetuosa\/","title":{"rendered":"Crianza respetuosa"},"content":{"rendered":"<section id=\"particles-js\" class=\"bde-section-366-100 bde-section\">\n              \n  \n\t\n\n  <div class=\"section-background-overlay\"><\/div>\n\n\n<div class=\"section-container\"><div class=\"bde-code-block-366-101 bde-code-block\">\n\n  <style>\n.particles-js-canvas-el {\nwidth: 100%;\nheight: 100%;\nposition: absolute;\nz-index: 0;\ntop: 0;\n}\n<\/style>\n \n<script src=\"https:\/\/cdn.jsdelivr.net\/particles.js\/2.0.0\/particles.min.js\"><\/script>\n \n<script>\nparticlesJS(\"particles-js\", {\"particles\":{\"number\":{\"value\":80,\"density\":{\"enable\":true,\"value_area\":800}},\"color\":{\"value\":\"#ffffff\"},\"shape\":{\"type\":\"circle\",\"stroke\":{\"width\":0,\"color\":\"#000000\"},\"polygon\":{\"nb_sides\":5},\"image\":{\"src\":\"img\/github.svg\",\"width\":100,\"height\":100}},\"opacity\":{\"value\":0.5,\"random\":false,\"anim\":{\"enable\":false,\"speed\":1,\"opacity_min\":0.1,\"sync\":false}},\"size\":{\"value\":3,\"random\":true,\"anim\":{\"enable\":false,\"speed\":40,\"size_min\":0.1,\"sync\":false}},\"line_linked\":{\"enable\":true,\"distance\":150,\"color\":\"#ffffff\",\"opacity\":0.4,\"width\":1},\"move\":{\"enable\":true,\"speed\":6,\"direction\":\"none\",\"random\":false,\"straight\":false,\"out_mode\":\"out\",\"bounce\":false,\"attract\":{\"enable\":false,\"rotateX\":600,\"rotateY\":1200}}},\"interactivity\":{\"detect_on\":\"canvas\",\"events\":{\"onhover\":{\"enable\":true,\"mode\":\"repulse\"},\"onclick\":{\"enable\":true,\"mode\":\"push\"},\"resize\":true},\"modes\":{\"grab\":{\"distance\":400,\"line_linked\":{\"opacity\":1}},\"bubble\":{\"distance\":400,\"size\":40,\"duration\":2,\"opacity\":8,\"speed\":3},\"repulse\":{\"distance\":200,\"duration\":0.4},\"push\":{\"particles_nb\":4},\"remove\":{\"particles_nb\":2}}},\"retina_detect\":true});var count_particles, stats, update; stats = new Stats; stats.setMode(0); stats.domElement.style.position = 'absolute'; stats.domElement.style.left = '0px'; stats.domElement.style.top = '0px'; document.body.appendChild(stats.domElement); count_particles = document.querySelector('.js-count-particles'); update = function() { stats.begin(); stats.end(); if (window.pJSDom[0].pJS.particles && window.pJSDom[0].pJS.particles.array) { count_particles.innerText = window.pJSDom[0].pJS.particles.array.length; } requestAnimationFrame(update); }; requestAnimationFrame(update);;\n<\/script>\n\n\n<\/div><div class=\"bde-div-366-102 bde-div\">\n  \n\t\n\n\n\n<div class=\"bde-div-366-103 bde-div\" data-entrance=\"slideUp\">\n  \n\t\n\n\n\n<h1 class=\"bde-heading-366-104 bde-heading\" data-entrance=\"fade\">\nCrianza<br>Respetuosa\n<\/h1>\n<\/div><div class=\"bde-div-366-105 bde-div\">\n  \n\t\n\n\n\n<div class=\"bde-button-366-106 bde-button\" data-entrance=\"fade\">\n    \n                                    \n    \n    \n    \n    \n            \n                    \n            \n            \n\n    \n    \n    \n    \n    \n    <a class=\"breakdance-link button-atom button-atom--custom bde-button__button\" href=\"#Section-1-crianza-respetuosa\" target=\"_self\" data-type=\"url\"  >\n\n    \n        <span class=\"button-atom__text\">Ver<\/span>\n\n                            \n        \n                <\/a>\n\n    \n\n\n<\/div>\n<\/div>\n<\/div><\/div>\n<\/section><section id=\"Section-1-crianza-respetuosa\" class=\"bde-section-366-108 bde-section\">\n  \n\t\n\n\n\n<div class=\"section-container\"><div class=\"bde-columns-366-109 bde-columns\"><div class=\"bde-column-366-110 bde-column\">\n  \n\t\n\n\n\n<div class=\"bde-image-366-111 bde-image\">\n<figure class=\"breakdance-image breakdance-image--525\">\n\t<div class=\"breakdance-image-container\">\n\t\t<div class=\"breakdance-image-clip\"><img decoding=\"async\" class=\"breakdance-image-object\" src=\"https:\/\/demo.psicoweb.co\/creandohumanidad\/wp-content\/uploads\/2022\/11\/pexels-mart-production-7491259-768x1152.jpg\" width=\"768\" height=\"1152\" srcset=\"https:\/\/demo.psicoweb.co\/creandohumanidad\/wp-content\/uploads\/2022\/11\/pexels-mart-production-7491259-scaled.jpg 1707w, https:\/\/demo.psicoweb.co\/creandohumanidad\/wp-content\/uploads\/2022\/11\/pexels-mart-production-7491259-200x300.jpg 200w, https:\/\/demo.psicoweb.co\/creandohumanidad\/wp-content\/uploads\/2022\/11\/pexels-mart-production-7491259-683x1024.jpg 683w, https:\/\/demo.psicoweb.co\/creandohumanidad\/wp-content\/uploads\/2022\/11\/pexels-mart-production-7491259-768x1152.jpg 768w, https:\/\/demo.psicoweb.co\/creandohumanidad\/wp-content\/uploads\/2022\/11\/pexels-mart-production-7491259-1024x1536.jpg 1024w, https:\/\/demo.psicoweb.co\/creandohumanidad\/wp-content\/uploads\/2022\/11\/pexels-mart-production-7491259-1365x2048.jpg 1365w\" sizes=\"(max-width: 1707px) 100vw, 1707px\"><\/div>\n\t<\/div><\/figure>\n\n<\/div>\n<\/div><div class=\"bde-column-366-112 bde-column\">\n  \n\t\n\n\n\n<div class=\"bde-text-366-113 bde-text\">\nAsesoramiento en\n<\/div><h2 class=\"bde-heading-366-114 bde-heading\">\nCrianza Respetuosa\n<\/h2><div class=\"bde-text-366-115 bde-text\">\nMe encantar\u00eda acompa\u00f1arte en ese viaje tan maravilloso como es la crianza de tu hijo\/a. <br><br>Para ello puedes contactar conmigo para resolver todas aquellas dudas que puedan surgir en tu camino. <br><br>Te acompa\u00f1o desde la gestaci\u00f3n de tu beb\u00e9 hasta el final de la primera infancia. <br><br>El mundo de las mam\u00e1s y pap\u00e1s es un mundo lleno de retos y experiencias maravillosas y, a veces, angustiantes, que merecen ser tenidas en cuenta dado que las experiencias que tenga tu hijo en las etapas de desarrollo tendr\u00e1n un impacto en su manera de Ser adulta. <br><br>En la medida que podamos acompa\u00f1ar de la manera m\u00e1s respetuosa posible a nuestros hijos, estaremos invirtiendo en su buen desarrollo futuro en la etapa adulta para que puedan convertirse en seres humanos \u00edntegros, seguros, con valores, autoconfianza y confianza en la Vida.<br>\n<\/div><div class=\"bde-text-366-119 bde-text\">\nNo dudes en contactar para poder asesorarte en todo aquello que necesites.\n<\/div><div class=\"bde-button-366-121 bde-button\">\n    \n                                    \n    \n    \n    \n    \n            \n                    \n            \n            \n\n    \n    \n    \n    \n    \n    <a class=\"breakdance-link button-atom button-atom--secondary bde-button__button\" href=\"https:\/\/demo.psicoweb.co\/creandohumanidad\/contacto\/\" target=\"_self\" data-type=\"url\"  >\n\n    \n        <span class=\"button-atom__text\">Cont\u00e1ctame<\/span>\n\n        \n        \n                <\/a>\n\n    \n\n\n<\/div>\n<\/div><\/div><\/div>\n<\/section>","protected":false},"excerpt":{"rendered":"<p>CrianzaRespetuosa Ver Asesoramiento en Crianza Respetuosa Me encantar\u00eda acompa\u00f1arte en ese viaje tan maravilloso como es la crianza de tu hijo\/a. Para ello puedes contactar conmigo para resolver todas aquellas dudas que puedan surgir en tu camino. Te acompa\u00f1o desde la gestaci\u00f3n de tu beb\u00e9 hasta el final de la primera infancia. El mundo de [&hellip;]<\/p>\n","protected":false},"author":2,"featured_media":0,"parent":0,"menu_order":0,"comment_status":"closed","ping_status":"closed","template":"","meta":{"_breakdance_hide_in_design_set":false,"_breakdance_tags":"","footnotes":""},"_links":{"self":[{"href":"https:\/\/demo.psicoweb.co\/creandohumanidad\/wp-json\/wp\/v2\/pages\/366"}],"collection":[{"href":"https:\/\/demo.psicoweb.co\/creandohumanidad\/wp-json\/wp\/v2\/pages"}],"about":[{"href":"https:\/\/demo.psicoweb.co\/creandohumanidad\/wp-json\/wp\/v2\/types\/page"}],"author":[{"embeddable":true,"href":"https:\/\/demo.psicoweb.co\/creandohumanidad\/wp-json\/wp\/v2\/users\/2"}],"replies":[{"embeddable":true,"href":"https:\/\/demo.psicoweb.co\/creandohumanidad\/wp-json\/wp\/v2\/comments?post=366"}],"version-history":[{"count":0,"href":"https:\/\/demo.psicoweb.co\/creandohumanidad\/wp-json\/wp\/v2\/pages\/366\/revisions"}],"wp:attachment":[{"href":"https:\/\/demo.psicoweb.co\/creandohumanidad\/wp-json\/wp\/v2\/media?parent=366"}],"curies":[{"name":"wp","href":"https:\/\/api.w.org\/{rel}","templated":true}]}}