

{"id":369,"date":"2022-11-07T21:18:14","date_gmt":"2022-11-07T21:18:14","guid":{"rendered":"https:\/\/demo.psicoweb.co\/creandohumanidad\/?page_id=369"},"modified":"2022-11-08T17:23:31","modified_gmt":"2022-11-08T17:23:31","slug":"psicoterapia-individual-familias","status":"publish","type":"page","link":"https:\/\/demo.psicoweb.co\/creandohumanidad\/psicoterapia-individual-familias\/","title":{"rendered":"Psicoterapia individual -familias-"},"content":{"rendered":"<section id=\"particles-js\" class=\"bde-section-369-101 bde-section\">\n              \n  \n\t\n\n  <div class=\"section-background-overlay\"><\/div>\n\n\n<div class=\"section-container\"><div class=\"bde-code-block-369-102 bde-code-block\">\n\n  <style>\n.particles-js-canvas-el {\nwidth: 100%;\nheight: 100%;\nposition: absolute;\nz-index: 0;\ntop: 0;\n}\n<\/style>\n \n<script src=\"https:\/\/cdn.jsdelivr.net\/particles.js\/2.0.0\/particles.min.js\"><\/script>\n \n<script>\nparticlesJS(\"particles-js\", {\"particles\":{\"number\":{\"value\":80,\"density\":{\"enable\":true,\"value_area\":800}},\"color\":{\"value\":\"#ffffff\"},\"shape\":{\"type\":\"circle\",\"stroke\":{\"width\":0,\"color\":\"#000000\"},\"polygon\":{\"nb_sides\":5},\"image\":{\"src\":\"img\/github.svg\",\"width\":100,\"height\":100}},\"opacity\":{\"value\":0.5,\"random\":false,\"anim\":{\"enable\":false,\"speed\":1,\"opacity_min\":0.1,\"sync\":false}},\"size\":{\"value\":3,\"random\":true,\"anim\":{\"enable\":false,\"speed\":40,\"size_min\":0.1,\"sync\":false}},\"line_linked\":{\"enable\":true,\"distance\":150,\"color\":\"#ffffff\",\"opacity\":0.4,\"width\":1},\"move\":{\"enable\":true,\"speed\":6,\"direction\":\"none\",\"random\":false,\"straight\":false,\"out_mode\":\"out\",\"bounce\":false,\"attract\":{\"enable\":false,\"rotateX\":600,\"rotateY\":1200}}},\"interactivity\":{\"detect_on\":\"canvas\",\"events\":{\"onhover\":{\"enable\":true,\"mode\":\"repulse\"},\"onclick\":{\"enable\":true,\"mode\":\"push\"},\"resize\":true},\"modes\":{\"grab\":{\"distance\":400,\"line_linked\":{\"opacity\":1}},\"bubble\":{\"distance\":400,\"size\":40,\"duration\":2,\"opacity\":8,\"speed\":3},\"repulse\":{\"distance\":200,\"duration\":0.4},\"push\":{\"particles_nb\":4},\"remove\":{\"particles_nb\":2}}},\"retina_detect\":true});var count_particles, stats, update; stats = new Stats; stats.setMode(0); stats.domElement.style.position = 'absolute'; stats.domElement.style.left = '0px'; stats.domElement.style.top = '0px'; document.body.appendChild(stats.domElement); count_particles = document.querySelector('.js-count-particles'); update = function() { stats.begin(); stats.end(); if (window.pJSDom[0].pJS.particles && window.pJSDom[0].pJS.particles.array) { count_particles.innerText = window.pJSDom[0].pJS.particles.array.length; } requestAnimationFrame(update); }; requestAnimationFrame(update);;\n<\/script>\n\n\n<\/div><div class=\"bde-div-369-103 bde-div\">\n  \n\t\n\n\n\n<div class=\"bde-div-369-104 bde-div\" data-entrance=\"slideUp\">\n  \n\t\n\n\n\n<h1 class=\"bde-heading-369-105 bde-heading\" data-entrance=\"fade\">\nPsicoterapia<br>Individual<br>-Familias-\n<\/h1>\n<\/div><div class=\"bde-div-369-106 bde-div\">\n  \n\t\n\n\n\n<div class=\"bde-button-369-107 bde-button\" data-entrance=\"fade\">\n    \n                                    \n    \n    \n    \n    \n            \n                    \n            \n            \n\n    \n    \n    \n    \n    \n    <a class=\"breakdance-link button-atom button-atom--custom bde-button__button\" href=\"#Section-1-psicoterapia-individual-familias\" target=\"_self\" data-type=\"url\"  >\n\n    \n        <span class=\"button-atom__text\">Ver<\/span>\n\n                            \n        \n                <\/a>\n\n    \n\n\n<\/div>\n<\/div>\n<\/div><\/div>\n<\/section><section id=\"Section-1-psicoterapia-individual-familias\" class=\"bde-section-369-108 bde-section\">\n  \n\t\n\n\n\n<div class=\"section-container\"><div class=\"bde-columns-369-109 bde-columns\"><div class=\"bde-column-369-110 bde-column\">\n  \n\t\n\n\n\n<div class=\"bde-image-369-111 bde-image\">\n<figure class=\"breakdance-image breakdance-image--531\">\n\t<div class=\"breakdance-image-container\">\n\t\t<div class=\"breakdance-image-clip\"><img decoding=\"async\" class=\"breakdance-image-object\" src=\"https:\/\/demo.psicoweb.co\/creandohumanidad\/wp-content\/uploads\/2022\/11\/pexels-rodnae-productions-6149701-768x1152.jpg\" width=\"768\" height=\"1152\" srcset=\"https:\/\/demo.psicoweb.co\/creandohumanidad\/wp-content\/uploads\/2022\/11\/pexels-rodnae-productions-6149701-scaled.jpg 1707w, https:\/\/demo.psicoweb.co\/creandohumanidad\/wp-content\/uploads\/2022\/11\/pexels-rodnae-productions-6149701-200x300.jpg 200w, https:\/\/demo.psicoweb.co\/creandohumanidad\/wp-content\/uploads\/2022\/11\/pexels-rodnae-productions-6149701-683x1024.jpg 683w, https:\/\/demo.psicoweb.co\/creandohumanidad\/wp-content\/uploads\/2022\/11\/pexels-rodnae-productions-6149701-768x1152.jpg 768w, https:\/\/demo.psicoweb.co\/creandohumanidad\/wp-content\/uploads\/2022\/11\/pexels-rodnae-productions-6149701-1024x1536.jpg 1024w, https:\/\/demo.psicoweb.co\/creandohumanidad\/wp-content\/uploads\/2022\/11\/pexels-rodnae-productions-6149701-1365x2048.jpg 1365w\" sizes=\"(max-width: 1707px) 100vw, 1707px\"><\/div>\n\t<\/div><\/figure>\n\n<\/div>\n<\/div><div class=\"bde-column-369-112 bde-column\">\n  \n\t\n\n\n\n<div class=\"bde-text-369-113 bde-text\">\nConsulta\n<\/div><h2 class=\"bde-heading-369-114 bde-heading\">\nPsicoterapia Individual \u2013Familias\u2013\n<\/h2><div class=\"bde-text-369-115 bde-text\">\nMuchas veces no estamos del todo enteros cuando vamos a ser padres, o cuando ya nuestro beb\u00e9 est\u00e1 en nuestra vida exterior y necesita de nuestra atenci\u00f3n, acompa\u00f1amiento, presencia y cuidados. <br><br>Nuestros hijos son esponjas y proyectan todos nuestros miedos, ansiedad, inseguridades y estados de \u00e1nimo. Entonces, debemos tomar responsabilidad y poder ser la mejor madre o padre que pueda tener para que crezca, en la medida de lo posible, feliz y sano en todos los sentidos.<br><br>A veces, necesitamos mirar para dentro para poder mirar aquellas cosas que nos est\u00e1n frenando o dificultando en la vida para, a partir de ah\u00ed, tomar consciencia y poder afrontar todo aquello que pudiera estar afectando a la forma de relacionarnos con nuestros hijos o, tal vez, con nuestra pareja, familiares, amigos o trabajo.<br><br>El bienestar de nuestros hijos depende intr\u00ednsecamente de nuestro bienestar, si nosotros estamos bien, ellos estar\u00e1n bien y podr\u00e1n afrontar los retos de la vida de manera m\u00e1s segura y confiada.<br><br>Me encantar\u00eda acompa\u00f1arte en este viaje interior, apoy\u00e1ndote y sosteni\u00e9ndote, desde la toma de consciencia basada en la autorresponsabilidad, transitando los conflictos vitales para que, poco a poco, puedas llevar una vida m\u00e1s arm\u00f3nica, feliz y tranquila. <br><br>Nuestros hijos son un reflejo de nuestras experiencias, patrones y formas de relacionarnos con el mundo. Es dif\u00edcil controlar lo que el mundo puede influenciar de manera negativa en nuestros hijos, pero si nos ven como pilares empoderados, amorosos, coherentes y equilibrados, podemos compensar lo que reciben desde fuera del \u00e1mbito familiar o, incluso, de otros familiares que no ven la crianza como nosotros la vemos. <br><br>Si nosotros estamos fuertes, presentes, amorosos y coherentes, transmitiremos nuestra forma de Ser a nuestros hijos, convirti\u00e9ndonos en un modelo a seguir y se podr\u00e1n desarrollar como seres humanos \u00edntegros y con personalidad.<br><br>Te acompa\u00f1o en tus frustraciones, retos, fricciones, miedos, quebraderos e inseguridades. <br>\n<\/div><div class=\"bde-text-369-116 bde-text\">\nNo lo dudes, estoy aqu\u00ed para ayudarte, sin juicios y mir\u00e1ndonos como seres humanos que somos, con nuestras trabas e imperfecciones. <br>Caminemos juntos\u2026<br>\n<\/div><div class=\"bde-button-369-117 bde-button\">\n    \n                                    \n    \n    \n    \n    \n            \n                    \n            \n            \n\n    \n    \n    \n    \n    \n    <a class=\"breakdance-link button-atom button-atom--secondary bde-button__button\" href=\"https:\/\/demo.psicoweb.co\/creandohumanidad\/contacto\/\" target=\"_self\" data-type=\"url\"  >\n\n    \n        <span class=\"button-atom__text\">Cont\u00e1ctame<\/span>\n\n        \n        \n                <\/a>\n\n    \n\n\n<\/div>\n<\/div><\/div><\/div>\n<\/section>","protected":false},"excerpt":{"rendered":"<p>PsicoterapiaIndividual-Familias- Ver Consulta Psicoterapia Individual \u2013Familias\u2013 Muchas veces no estamos del todo enteros cuando vamos a ser padres, o cuando ya nuestro beb\u00e9 est\u00e1 en nuestra vida exterior y necesita de nuestra atenci\u00f3n, acompa\u00f1amiento, presencia y cuidados. Nuestros hijos son esponjas y proyectan todos nuestros miedos, ansiedad, inseguridades y estados de \u00e1nimo. Entonces, debemos tomar [&hellip;]<\/p>\n","protected":false},"author":2,"featured_media":0,"parent":0,"menu_order":0,"comment_status":"closed","ping_status":"closed","template":"","meta":{"_breakdance_hide_in_design_set":false,"_breakdance_tags":"","footnotes":""},"_links":{"self":[{"href":"https:\/\/demo.psicoweb.co\/creandohumanidad\/wp-json\/wp\/v2\/pages\/369"}],"collection":[{"href":"https:\/\/demo.psicoweb.co\/creandohumanidad\/wp-json\/wp\/v2\/pages"}],"about":[{"href":"https:\/\/demo.psicoweb.co\/creandohumanidad\/wp-json\/wp\/v2\/types\/page"}],"author":[{"embeddable":true,"href":"https:\/\/demo.psicoweb.co\/creandohumanidad\/wp-json\/wp\/v2\/users\/2"}],"replies":[{"embeddable":true,"href":"https:\/\/demo.psicoweb.co\/creandohumanidad\/wp-json\/wp\/v2\/comments?post=369"}],"version-history":[{"count":0,"href":"https:\/\/demo.psicoweb.co\/creandohumanidad\/wp-json\/wp\/v2\/pages\/369\/revisions"}],"wp:attachment":[{"href":"https:\/\/demo.psicoweb.co\/creandohumanidad\/wp-json\/wp\/v2\/media?parent=369"}],"curies":[{"name":"wp","href":"https:\/\/api.w.org\/{rel}","templated":true}]}}