{"id":633,"date":"2024-06-01T14:08:35","date_gmt":"2024-06-01T13:08:35","guid":{"rendered":"https:\/\/demo.psicoweb.co\/equilibrionatural\/contact\/"},"modified":"2024-06-10T10:19:39","modified_gmt":"2024-06-10T09:19:39","slug":"contacto","status":"publish","type":"page","link":"https:\/\/demo.psicoweb.co\/equilibrionatural\/contacto\/","title":{"rendered":"Contacto"},"content":{"rendered":"<section class=\"bde-section-633-100 bde-section\">\n              \n  \n  \n\t\n\n  <div class=\"section-background-overlay\"><\/div>\n\n\n<div class=\"section-container\"><h1 class=\"bde-heading-633-101 bde-heading\">\ncontacto\n<\/h1><div class=\"bde-div-633-102 bde-div\">\n  \n  \n\t\n\n\n\n<div class=\"bde-text-633-103 bde-text\">\nBajar\n<\/div><div class=\"bde-image-633-104 bde-image logo-dark\">\n<figure class=\"breakdance-image breakdance-image--719\">\n\t<div class=\"breakdance-image-container\">\n\t\t<div class=\"breakdance-image-clip\"><img decoding=\"async\" class=\"breakdance-image-object\" src=\"https:\/\/e8bye5cxwsg.exactdn.com\/equilibrionatural\/wp-content\/uploads\/2024\/06\/arrow-down-white.webp?strip=all&lossy=1&resize=7%2C61&ssl=1\" width=\"7\" height=\"61\" sizes=\"(max-width: 7px) 100vw, 7px\"><\/div>\n\t<\/div><\/figure>\n\n<\/div><div class=\"bde-image-633-125 bde-image logo-light\">\n<figure class=\"breakdance-image breakdance-image--715\">\n\t<div class=\"breakdance-image-container\">\n\t\t<div class=\"breakdance-image-clip\"><img decoding=\"async\" class=\"breakdance-image-object\" src=\"https:\/\/e8bye5cxwsg.exactdn.com\/equilibrionatural\/wp-content\/uploads\/2024\/06\/arrow-down-black-white.webp?strip=all&lossy=1&resize=7%2C61&ssl=1\" width=\"7\" height=\"61\" sizes=\"(max-width: 7px) 100vw, 7px\"><\/div>\n\t<\/div><\/figure>\n\n<\/div>\n<\/div><\/div>\n<\/section><section class=\"bde-section-633-105 bde-section\">\n  \n  \n\t\n\n\n\n<div class=\"section-container\"><h2 class=\"bde-heading-633-106 bde-heading\">\n\u00bfListo Para Reservar Una Consulta?<br>Contacte Hoy Para Recibir Lo Mejor\n<\/h2><div class=\"bde-div-633-107 bde-div\">\n  \n  \n\t\n\n\n\n<div class=\"bde-div-633-108 bde-div\">\n  \n  \n\t\n\n\n\n<h3 class=\"bde-heading-633-109 bde-heading\">\ndi hola\n<\/h3><div class=\"bde-text-633-110 bde-text\">\n+34 123 456 789\n<\/div>\n<\/div><div class=\"bde-div-633-111 bde-div\">\n  \n  \n\t\n\n\n\n<h3 class=\"bde-heading-633-112 bde-heading\">\nEnv\u00edanos un email\n<\/h3><div class=\"bde-text-633-113 bde-text\">\nejemplo@equilibrionatural.com\n<\/div>\n<\/div><div class=\"bde-div-633-114 bde-div\">\n  \n  \n\t\n\n\n\n<h3 class=\"bde-heading-633-115 bde-heading\">\nDirecci\u00f3n\n<\/h3><div class=\"bde-text-633-116 bde-text\">\nAvda. Principal, 1, Yaiza, Lanzarote\n<\/div>\n<\/div>\n<\/div><h2 class=\"bde-heading-633-117 bde-heading\">\nReserva tu terapia\n<\/h2><div class=\"bde-form-builder-633-118 bde-form-builder\">\n\n\n<form id=\"contact-form118\" class=\"breakdance-form breakdance-form--vertical has-breakpoints\" data-options=\"{&quot;slug&quot;:&quot;custom&quot;,&quot;name&quot;:&quot;Contact Form&quot;,&quot;ajaxUrl&quot;:&quot;https:\\\/\\\/demo.psicoweb.co\\\/equilibrionatural\\\/wp-admin\\\/admin-ajax.php&quot;,&quot;clearOnSuccess&quot;:true,&quot;hideOnSuccess&quot;:false,&quot;successMessage&quot;:&quot;Su solicitud ha sido enviada&quot;,&quot;errorMessage&quot;:&quot;Algo ha salido mal&quot;,&quot;redirect&quot;:false,&quot;redirectUrl&quot;:&quot;&quot;,&quot;customJavaScript&quot;:&quot;&quot;,&quot;recaptcha&quot;:{&quot;key&quot;:&quot;&quot;,&quot;enabled&quot;:false},&quot;honeypot_enabled&quot;:false,&quot;popupsOnSuccess&quot;:[],&quot;popupsOnError&quot;:[]}\" data-steps=\"0\" >\n  \n  \n  \n<div class=\"breakdance-form-field breakdance-form-field--text\" >\n    \n    \n            <label class=\"breakdance-form-field__label\" for=\"name\">\n            Nombre<span class=\"breakdance-form-field__required\">*<\/span>\n        <\/label>\n    \n    <input\n    class=\"breakdance-form-field__input\"\n    id=\"name\"\n    aria-describedby=\"name\"\n    type=\"text\"\n    name=\"fields[name]\"\n    placeholder=\"Nombre\"\n    value=\"\"\n                \n        \n        \n    required\n    \n    \n>\n\n\n    \n    \n<\/div>\n\n\n<div class=\"breakdance-form-field breakdance-form-field--text\" >\n    \n    \n            <label class=\"breakdance-form-field__label\" for=\"hqfmto\">\n            Apellidos\n        <\/label>\n    \n    <input\n    class=\"breakdance-form-field__input\"\n    id=\"hqfmto\"\n    aria-describedby=\"hqfmto\"\n    type=\"text\"\n    name=\"fields[hqfmto]\"\n    placeholder=\"Apellidos\"\n    value=\"\"\n                \n        \n        \n    \n    \n    \n>\n\n\n    \n    \n<\/div>\n\n\n<div class=\"breakdance-form-field breakdance-form-field--email\" >\n    \n    \n            <label class=\"breakdance-form-field__label\" for=\"email\">\n            Email<span class=\"breakdance-form-field__required\">*<\/span>\n        <\/label>\n    \n    <input\n    class=\"breakdance-form-field__input\"\n    id=\"email\"\n    aria-describedby=\"email\"\n    type=\"email\"\n    name=\"fields[email]\"\n    placeholder=\"Direcci\u00f3n de Email\"\n    value=\"\"\n                \n        \n        \n    required\n    \n    \n>\n\n\n    \n    \n<\/div>\n\n\n<div class=\"breakdance-form-field breakdance-form-field--tel\" >\n    \n    \n            <label class=\"breakdance-form-field__label\" for=\"bapknk\">\n            N\u00famero de Tel\u00e9fono\n        <\/label>\n    \n    <input\n    class=\"breakdance-form-field__input\"\n    id=\"bapknk\"\n    aria-describedby=\"bapknk\"\n    type=\"tel\"\n    name=\"fields[bapknk]\"\n    placeholder=\"N\u00famero de Tel\u00e9fono\"\n    value=\"\"\n                \n        \n        \n    \n    \n    \n>\n\n\n    \n    \n<\/div>\n\n\n<div class=\"breakdance-form-field breakdance-form-field--select\" >\n    \n    \n            <label class=\"breakdance-form-field__label\" for=\"qifwpy\">\n            Selecci\u00f3n Terapia<span class=\"breakdance-form-field__required\">*<\/span>\n        <\/label>\n    \n    <select\n    class=\"breakdance-form-field__input\"\n    id=\"qifwpy\"\n    name=\"fields[qifwpy]\"\n    required\n    \n        >\n      <option value=\"\">Seleccione la Terapia Deseada<\/option>\n          <option value=\"Acupuntura\" >Acupuntura<\/option>\n        <option value=\"Quiromasaje\" >Quiromasaje<\/option>\n        <option value=\"Nutrici\u00f3n Ayurveda\" >Nutrici\u00f3n Ayurveda<\/option>\n        <option value=\"Magnetoterapia\" >Magnetoterapia<\/option>\n        <option value=\"Naturopat\u00eda\" >Naturopat\u00eda<\/option>\n        <option value=\"Medicina Tradicional China\" >Medicina Tradicional China<\/option>\n        <option value=\"Arteterapia\" >Arteterapia<\/option>\n        <option value=\"Osteopat\u00eda\" >Osteopat\u00eda<\/option>\n        <option value=\"Fisioterapia\" >Fisioterapia<\/option>\n  <\/select>\n\n\n    \n    \n<\/div>\n\n\n<div class=\"breakdance-form-field breakdance-form-field--textarea\" >\n    \n    \n            <label class=\"breakdance-form-field__label\" for=\"message\">\n            Mensaje\n        <\/label>\n    \n    <textarea\n    class=\"breakdance-form-field__input\"\n    id=\"message\"\n    aria-describedby=\"message\"\n    type=\"textarea\"\n    name=\"fields[message]\"\n        placeholder=\"Escriba un mensaje\"\n    \n    >\n<\/textarea>\n\n\n    \n    \n<\/div>\n\n\n  \n\n<div class=\"breakdance-form-field breakdance-form-footer\">\n    \n    \n                                    \n    \n    \n    \n    \n            \n            <button type=\"submit\" class=\"button-atom button-atom--primary breakdance-form-button breakdance-form-button__submit\"  >\n    \n        <span class=\"button-atom__text\">Solicitar Cita<\/span>\n\n        \n        \n            <\/button>\n    \n    <input type=\"hidden\" name=\"form_id\" value=\"118\">\n    <input type=\"hidden\" name=\"post_id\" value=\"633\">\n<\/div>\n\n  \n<\/form>\n\n\n\n<\/div><div class=\"bde-google-map-633-119 bde-google-map\">\n\r\n<iframe width=\"100%\" height=\"100%\" style=\"border:0\" loading=\"lazy\" title=\"Map\" src=\"https:\/\/maps.google.com\/maps?q=Playa+blanca%2C+Lanzarote&t=m&z=12&output=embed&iwloc=near\" allowfullscreen><\/iframe>\n\n<\/div><div class=\"bde-div-633-120 bde-div\">\n  \n  \n\t\n\n\n\n<div class=\"bde-text-633-121 bde-text\">\nnuestros art\u00edculos\n<\/div><h2 class=\"bde-heading-633-122 bde-heading\">\nNoticias & art\u00edculos\n<\/h2>\n<\/div><div class=\"bde-post-loop-633-124 bde-post-loop\">\n<div class=\"ee-posts ee-posts-grid\">    <article class=\"ee-post\">\n    <a class=\"bde-container-link-641-100-1231-641-1 bde-container-link bde-container-link-641-100 breakdance-link\" href=\"https:\/\/demo.psicoweb.co\/equilibrionatural\/magnetoterapia-un-enfoque-no-invasivo-para-el-manejo-del-dolor\/\" target=\"_self\" data-type=\"url\">\n  \n  \n\t\n\n\n\n<h3 class=\"bde-heading-641-101-1231-641-1 bde-heading bde-heading-641-101\">\nMagnetoterapia: Un Enfoque No Invasivo para el Manejo del Dolor\n<\/h3><ul class=\"bde-post-meta-641-102-1231-641-1 bde-post-meta bde-post-meta-641-102\">\n<li class=\"ee-postmeta-terms-wrap\"><span class=\"ee-postmeta-term\">Magnetoterapia<\/span><\/li>\n<\/ul><div class=\"bde-image-641-103-1231-641-1 bde-image bde-image-641-103\">\n\n<figure class=\"breakdance-image breakdance-image--1270\">\n\t<div class=\"breakdance-image-container\">\n\t\t<div class=\"breakdance-image-clip\"><img decoding=\"async\" class=\"breakdance-image-object\" src=\"https:\/\/e8bye5cxwsg.exactdn.com\/equilibrionatural\/wp-content\/uploads\/2024\/06\/magnetoterapia-art1.jpg?strip=all&lossy=1&ssl=1\" width=\"1920\" height=\"1256\" srcset=\"https:\/\/e8bye5cxwsg.exactdn.com\/equilibrionatural\/wp-content\/uploads\/2024\/06\/magnetoterapia-art1.jpg?strip=all&lossy=1&ssl=1 1920w, https:\/\/e8bye5cxwsg.exactdn.com\/equilibrionatural\/wp-content\/uploads\/2024\/06\/magnetoterapia-art1-300x196.jpg?strip=all&lossy=1&ssl=1 300w, https:\/\/e8bye5cxwsg.exactdn.com\/equilibrionatural\/wp-content\/uploads\/2024\/06\/magnetoterapia-art1-1024x670.jpg?strip=all&lossy=1&ssl=1 1024w, https:\/\/e8bye5cxwsg.exactdn.com\/equilibrionatural\/wp-content\/uploads\/2024\/06\/magnetoterapia-art1-768x502.jpg?strip=all&lossy=1&ssl=1 768w, https:\/\/e8bye5cxwsg.exactdn.com\/equilibrionatural\/wp-content\/uploads\/2024\/06\/magnetoterapia-art1-1536x1005.jpg?strip=all&lossy=1&ssl=1 1536w, https:\/\/e8bye5cxwsg.exactdn.com\/equilibrionatural\/wp-content\/uploads\/2024\/06\/magnetoterapia-art1.jpg?strip=all&lossy=1&w=384&ssl=1 384w, https:\/\/e8bye5cxwsg.exactdn.com\/equilibrionatural\/wp-content\/uploads\/2024\/06\/magnetoterapia-art1.jpg?strip=all&lossy=1&w=1152&ssl=1 1152w\" sizes=\"(max-width: 1920px) 100vw, 1920px\"><\/div>\n\t<\/div><\/figure>\n\n\n<\/div>\n\n<\/a>    <\/article>\n        <article class=\"ee-post\">\n    <a class=\"bde-container-link-641-100-1196-641-1 bde-container-link bde-container-link-641-100 breakdance-link\" href=\"https:\/\/demo.psicoweb.co\/equilibrionatural\/quiromasaje-el-arte-de-sanar-a-traves-del-tacto\/\" target=\"_self\" data-type=\"url\">\n  \n  \n\t\n\n\n\n<h3 class=\"bde-heading-641-101-1196-641-1 bde-heading bde-heading-641-101\">\nQuiromasaje: El Arte de Sanar a trav\u00e9s del Tacto\n<\/h3><ul class=\"bde-post-meta-641-102-1196-641-1 bde-post-meta bde-post-meta-641-102\">\n<li class=\"ee-postmeta-terms-wrap\"><span class=\"ee-postmeta-term\">Quiromasaje<\/span><\/li>\n<\/ul><div class=\"bde-image-641-103-1196-641-1 bde-image bde-image-641-103\">\n\n<figure class=\"breakdance-image breakdance-image--1278\">\n\t<div class=\"breakdance-image-container\">\n\t\t<div class=\"breakdance-image-clip\"><img decoding=\"async\" class=\"breakdance-image-object\" src=\"https:\/\/e8bye5cxwsg.exactdn.com\/equilibrionatural\/wp-content\/uploads\/2024\/06\/quiromasaje-art2.jpg?strip=all&lossy=1&ssl=1\" width=\"1280\" height=\"853\" srcset=\"https:\/\/e8bye5cxwsg.exactdn.com\/equilibrionatural\/wp-content\/uploads\/2024\/06\/quiromasaje-art2.jpg?strip=all&lossy=1&ssl=1 1280w, https:\/\/e8bye5cxwsg.exactdn.com\/equilibrionatural\/wp-content\/uploads\/2024\/06\/quiromasaje-art2-300x200.jpg?strip=all&lossy=1&ssl=1 300w, https:\/\/e8bye5cxwsg.exactdn.com\/equilibrionatural\/wp-content\/uploads\/2024\/06\/quiromasaje-art2-1024x682.jpg?strip=all&lossy=1&ssl=1 1024w, https:\/\/e8bye5cxwsg.exactdn.com\/equilibrionatural\/wp-content\/uploads\/2024\/06\/quiromasaje-art2-768x512.jpg?strip=all&lossy=1&ssl=1 768w, https:\/\/e8bye5cxwsg.exactdn.com\/equilibrionatural\/wp-content\/uploads\/2024\/06\/quiromasaje-art2.jpg?strip=all&lossy=1&w=512&ssl=1 512w\" sizes=\"(max-width: 1280px) 100vw, 1280px\"><\/div>\n\t<\/div><\/figure>\n\n\n<\/div>\n\n<\/a>    <\/article>\n        <article class=\"ee-post\">\n    <a class=\"bde-container-link-641-100-1189-641-1 bde-container-link bde-container-link-641-100 breakdance-link\" href=\"https:\/\/demo.psicoweb.co\/equilibrionatural\/el-rol-esencial-de-la-fisioterapia-en-la-rehabilitacion-fisica\/\" target=\"_self\" data-type=\"url\">\n  \n  \n\t\n\n\n\n<h3 class=\"bde-heading-641-101-1189-641-1 bde-heading bde-heading-641-101\">\nEl Rol Esencial de la Fisioterapia en la Rehabilitaci\u00f3n F\u00edsica\n<\/h3><ul class=\"bde-post-meta-641-102-1189-641-1 bde-post-meta bde-post-meta-641-102\">\n<li class=\"ee-postmeta-terms-wrap\"><span class=\"ee-postmeta-term\">Fisioterapia<\/span><\/li>\n<\/ul><div class=\"bde-image-641-103-1189-641-1 bde-image bde-image-641-103\">\n\n<figure class=\"breakdance-image breakdance-image--1284\">\n\t<div class=\"breakdance-image-container\">\n\t\t<div class=\"breakdance-image-clip\"><img decoding=\"async\" class=\"breakdance-image-object\" src=\"https:\/\/e8bye5cxwsg.exactdn.com\/equilibrionatural\/wp-content\/uploads\/2024\/06\/fisioterapia-art1.jpg?strip=all&lossy=1&ssl=1\" width=\"1920\" height=\"1280\" srcset=\"https:\/\/e8bye5cxwsg.exactdn.com\/equilibrionatural\/wp-content\/uploads\/2024\/06\/fisioterapia-art1.jpg?strip=all&lossy=1&ssl=1 1920w, https:\/\/e8bye5cxwsg.exactdn.com\/equilibrionatural\/wp-content\/uploads\/2024\/06\/fisioterapia-art1-300x200.jpg?strip=all&lossy=1&ssl=1 300w, https:\/\/e8bye5cxwsg.exactdn.com\/equilibrionatural\/wp-content\/uploads\/2024\/06\/fisioterapia-art1-1024x683.jpg?strip=all&lossy=1&ssl=1 1024w, https:\/\/e8bye5cxwsg.exactdn.com\/equilibrionatural\/wp-content\/uploads\/2024\/06\/fisioterapia-art1-768x512.jpg?strip=all&lossy=1&ssl=1 768w, https:\/\/e8bye5cxwsg.exactdn.com\/equilibrionatural\/wp-content\/uploads\/2024\/06\/fisioterapia-art1-1536x1024.jpg?strip=all&lossy=1&ssl=1 1536w, https:\/\/e8bye5cxwsg.exactdn.com\/equilibrionatural\/wp-content\/uploads\/2024\/06\/fisioterapia-art1.jpg?strip=all&lossy=1&w=384&ssl=1 384w, https:\/\/e8bye5cxwsg.exactdn.com\/equilibrionatural\/wp-content\/uploads\/2024\/06\/fisioterapia-art1.jpg?strip=all&lossy=1&w=1152&ssl=1 1152w\" sizes=\"(max-width: 1920px) 100vw, 1920px\"><\/div>\n\t<\/div><\/figure>\n\n\n<\/div>\n\n<\/a>    <\/article>\n    <\/div>\n\n<\/div><\/div>\n<\/section>","protected":false},"excerpt":{"rendered":"<p>contacto Bajar \u00bfListo Para Reservar Una Consulta?Contacte Hoy Para Recibir Lo Mejor di hola +34 123 456 789 Env\u00edanos un email ejemplo@equilibrionatural.com Direcci\u00f3n Avda. Principal, 1, Yaiza, Lanzarote Reserva tu terapia Nombre* Apellidos Email* N\u00famero de Tel\u00e9fono Selecci\u00f3n Terapia* Seleccione la Terapia Deseada Acupuntura Quiromasaje Nutrici\u00f3n Ayurveda Magnetoterapia Naturopat\u00eda Medicina Tradicional China Arteterapia Osteopat\u00eda Fisioterapia [&hellip;]<\/p>\n","protected":false},"author":1,"featured_media":0,"parent":0,"menu_order":0,"comment_status":"closed","ping_status":"closed","template":"","meta":{"_breakdance_hide_in_design_set":false,"_breakdance_tags":"","footnotes":""},"class_list":["post-633","page","type-page","status-publish","hentry"],"acpt":{"meta":[]},"_links":{"self":[{"href":"https:\/\/demo.psicoweb.co\/equilibrionatural\/wp-json\/wp\/v2\/pages\/633","targetHints":{"allow":["GET"]}}],"collection":[{"href":"https:\/\/demo.psicoweb.co\/equilibrionatural\/wp-json\/wp\/v2\/pages"}],"about":[{"href":"https:\/\/demo.psicoweb.co\/equilibrionatural\/wp-json\/wp\/v2\/types\/page"}],"author":[{"embeddable":true,"href":"https:\/\/demo.psicoweb.co\/equilibrionatural\/wp-json\/wp\/v2\/users\/1"}],"replies":[{"embeddable":true,"href":"https:\/\/demo.psicoweb.co\/equilibrionatural\/wp-json\/wp\/v2\/comments?post=633"}],"version-history":[{"count":0,"href":"https:\/\/demo.psicoweb.co\/equilibrionatural\/wp-json\/wp\/v2\/pages\/633\/revisions"}],"wp:attachment":[{"href":"https:\/\/demo.psicoweb.co\/equilibrionatural\/wp-json\/wp\/v2\/media?parent=633"}],"curies":[{"name":"wp","href":"https:\/\/api.w.org\/{rel}","templated":true}]}}