{"id":644,"date":"2024-06-01T14:08:41","date_gmt":"2024-06-01T13:08:41","guid":{"rendered":"https:\/\/demo.psicoweb.co\/equilibrionatural\/our-story\/"},"modified":"2024-06-27T13:55:38","modified_gmt":"2024-06-27T12:55:38","slug":"sobre-nosotros","status":"publish","type":"page","link":"https:\/\/demo.psicoweb.co\/equilibrionatural\/sobre-nosotros\/","title":{"rendered":"Sobre Nosotros"},"content":{"rendered":"<section class=\"bde-section-644-100 bde-section\">\n              \n  \n  \n\t\n\n  <div class=\"section-background-overlay\"><\/div>\n\n\n<div class=\"section-container\"><h1 class=\"bde-heading-644-101 bde-heading\">\nSobre nosotros\n<\/h1><div class=\"bde-div-644-103 bde-div\">\n  \n  \n\t\n\n\n\n<div class=\"bde-text-644-104 bde-text\">\nBajar\n<\/div><div class=\"bde-image-644-105 bde-image logo-light\">\n<figure class=\"breakdance-image breakdance-image--715\">\n\t<div class=\"breakdance-image-container\">\n\t\t<div class=\"breakdance-image-clip\"><img decoding=\"async\" class=\"breakdance-image-object\" src=\"https:\/\/e8bye5cxwsg.exactdn.com\/equilibrionatural\/wp-content\/uploads\/2024\/06\/arrow-down-black-white.webp?strip=all&lossy=1&resize=7%2C61&ssl=1\" width=\"7\" height=\"61\" sizes=\"(max-width: 7px) 100vw, 7px\"><\/div>\n\t<\/div><\/figure>\n\n<\/div><div class=\"bde-image-644-151 bde-image logo-dark\">\n<figure class=\"breakdance-image breakdance-image--719\">\n\t<div class=\"breakdance-image-container\">\n\t\t<div class=\"breakdance-image-clip\"><img decoding=\"async\" class=\"breakdance-image-object\" src=\"https:\/\/e8bye5cxwsg.exactdn.com\/equilibrionatural\/wp-content\/uploads\/2024\/06\/arrow-down-white.webp?strip=all&lossy=1&resize=7%2C61&ssl=1\" width=\"7\" height=\"61\" sizes=\"(max-width: 7px) 100vw, 7px\"><\/div>\n\t<\/div><\/figure>\n\n<\/div>\n<\/div><\/div>\n<\/section><section class=\"bde-section-644-106 bde-section\">\n  \n  \n\t\n\n\n\n<div class=\"section-container\"><h2 class=\"bde-heading-644-107 bde-heading\">\nNuestro Centro naci\u00f3 de una peque\u00f1a idea en una peque\u00f1a isla\n<\/h2><div class=\"bde-text-644-108 bde-text\">\nPoco a poco fuimos creciendo sin darnos cuenta hasta ser lo que somos hoy. Nuestro secreto ha sido amar lo que hacemos y volcarnos con total entrega a las personas a las que tenemos la fortuna de ayudar.\n<\/div><div class=\"bde-columns-644-109 bde-columns\"><div class=\"bde-column-644-110 bde-column\">\n  \n  \n\t\n\n\n\n<div class=\"bde-text-644-111 bde-text\">\nNuestra Historia\n<\/div><h2 class=\"bde-heading-644-112 bde-heading\">\nUn sue\u00f1o hecho realidad\n<\/h2><div class=\"bde-text-644-119 bde-text\">\nNuestro Centro de Terapias Alternativas de Lanzarote nace en Yaiza, en el sur de la isla, un lugar donde la serenidad del paisaje volc\u00e1nico se fusiona con la brisa marina para crear un entorno ideal para la sanaci\u00f3n y el bienestar. <br><br>Rodeado de impresionantes vistas al Parque Nacional de Timanfaya y las cristalinas aguas del Atl\u00e1ntico, nuestro centro ofrece una variedad de terapias hol\u00edsticas que buscan equilibrar cuerpo, mente y esp\u00edritu. Aqu\u00ed, cada visitante encuentra un refugio donde puede desconectar del estr\u00e9s cotidiano y reconectar con su esencia m\u00e1s profunda, guiado por profesionales comprometidos con el arte de la curaci\u00f3n natural.\n<\/div>\n<\/div><div class=\"bde-column-644-117 bde-column\">\n  \n  \n\t\n\n\n\n<div class=\"bde-image-644-118 bde-image\">\n<figure class=\"breakdance-image breakdance-image--946\">\n\t<div class=\"breakdance-image-container\">\n\t\t<div class=\"breakdance-image-clip\"><img decoding=\"async\" class=\"breakdance-image-object\" src=\"https:\/\/e8bye5cxwsg.exactdn.com\/equilibrionatural\/wp-content\/uploads\/2024\/06\/Timanfaya-grupo-noche-04.jpg?strip=all&lossy=1&ssl=1\" width=\"1024\" height=\"683\" srcset=\"https:\/\/e8bye5cxwsg.exactdn.com\/equilibrionatural\/wp-content\/uploads\/2024\/06\/Timanfaya-grupo-noche-04.jpg?strip=all&lossy=1&ssl=1 1024w, https:\/\/demo.psicoweb.co\/equilibrionatural\/wp-content\/uploads\/2024\/06\/Timanfaya-grupo-noche-04-300x200.jpg 300w, https:\/\/demo.psicoweb.co\/equilibrionatural\/wp-content\/uploads\/2024\/06\/Timanfaya-grupo-noche-04-768x512.jpg 768w\" sizes=\"(max-width: 1024px) 100vw, 1024px\"><\/div>\n\t<\/div><\/figure>\n\n<\/div>\n<\/div><\/div><\/div>\n<\/section><section class=\"bde-section-644-120 bde-section\">\n  \n  \n\t\n\n\n\n<div class=\"section-container\"><div class=\"bde-video-644-121 bde-video\">\n<div class=\"ee-video-container\">\n                                                                        \n                <lite-youtube\n                        videoid=\"IgQjI7yLg2g\"\n                                                style=\"background-image: url(https:\/\/i.ytimg.com\/vi\/IgQjI7yLg2g\/maxresdefault.jpg); \"\n                        class=\"ee-video\"\n                        title=\"\"\n                        params=\"controls=0&playsinline=0&modestbranding=1&rel=0&enablejsapi=1\"\n                >\n                <\/lite-youtube>\n                    \n        \n            \n    <\/div>\n\n<\/div><\/div>\n<\/section><section class=\"bde-section-644-122 bde-section\">\n  \n  \n\t\n\n\n\n<div class=\"section-container\"><div class=\"bde-div-644-123 bde-div\">\n  \n  \n\t\n\n\n\n<div class=\"bde-text-644-124 bde-text\">\nMiembros fundadores\n<\/div><h2 class=\"bde-heading-644-125 bde-heading\">\nNuestro equipo de direcci\u00f3n\n<\/h2>\n<\/div><div class=\"bde-div-644-126 bde-div\">\n  \n  \n\t\n\n\n\n<div class=\"bde-div-644-127 bde-div\">\n  \n  \n\t\n\n\n\n<div class=\"bde-image-644-128 bde-image\">\n<figure class=\"breakdance-image breakdance-image--928\">\n\t<div class=\"breakdance-image-container\">\n\t\t<div class=\"breakdance-image-clip\"><img decoding=\"async\" class=\"breakdance-image-object\" src=\"https:\/\/e8bye5cxwsg.exactdn.com\/equilibrionatural\/wp-content\/uploads\/2024\/06\/terapeuta-2-e1717615899846.jpg?strip=all&lossy=1&ssl=1\" width=\"640\" height=\"960\" srcset=\"https:\/\/e8bye5cxwsg.exactdn.com\/equilibrionatural\/wp-content\/uploads\/2024\/06\/terapeuta-2-e1717615899846.jpg?strip=all&lossy=1&ssl=1 640w, https:\/\/demo.psicoweb.co\/equilibrionatural\/wp-content\/uploads\/2024\/06\/terapeuta-2-e1717615899846-200x300.jpg 200w\" sizes=\"(max-width: 640px) 100vw, 640px\"><\/div>\n\t<\/div><\/figure>\n\n<\/div><h3 class=\"bde-heading-644-129 bde-heading\">\nCarmen Paz\n<\/h3><div class=\"bde-text-644-130 bde-text\">\nDirecci\u00f3n General\n<\/div>\n<\/div><div class=\"bde-div-644-131 bde-div\">\n  \n  \n\t\n\n\n\n<div class=\"bde-image-644-132 bde-image\">\n<figure class=\"breakdance-image breakdance-image--938\">\n\t<div class=\"breakdance-image-container\">\n\t\t<div class=\"breakdance-image-clip\"><img decoding=\"async\" class=\"breakdance-image-object\" src=\"https:\/\/e8bye5cxwsg.exactdn.com\/equilibrionatural\/wp-content\/uploads\/2024\/06\/terapeuta-8.jpg?strip=all&lossy=1&ssl=1\" width=\"640\" height=\"960\" srcset=\"https:\/\/e8bye5cxwsg.exactdn.com\/equilibrionatural\/wp-content\/uploads\/2024\/06\/terapeuta-8.jpg?strip=all&lossy=1&ssl=1 640w, https:\/\/demo.psicoweb.co\/equilibrionatural\/wp-content\/uploads\/2024\/06\/terapeuta-8-200x300.jpg 200w\" sizes=\"(max-width: 640px) 100vw, 640px\"><\/div>\n\t<\/div><\/figure>\n\n<\/div><h3 class=\"bde-heading-644-133 bde-heading\">\nPriya Rani\n<\/h3><div class=\"bde-text-644-134 bde-text\">\nDirecci\u00f3n Ayurveda\n<\/div>\n<\/div><div class=\"bde-div-644-135 bde-div\">\n  \n  \n\t\n\n\n\n<div class=\"bde-image-644-136 bde-image\">\n<figure class=\"breakdance-image breakdance-image--935\">\n\t<div class=\"breakdance-image-container\">\n\t\t<div class=\"breakdance-image-clip\"><img decoding=\"async\" class=\"breakdance-image-object\" src=\"https:\/\/e8bye5cxwsg.exactdn.com\/equilibrionatural\/wp-content\/uploads\/2024\/06\/terapeuta-6.jpg?strip=all&lossy=1&ssl=1\" width=\"640\" height=\"960\" srcset=\"https:\/\/e8bye5cxwsg.exactdn.com\/equilibrionatural\/wp-content\/uploads\/2024\/06\/terapeuta-6.jpg?strip=all&lossy=1&ssl=1 640w, https:\/\/demo.psicoweb.co\/equilibrionatural\/wp-content\/uploads\/2024\/06\/terapeuta-6-200x300.jpg 200w\" sizes=\"(max-width: 640px) 100vw, 640px\"><\/div>\n\t<\/div><\/figure>\n\n<\/div><h3 class=\"bde-heading-644-137 bde-heading\">\nLi Wei Ting\n<\/h3><div class=\"bde-text-644-138 bde-text\">\nMedicina Tradicional China\n<\/div>\n<\/div>\n<\/div><div class=\"bde-div-644-142 bde-div\">\n  \n  \n\t\n\n\n\n<div class=\"bde-text-644-143 bde-text\">\nNUESTOS ART\u00cdCULOS\n<\/div><h2 class=\"bde-heading-644-144 bde-heading\">\nNoticias & art\u00edculos\n<\/h2>\n<\/div><div class=\"bde-post-loop-644-150 bde-post-loop\">\n<div class=\"ee-posts ee-posts-grid\">    <article class=\"ee-post\">\n    <a class=\"bde-container-link-641-100-1231-641-1 bde-container-link bde-container-link-641-100 breakdance-link\" href=\"https:\/\/demo.psicoweb.co\/equilibrionatural\/magnetoterapia-un-enfoque-no-invasivo-para-el-manejo-del-dolor\/\" target=\"_self\" data-type=\"url\">\n  \n  \n\t\n\n\n\n<h3 class=\"bde-heading-641-101-1231-641-1 bde-heading bde-heading-641-101\">\nMagnetoterapia: Un Enfoque No Invasivo para el Manejo del Dolor\n<\/h3><ul class=\"bde-post-meta-641-102-1231-641-1 bde-post-meta bde-post-meta-641-102\">\n<li class=\"ee-postmeta-terms-wrap\"><span class=\"ee-postmeta-term\">Magnetoterapia<\/span><\/li>\n<\/ul><div class=\"bde-image-641-103-1231-641-1 bde-image bde-image-641-103\">\n\n<figure class=\"breakdance-image breakdance-image--1270\">\n\t<div class=\"breakdance-image-container\">\n\t\t<div class=\"breakdance-image-clip\"><img decoding=\"async\" class=\"breakdance-image-object\" src=\"https:\/\/e8bye5cxwsg.exactdn.com\/equilibrionatural\/wp-content\/uploads\/2024\/06\/magnetoterapia-art1.jpg?strip=all&lossy=1&ssl=1\" width=\"1920\" height=\"1256\" srcset=\"https:\/\/e8bye5cxwsg.exactdn.com\/equilibrionatural\/wp-content\/uploads\/2024\/06\/magnetoterapia-art1.jpg?strip=all&lossy=1&ssl=1 1920w, https:\/\/e8bye5cxwsg.exactdn.com\/equilibrionatural\/wp-content\/uploads\/2024\/06\/magnetoterapia-art1-300x196.jpg?strip=all&lossy=1&ssl=1 300w, https:\/\/e8bye5cxwsg.exactdn.com\/equilibrionatural\/wp-content\/uploads\/2024\/06\/magnetoterapia-art1-1024x670.jpg?strip=all&lossy=1&ssl=1 1024w, https:\/\/e8bye5cxwsg.exactdn.com\/equilibrionatural\/wp-content\/uploads\/2024\/06\/magnetoterapia-art1-768x502.jpg?strip=all&lossy=1&ssl=1 768w, https:\/\/e8bye5cxwsg.exactdn.com\/equilibrionatural\/wp-content\/uploads\/2024\/06\/magnetoterapia-art1-1536x1005.jpg?strip=all&lossy=1&ssl=1 1536w, https:\/\/e8bye5cxwsg.exactdn.com\/equilibrionatural\/wp-content\/uploads\/2024\/06\/magnetoterapia-art1.jpg?strip=all&lossy=1&w=384&ssl=1 384w, https:\/\/e8bye5cxwsg.exactdn.com\/equilibrionatural\/wp-content\/uploads\/2024\/06\/magnetoterapia-art1.jpg?strip=all&lossy=1&w=1152&ssl=1 1152w\" sizes=\"(max-width: 1920px) 100vw, 1920px\"><\/div>\n\t<\/div><\/figure>\n\n\n<\/div>\n\n<\/a>    <\/article>\n        <article class=\"ee-post\">\n    <a class=\"bde-container-link-641-100-1228-641-1 bde-container-link bde-container-link-641-100 breakdance-link\" href=\"https:\/\/demo.psicoweb.co\/equilibrionatural\/la-ciencia-de-la-vida-un-vistazo-a-la-nutricion-ayurveda\/\" target=\"_self\" data-type=\"url\">\n  \n  \n\t\n\n\n\n<h3 class=\"bde-heading-641-101-1228-641-1 bde-heading bde-heading-641-101\">\nLa Ciencia de la Vida: Un Vistazo a la Nutrici\u00f3n Ayurveda\n<\/h3><ul class=\"bde-post-meta-641-102-1228-641-1 bde-post-meta bde-post-meta-641-102\">\n<li class=\"ee-postmeta-terms-wrap\"><span class=\"ee-postmeta-term\">Nutrici\u00f3n Ayurveda<\/span><\/li>\n<\/ul><div class=\"bde-image-641-103-1228-641-1 bde-image bde-image-641-103\">\n\n<figure class=\"breakdance-image breakdance-image--1273\">\n\t<div class=\"breakdance-image-container\">\n\t\t<div class=\"breakdance-image-clip\"><img decoding=\"async\" class=\"breakdance-image-object\" src=\"https:\/\/e8bye5cxwsg.exactdn.com\/equilibrionatural\/wp-content\/uploads\/2024\/06\/nutricion-ayurveda-art1.jpg?strip=all&lossy=1&ssl=1\" width=\"1280\" height=\"1920\" srcset=\"https:\/\/e8bye5cxwsg.exactdn.com\/equilibrionatural\/wp-content\/uploads\/2024\/06\/nutricion-ayurveda-art1.jpg?strip=all&lossy=1&ssl=1 1280w, https:\/\/e8bye5cxwsg.exactdn.com\/equilibrionatural\/wp-content\/uploads\/2024\/06\/nutricion-ayurveda-art1-200x300.jpg?strip=all&lossy=1&ssl=1 200w, https:\/\/e8bye5cxwsg.exactdn.com\/equilibrionatural\/wp-content\/uploads\/2024\/06\/nutricion-ayurveda-art1-683x1024.jpg?strip=all&lossy=1&ssl=1 683w, https:\/\/e8bye5cxwsg.exactdn.com\/equilibrionatural\/wp-content\/uploads\/2024\/06\/nutricion-ayurveda-art1-768x1152.jpg?strip=all&lossy=1&ssl=1 768w, https:\/\/e8bye5cxwsg.exactdn.com\/equilibrionatural\/wp-content\/uploads\/2024\/06\/nutricion-ayurveda-art1-1024x1536.jpg?strip=all&lossy=1&ssl=1 1024w, https:\/\/e8bye5cxwsg.exactdn.com\/equilibrionatural\/wp-content\/uploads\/2024\/06\/nutricion-ayurveda-art1.jpg?strip=all&lossy=1&w=256&ssl=1 256w, https:\/\/e8bye5cxwsg.exactdn.com\/equilibrionatural\/wp-content\/uploads\/2024\/06\/nutricion-ayurveda-art1.jpg?strip=all&lossy=1&w=512&ssl=1 512w\" sizes=\"(max-width: 1280px) 100vw, 1280px\"><\/div>\n\t<\/div><\/figure>\n\n\n<\/div>\n\n<\/a>    <\/article>\n        <article class=\"ee-post\">\n    <a class=\"bde-container-link-641-100-1238-641-1 bde-container-link bde-container-link-641-100 breakdance-link\" href=\"https:\/\/demo.psicoweb.co\/equilibrionatural\/el-equilibrio-del-yin-y-el-yang-en-la-medicina-tradicional-china\/\" target=\"_self\" data-type=\"url\">\n  \n  \n\t\n\n\n\n<h3 class=\"bde-heading-641-101-1238-641-1 bde-heading bde-heading-641-101\">\nEl Equilibrio del Yin y el Yang en la Medicina Tradicional China\n<\/h3><ul class=\"bde-post-meta-641-102-1238-641-1 bde-post-meta bde-post-meta-641-102\">\n<li class=\"ee-postmeta-terms-wrap\"><span class=\"ee-postmeta-term\">Medicina Tradicional China<\/span><\/li>\n<\/ul><div class=\"bde-image-641-103-1238-641-1 bde-image bde-image-641-103\">\n\n<figure class=\"breakdance-image breakdance-image--1267\">\n\t<div class=\"breakdance-image-container\">\n\t\t<div class=\"breakdance-image-clip\"><img decoding=\"async\" class=\"breakdance-image-object\" src=\"https:\/\/e8bye5cxwsg.exactdn.com\/equilibrionatural\/wp-content\/uploads\/2024\/06\/medicina-tradicional-china-art1.jpg?strip=all&lossy=1&ssl=1\" width=\"1920\" height=\"1280\" srcset=\"https:\/\/e8bye5cxwsg.exactdn.com\/equilibrionatural\/wp-content\/uploads\/2024\/06\/medicina-tradicional-china-art1.jpg?strip=all&lossy=1&ssl=1 1920w, https:\/\/e8bye5cxwsg.exactdn.com\/equilibrionatural\/wp-content\/uploads\/2024\/06\/medicina-tradicional-china-art1-300x200.jpg?strip=all&lossy=1&ssl=1 300w, https:\/\/e8bye5cxwsg.exactdn.com\/equilibrionatural\/wp-content\/uploads\/2024\/06\/medicina-tradicional-china-art1-1024x683.jpg?strip=all&lossy=1&ssl=1 1024w, https:\/\/e8bye5cxwsg.exactdn.com\/equilibrionatural\/wp-content\/uploads\/2024\/06\/medicina-tradicional-china-art1-768x512.jpg?strip=all&lossy=1&ssl=1 768w, https:\/\/e8bye5cxwsg.exactdn.com\/equilibrionatural\/wp-content\/uploads\/2024\/06\/medicina-tradicional-china-art1-1536x1024.jpg?strip=all&lossy=1&ssl=1 1536w, https:\/\/e8bye5cxwsg.exactdn.com\/equilibrionatural\/wp-content\/uploads\/2024\/06\/medicina-tradicional-china-art1.jpg?strip=all&lossy=1&w=384&ssl=1 384w, https:\/\/e8bye5cxwsg.exactdn.com\/equilibrionatural\/wp-content\/uploads\/2024\/06\/medicina-tradicional-china-art1.jpg?strip=all&lossy=1&w=1152&ssl=1 1152w\" sizes=\"(max-width: 1920px) 100vw, 1920px\"><\/div>\n\t<\/div><\/figure>\n\n\n<\/div>\n\n<\/a>    <\/article>\n    <\/div>\n\n<\/div><h2 class=\"bde-heading-644-146 bde-heading\">\n\u00bfListo Para Reservar Una Consulta?<br>Contacte Hoy Para Recibir Lo Mejor\n<\/h2><a class=\"bde-container-link-644-147 bde-container-link breakdance-link\" href=\"https:\/\/demo.psicoweb.co\/equilibrionatural\/contacto\/\" target=\"_self\" data-type=\"url\">\n  \n  \n\t\n\n\n\n<div class=\"bde-text-644-148 bde-text\">\nContacto\n<\/div><div class=\"bde-icon-644-149 bde-icon logo-light\">\n\n    \n            <div class=\"bde-icon-icon breakdance-icon-atom\" >\n    \n                    <svg xmlns=\"http:\/\/www.w3.org\/2000\/svg\" width=\"63\" height=\"16\" fill=\"none\" viewBox=\"0 0 63 16\"><path fill=\"#384140\" d=\"M62.707 8.707a1 1 0 0 0 0-1.414L56.343.929a1 1 0 1 0-1.414 1.414L60.586 8l-5.657 5.657a1 1 0 0 0 1.414 1.414l6.364-6.364ZM0 9h62V7H0v2Z\" opacity=\".88\"\/><\/svg>\n        \n        \n        \n            <\/div>\n    \n\n\n<\/div><div class=\"bde-icon-644-152 bde-icon logo-dark\">\n\n    \n            <div class=\"bde-icon-icon breakdance-icon-atom\" >\n    \n                    <svg xmlns=\"http:\/\/www.w3.org\/2000\/svg\" xmlns:xlink=\"http:\/\/www.w3.org\/1999\/xlink\" xmlns:serif=\"http:\/\/www.serif.com\/\" width=\"100%\" height=\"100%\" viewBox=\"0 0 63 16\" version=\"1.1\" xml:space=\"preserve\" style=\"fill-rule:evenodd;clip-rule:evenodd;stroke-linejoin:round;stroke-miterlimit:2;\">\r\n    <use xlink:href=\"#_Image1\" x=\"0\" y=\"0\" width=\"63px\" height=\"16px\" opacity=\"0.88\"\/>\r\n    <defs>\r\n        <image id=\"_Image1\" width=\"63px\" height=\"16px\" xlink:href=\"data:image\/png;base64,iVBORw0KGgoAAAANSUhEUgAAAD8AAAAQCAYAAAChpac8AAAACXBIWXMAAA7EAAAOxAGVKw4bAAAAsUlEQVRIieWVoRLCMBBEXzpYJF+BQUYxuf9muAiYZGpQ\/YpK8EFQRdPIiOvqFff29hJXSsGissYBEGD0Et41z9B3pK4S4AakrPFUM1iGH4EJOANaC8As\/FJ1oRGAWXgAL2GmEYBpeGgH4Ky+9v9agJVfABMgLt11H\/RrPc3XvqVd134Xm6+BewmzefgtcDD+1bXAwfDNZ41HILEBDrY3f6EBDnDoPlI\/PYAr8PISPjXDF9RrV3IhHjMTAAAAAElFTkSuQmCC\"\/>\r\n    <\/defs>\r\n<\/svg>\n        \n        \n        \n            <\/div>\n    \n\n\n<\/div>\n\n<\/a><\/div>\n<\/section>","protected":false},"excerpt":{"rendered":"<p>Sobre nosotros Bajar Nuestro Centro naci\u00f3 de una peque\u00f1a idea en una peque\u00f1a isla Poco a poco fuimos creciendo sin darnos cuenta hasta ser lo que somos hoy. Nuestro secreto ha sido amar lo que hacemos y volcarnos con total entrega a las personas a las que tenemos la fortuna de ayudar. Nuestra Historia Un [&hellip;]<\/p>\n","protected":false},"author":1,"featured_media":0,"parent":0,"menu_order":0,"comment_status":"closed","ping_status":"closed","template":"","meta":{"_breakdance_hide_in_design_set":false,"_breakdance_tags":"","footnotes":""},"class_list":["post-644","page","type-page","status-publish","hentry"],"acpt":{"meta":[]},"_links":{"self":[{"href":"https:\/\/demo.psicoweb.co\/equilibrionatural\/wp-json\/wp\/v2\/pages\/644","targetHints":{"allow":["GET"]}}],"collection":[{"href":"https:\/\/demo.psicoweb.co\/equilibrionatural\/wp-json\/wp\/v2\/pages"}],"about":[{"href":"https:\/\/demo.psicoweb.co\/equilibrionatural\/wp-json\/wp\/v2\/types\/page"}],"author":[{"embeddable":true,"href":"https:\/\/demo.psicoweb.co\/equilibrionatural\/wp-json\/wp\/v2\/users\/1"}],"replies":[{"embeddable":true,"href":"https:\/\/demo.psicoweb.co\/equilibrionatural\/wp-json\/wp\/v2\/comments?post=644"}],"version-history":[{"count":0,"href":"https:\/\/demo.psicoweb.co\/equilibrionatural\/wp-json\/wp\/v2\/pages\/644\/revisions"}],"wp:attachment":[{"href":"https:\/\/demo.psicoweb.co\/equilibrionatural\/wp-json\/wp\/v2\/media?parent=644"}],"curies":[{"name":"wp","href":"https:\/\/api.w.org\/{rel}","templated":true}]}}