{"id":633,"date":"2024-06-17T10:45:26","date_gmt":"2024-06-17T09:45:26","guid":{"rendered":"http:\/\/demo.psicoweb.co\/menteclara\/contact\/"},"modified":"2024-06-19T23:22:18","modified_gmt":"2024-06-19T22:22:18","slug":"contacto","status":"publish","type":"page","link":"https:\/\/demo.psicoweb.co\/menteclara\/contacto\/","title":{"rendered":"Contacto"},"content":{"rendered":"<section class=\"bde-section-633-100 bde-section bde-preset-1fb5fb5d-29bd-432d-99f3-ec742d1b56f0\">\n  \n  \n\t\n\n\n\n<div class=\"section-container\"><div class=\"bde-div-633-101 bde-div\">\n              \n  \n  \n\t\n\n  <div class=\"section-background-overlay\"><\/div>\n\n\n<div class=\"bde-button-633-102 bde-button\">\n    \n                                    \n    \n    \n    \n    \n            \n                    \n            \n            \n\n    \n    \n    \n    \n    \n    <a class=\"breakdance-link button-atom button-atom--custom bde-button__button\" href=\"#\" target=\"_self\" data-type=\"url\"  >\n\n    \n        <span class=\"button-atom__text\">\/contacto<\/span>\n\n        \n        \n                <\/a>\n\n    \n\n\n<\/div><h1 class=\"bde-dual-heading-633-103 bde-dual-heading\">\n\n\n            <span data-style=\"primary\" class=\"dual-heading--primary  \">Contacta,<\/span>\n\n            <span data-style=\"secondary\" class=\"dual-heading--secondary  \">reserva una cita<\/span>\n\n            <span data-style=\"primary\" class=\"dual-heading--primary  \">o ven a nuestras sesiones<\/span>\n\n\n\n<\/h1>\n<\/div><\/div>\n<\/section><section class=\"bde-section-633-104 bde-section\">\n  \n  \n\t\n\n\n\n<div class=\"section-container\"><div class=\"bde-div-633-105 bde-div\">\n  \n  \n\t\n\n\n\n<h2 class=\"bde-dual-heading-633-107 bde-dual-heading\">\n\n\n            <span data-style=\"primary\" class=\"dual-heading--primary  \">Escr\u00edbenos <\/span>\n\n            <span data-style=\"secondary\" class=\"dual-heading--secondary  \">o solicita cita <\/span>\n\n            <span data-style=\"primary\" class=\"dual-heading--primary  \">o ap\u00fantate a nuestras actividades<\/span>\n\n\n\n<\/h2><div class=\"bde-text-633-108 bde-text\">\nEstamos en Santa Cruz de La Palma. Si deseas una cita presencial o acudir a una de nuestras actividades, p\u00e1sate, llama o escr\u00edbenos solicit\u00e1ndolo.<br>Si est\u00e1s fuera, solicita una CITA ONLINE, simplemente elige la fecha y hora que m\u00e1s te convenga, abona la consulta y nos encontraremos por nuestra plataforma exclusiva de v\u00eddeo consulta.\n<\/div>\n<\/div><div class=\"bde-fancy-divider-633-113 bde-fancy-divider\">\n\n\n<div class=\"bde-fancy-divider__wrapper\">\n  <div class=\"bde-fancy-divider__separator   \">\n  \t  <\/div>\n<\/div>\n\n<\/div><div class=\"bde-div-633-109 bde-div\">\n  \n  \n\t\n\n\n\n<div class=\"bde-icon-box-633-110 bde-icon-box\">\n\n    \n            <div class=\"ee-iconbox-icon breakdance-icon-atom\" >\n    \n                    <svg xmlns=\"http:\/\/www.w3.org\/2000\/svg\" width=\"14\" height=\"13\" viewBox=\"0 0 14 13\" fill=\"none\">\r\n<path d=\"M4.41019 12.24C3.66352 12.24 2.99685 12.072 2.41019 11.736C1.82885 11.3947 1.36752 10.9333 1.02619 10.352C0.690187 9.76533 0.522187 9.09867 0.522187 8.352V4.128C0.522187 3.38133 0.690187 2.71467 1.02619 2.128C1.36752 1.54133 1.82885 1.08 2.41019 0.743999C2.99685 0.408 3.66352 0.24 4.41019 0.24C5.15685 0.24 5.82352 0.408 6.41019 0.743999C6.99685 1.08 7.45819 1.54133 7.79419 2.128C8.13019 2.71467 8.29819 3.38133 8.29819 4.128V8.352C8.29819 9.09867 8.13019 9.76533 7.79419 10.352C7.45819 10.9333 6.99685 11.3947 6.41019 11.736C5.82352 12.072 5.15685 12.24 4.41019 12.24ZM4.41019 10.872C4.86352 10.872 5.27419 10.7627 5.64219 10.544C6.01019 10.3253 6.30352 10.032 6.52219 9.664C6.74085 9.29067 6.85019 8.88 6.85019 8.432V4.04C6.85019 3.58667 6.74085 3.176 6.52219 2.808C6.30352 2.44 6.01019 2.14667 5.64219 1.928C5.27419 1.70933 4.86352 1.6 4.41019 1.6C3.96219 1.6 3.55152 1.70933 3.17819 1.928C2.81019 2.14667 2.51685 2.44 2.29819 2.808C2.07952 3.176 1.97019 3.58667 1.97019 4.04V8.432C1.97019 8.88 2.07952 9.29067 2.29819 9.664C2.51685 10.032 2.81019 10.3253 3.17819 10.544C3.55152 10.7627 3.96219 10.872 4.41019 10.872ZM12.2258 12V2.056L10.0578 3.368V1.776L12.2258 0.48H13.6738V12H12.2258Z\" fill=\"#121212\"\/>\r\n<\/svg>\n        \n        \n        \n            <\/div>\n    \n\n<div class=\"ee-iconbox-content\">\n      <h3 class=\"ee-iconbox-title bde-h3\" >Nuestra direcci\u00f3n<\/h3>\n        <div class=\"ee-iconbox-text\" >Calle Claridad, 9, Sta. Cruz De La Palma<\/div>\n    <\/div>\n\n<\/div><div class=\"bde-icon-box-633-111 bde-icon-box\">\n\n    \n            <div class=\"ee-iconbox-icon breakdance-icon-atom\" >\n    \n                    <svg xmlns=\"http:\/\/www.w3.org\/2000\/svg\" width=\"18\" height=\"13\" viewBox=\"0 0 18 13\" fill=\"none\">\r\n<path d=\"M4.03519 12.24C3.28852 12.24 2.62185 12.072 2.03519 11.736C1.45385 11.3947 0.992521 10.9333 0.651187 10.352C0.315187 9.76533 0.147187 9.09867 0.147187 8.352V4.128C0.147187 3.38133 0.315187 2.71467 0.651187 2.128C0.992521 1.54133 1.45385 1.08 2.03519 0.743999C2.62185 0.408 3.28852 0.24 4.03519 0.24C4.78185 0.24 5.44852 0.408 6.03519 0.743999C6.62185 1.08 7.08319 1.54133 7.41919 2.128C7.75519 2.71467 7.92319 3.38133 7.92319 4.128V8.352C7.92319 9.09867 7.75519 9.76533 7.41919 10.352C7.08319 10.9333 6.62185 11.3947 6.03519 11.736C5.44852 12.072 4.78185 12.24 4.03519 12.24ZM4.03519 10.872C4.48852 10.872 4.89919 10.7627 5.26719 10.544C5.63519 10.3253 5.92852 10.032 6.14719 9.664C6.36585 9.29067 6.47519 8.88 6.47519 8.432V4.04C6.47519 3.58667 6.36585 3.176 6.14719 2.808C5.92852 2.44 5.63519 2.14667 5.26719 1.928C4.89919 1.70933 4.48852 1.6 4.03519 1.6C3.58719 1.6 3.17652 1.70933 2.80319 1.928C2.43519 2.14667 2.14185 2.44 1.92319 2.808C1.70452 3.176 1.59519 3.58667 1.59519 4.04V8.432C1.59519 8.88 1.70452 9.29067 1.92319 9.664C2.14185 10.032 2.43519 10.3253 2.80319 10.544C3.17652 10.7627 3.58719 10.872 4.03519 10.872ZM9.52281 11.992L9.53081 10.712L14.6428 6.112C15.0695 5.728 15.3548 5.36533 15.4988 5.024C15.6481 4.67733 15.7228 4.32267 15.7228 3.96C15.7228 3.51733 15.6215 3.11733 15.4188 2.76C15.2161 2.40267 14.9388 2.12 14.5868 1.912C14.2401 1.704 13.8455 1.6 13.4028 1.6C12.9441 1.6 12.5361 1.70933 12.1788 1.928C11.8215 2.14133 11.5388 2.42667 11.3308 2.784C11.1281 3.14133 11.0295 3.53067 11.0348 3.952H9.57881C9.57881 3.22667 9.74681 2.58667 10.0828 2.032C10.4188 1.472 10.8748 1.03467 11.4508 0.719999C12.0321 0.4 12.6908 0.24 13.4268 0.24C14.1415 0.24 14.7815 0.405333 15.3468 0.735999C15.9121 1.06133 16.3575 1.50667 16.6828 2.072C17.0135 2.632 17.1788 3.26667 17.1788 3.976C17.1788 4.47733 17.1148 4.912 16.9868 5.28C16.8641 5.648 16.6721 5.98933 16.4108 6.304C16.1495 6.61333 15.8215 6.944 15.4268 7.296L11.1788 11.112L10.9948 10.632H17.1788V11.992H9.52281Z\" fill=\"#121212\"\/>\r\n<\/svg>\n        \n        \n        \n            <\/div>\n    \n\n<div class=\"ee-iconbox-content\">\n      <h3 class=\"ee-iconbox-title bde-h3\" >Nuestro tel\u00e9fono<\/h3>\n        <div class=\"ee-iconbox-text\" >+34 678 678678<\/div>\n    <\/div>\n\n<\/div><div class=\"bde-icon-box-633-112 bde-icon-box\">\n\n    \n            <div class=\"ee-iconbox-icon breakdance-icon-atom\" >\n    \n                    <svg xmlns=\"http:\/\/www.w3.org\/2000\/svg\" width=\"17\" height=\"13\" viewBox=\"0 0 17 13\" fill=\"none\">\r\n<path d=\"M4.16019 12.24C3.41352 12.24 2.74685 12.072 2.16019 11.736C1.57885 11.3947 1.11752 10.9333 0.776187 10.352C0.440187 9.76533 0.272187 9.09867 0.272187 8.352V4.128C0.272187 3.38133 0.440187 2.71467 0.776187 2.128C1.11752 1.54133 1.57885 1.08 2.16019 0.743999C2.74685 0.408 3.41352 0.24 4.16019 0.24C4.90685 0.24 5.57352 0.408 6.16019 0.743999C6.74685 1.08 7.20819 1.54133 7.54419 2.128C7.88019 2.71467 8.04819 3.38133 8.04819 4.128V8.352C8.04819 9.09867 7.88019 9.76533 7.54419 10.352C7.20819 10.9333 6.74685 11.3947 6.16019 11.736C5.57352 12.072 4.90685 12.24 4.16019 12.24ZM4.16019 10.872C4.61352 10.872 5.02419 10.7627 5.39219 10.544C5.76019 10.3253 6.05352 10.032 6.27219 9.664C6.49085 9.29067 6.60019 8.88 6.60019 8.432V4.04C6.60019 3.58667 6.49085 3.176 6.27219 2.808C6.05352 2.44 5.76019 2.14667 5.39219 1.928C5.02419 1.70933 4.61352 1.6 4.16019 1.6C3.71219 1.6 3.30152 1.70933 2.92819 1.928C2.56019 2.14667 2.26685 2.44 2.04819 2.808C1.82952 3.176 1.72019 3.58667 1.72019 4.04V8.432C1.72019 8.88 1.82952 9.29067 2.04819 9.664C2.26685 10.032 2.56019 10.3253 2.92819 10.544C3.30152 10.7627 3.71219 10.872 4.16019 10.872ZM13.1278 12.224C12.5571 12.224 12.0265 12.12 11.5358 11.912C11.0451 11.6987 10.6211 11.4 10.2638 11.016C9.91181 10.6267 9.65315 10.1653 9.48781 9.632L10.8558 9.24C11.0318 9.77333 11.3251 10.1787 11.7358 10.456C12.1465 10.7333 12.6078 10.8693 13.1198 10.864C13.5891 10.8533 13.9945 10.7467 14.3358 10.544C14.6825 10.336 14.9491 10.0533 15.1358 9.696C15.3278 9.33867 15.4238 8.92533 15.4238 8.456C15.4238 7.74133 15.2105 7.16267 14.7838 6.72C14.3571 6.272 13.7971 6.048 13.1038 6.048C12.9118 6.048 12.7091 6.07467 12.4958 6.128C12.2878 6.18133 12.0931 6.256 11.9118 6.352L11.2238 5.224L15.4958 1.36L15.6798 1.84H9.94381V0.48H16.7358V1.848L13.0958 5.336L13.0798 4.832C13.8425 4.77867 14.5091 4.904 15.0798 5.208C15.6505 5.512 16.0931 5.94667 16.4078 6.512C16.7278 7.07733 16.8878 7.72533 16.8878 8.456C16.8878 9.192 16.7225 9.84267 16.3918 10.408C16.0611 10.9733 15.6131 11.4187 15.0478 11.744C14.4825 12.064 13.8425 12.224 13.1278 12.224Z\" fill=\"#121212\"\/>\r\n<\/svg>\n        \n        \n        \n            <\/div>\n    \n\n<div class=\"ee-iconbox-content\">\n      <h3 class=\"ee-iconbox-title bde-h3\" >Nuestro Email<\/h3>\n        <div class=\"ee-iconbox-text\" >ejemplo@menteclara.com<\/div>\n    <\/div>\n\n<\/div>\n<\/div><div class=\"bde-fancy-divider-633-114 bde-fancy-divider\">\n\n\n<div class=\"bde-fancy-divider__wrapper\">\n  <div class=\"bde-fancy-divider__separator   \">\n  \t  <\/div>\n<\/div>\n\n<\/div><div class=\"bde-columns-633-115 bde-columns\"><div class=\"bde-column-633-122 bde-column\">\n  \n  \n\t\n\n\n\n<div class=\"bde-image-633-123 bde-image\">\n<figure class=\"breakdance-image breakdance-image--1024\">\n\t<div class=\"breakdance-image-container\">\n\t\t<div class=\"breakdance-image-clip\"><img decoding=\"async\" class=\"breakdance-image-object\" src=\"https:\/\/eatfmapbzg7.exactdn.com\/menteclara\/wp-content\/uploads\/2024\/06\/img1_contact_traveltrips.webp?strip=all&lossy=1&ssl=1\" width=\"550\" height=\"770\" srcset=\"https:\/\/eatfmapbzg7.exactdn.com\/menteclara\/wp-content\/uploads\/2024\/06\/img1_contact_traveltrips.webp?strip=all&lossy=1&ssl=1 550w, https:\/\/demo.psicoweb.co\/menteclara\/wp-content\/uploads\/2024\/06\/img1_contact_traveltrips-214x300.webp 214w\" sizes=\"(max-width: 550px) 100vw, 550px\"><\/div>\n\t<\/div><\/figure>\n\n<\/div>\n<\/div><div class=\"bde-column-633-116 bde-column\">\n  \n  \n\t\n\n\n\n<h2 class=\"bde-dual-heading-633-118 bde-dual-heading\">\n\n\n            <span data-style=\"primary\" class=\"dual-heading--primary  \">Si vives en La Palma<\/span>\n\n            <span data-style=\"secondary\" class=\"dual-heading--secondary  \">elige tu cita presencial<\/span>\n\n            <span data-style=\"primary\" class=\"dual-heading--primary  \">y te contactamos<\/span>\n\n\n\n<\/h2><div class=\"bde-form-builder-633-124 bde-form-builder\">\n\n\n<form id=\"formulario-de-contacto124\" class=\"breakdance-form breakdance-form--vertical \" data-options=\"{&quot;slug&quot;:&quot;custom&quot;,&quot;name&quot;:&quot;Formulario de Contacto&quot;,&quot;ajaxUrl&quot;:&quot;https:\\\/\\\/demo.psicoweb.co\\\/menteclara\\\/wp-admin\\\/admin-ajax.php&quot;,&quot;clearOnSuccess&quot;:true,&quot;hideOnSuccess&quot;:false,&quot;successMessage&quot;:&quot;Tu mensaje ha sido enviado&quot;,&quot;errorMessage&quot;:&quot;Algo ha salido mal&quot;,&quot;redirect&quot;:false,&quot;redirectUrl&quot;:&quot;&quot;,&quot;customJavaScript&quot;:&quot;&quot;,&quot;recaptcha&quot;:{&quot;key&quot;:&quot;&quot;,&quot;enabled&quot;:false},&quot;honeypot_enabled&quot;:false,&quot;popupsOnSuccess&quot;:[],&quot;popupsOnError&quot;:[]}\" data-steps=\"0\" >\n  \n  \n  \n<div class=\"breakdance-form-field breakdance-form-field--text\" >\n    \n    \n            <label class=\"breakdance-form-field__label\" for=\"name\">\n            Nombre<span class=\"breakdance-form-field__required\">*<\/span>\n        <\/label>\n    \n    <input\n    class=\"breakdance-form-field__input\"\n    id=\"name\"\n    aria-describedby=\"name\"\n    type=\"text\"\n    name=\"fields[name]\"\n    placeholder=\"Tu nombre\"\n    value=\"\"\n                \n        \n        \n    required\n    \n    \n>\n\n\n    \n    \n<\/div>\n\n\n<div class=\"breakdance-form-field breakdance-form-field--text\" >\n    \n    \n            <label class=\"breakdance-form-field__label\" for=\"hhfcby\">\n            Apellido<span class=\"breakdance-form-field__required\">*<\/span>\n        <\/label>\n    \n    <input\n    class=\"breakdance-form-field__input\"\n    id=\"hhfcby\"\n    aria-describedby=\"hhfcby\"\n    type=\"text\"\n    name=\"fields[hhfcby]\"\n    placeholder=\"Tu apellido\"\n    value=\"\"\n                \n        \n        \n    required\n    \n    \n>\n\n\n    \n    \n<\/div>\n\n\n<div class=\"breakdance-form-field breakdance-form-field--email\" >\n    \n    \n            <label class=\"breakdance-form-field__label\" for=\"email\">\n            Email<span class=\"breakdance-form-field__required\">*<\/span>\n        <\/label>\n    \n    <input\n    class=\"breakdance-form-field__input\"\n    id=\"email\"\n    aria-describedby=\"email\"\n    type=\"email\"\n    name=\"fields[email]\"\n    placeholder=\"Tu email\"\n    value=\"\"\n                \n        \n        \n    required\n    \n    \n>\n\n\n    \n    \n<\/div>\n\n\n<div class=\"breakdance-form-field breakdance-form-field--tel\" >\n    \n    \n            <label class=\"breakdance-form-field__label\" for=\"vlpzhz\">\n            Tel\u00e9fono<span class=\"breakdance-form-field__required\">*<\/span>\n        <\/label>\n    \n    <input\n    class=\"breakdance-form-field__input\"\n    id=\"vlpzhz\"\n    aria-describedby=\"vlpzhz\"\n    type=\"tel\"\n    name=\"fields[vlpzhz]\"\n    placeholder=\"Tu tel\u00e9fono\"\n    value=\"\"\n                \n        \n        \n    required\n    \n    \n>\n\n\n    \n    \n<\/div>\n\n\n<div class=\"breakdance-form-field breakdance-form-field--select\" >\n    \n    \n            <label class=\"breakdance-form-field__label\" for=\"jkocvd\">\n            Quiero una cita o inscribirme a:\n        <\/label>\n    \n    <select\n    class=\"breakdance-form-field__input\"\n    id=\"jkocvd\"\n    name=\"fields[jkocvd]\"\n    \n    \n        >\n      <option value=\"\">Seleccionar<\/option>\n          <option value=\"Psicolog\u00eda Infantil\" >Psicolog\u00eda Infantil<\/option>\n        <option value=\"Psicolog\u00eda Juvenil\" >Psicolog\u00eda Juvenil<\/option>\n        <option value=\"Psicolog\u00eda Adultos\" >Psicolog\u00eda Adultos<\/option>\n        <option value=\"Terapia de Pareja\" >Terapia de Pareja<\/option>\n        <option value=\"Terapia Breve\" >Terapia Breve<\/option>\n        <option value=\"Terapia EMDR\" >Terapia EMDR<\/option>\n        <option value=\"Mindfulness\" >Mindfulness<\/option>\n        <option value=\"Meditaci\u00f3n\" >Meditaci\u00f3n<\/option>\n        <option value=\"Yoga\" >Yoga<\/option>\n  <\/select>\n\n\n    \n    \n<\/div>\n\n\n<div class=\"breakdance-form-field breakdance-form-field--textarea\" >\n    \n    \n            <label class=\"breakdance-form-field__label\" for=\"message\">\n            Mensaje\n        <\/label>\n    \n    <textarea\n    class=\"breakdance-form-field__input\"\n    id=\"message\"\n    aria-describedby=\"message\"\n    type=\"textarea\"\n    name=\"fields[message]\"\n        placeholder=\"Escribe aqu\u00ed tu mensaje...\"\n    \n    >\n<\/textarea>\n\n\n    \n    \n<\/div>\n\n\n<div class=\"breakdance-form-field breakdance-form-field--checkbox\" >\n    \n    \n    \n    <fieldset role=\"group\"\n    >\n          <div class=\"breakdance-form-checkbox\">\n          <input\n              type=\"checkbox\"\n              name=\"fields[yjting]\"\n              value=\"Acepto la Pol\u00edtica de Privacidad.\"\n              id=\"yjting-1\"\n              \n                        >\n          <label class=\"breakdance-form-checkbox__text\" for=\"yjting-1\">Acepto la Pol\u00edtica de Privacidad.<\/label>\n      <\/div>\n  <\/fieldset>\n\n\n\n    \n    \n<\/div>\n\n\n  \n\n<div class=\"breakdance-form-field breakdance-form-footer\">\n    \n    \n                                    \n    \n    \n    \n    \n            \n            <button type=\"submit\" class=\"button-atom button-atom--primary breakdance-form-button breakdance-form-button__submit\"  >\n    \n        <span class=\"button-atom__text\">\/solicitar una cita<\/span>\n\n        \n        \n            <\/button>\n    \n    <input type=\"hidden\" name=\"form_id\" value=\"124\">\n    <input type=\"hidden\" name=\"post_id\" value=\"633\">\n<\/div>\n\n  \n<\/form>\n\n\n\n<\/div>\n<\/div><\/div><\/div>\n<\/section>","protected":false},"excerpt":{"rendered":"<p>\/contacto Contacta, reserva una cita o ven a nuestras sesiones Escr\u00edbenos o solicita cita o ap\u00fantate a nuestras actividades Estamos en Santa Cruz de La Palma. Si deseas una cita presencial o acudir a una de nuestras actividades, p\u00e1sate, llama o escr\u00edbenos solicit\u00e1ndolo.Si est\u00e1s fuera, solicita una CITA ONLINE, simplemente elige la fecha y hora [&hellip;]<\/p>\n","protected":false},"author":1,"featured_media":0,"parent":0,"menu_order":0,"comment_status":"closed","ping_status":"closed","template":"","meta":{"_breakdance_hide_in_design_set":false,"_breakdance_tags":"","footnotes":""},"class_list":["post-633","page","type-page","status-publish","hentry"],"acpt":{"meta":[]},"_links":{"self":[{"href":"https:\/\/demo.psicoweb.co\/menteclara\/wp-json\/wp\/v2\/pages\/633","targetHints":{"allow":["GET"]}}],"collection":[{"href":"https:\/\/demo.psicoweb.co\/menteclara\/wp-json\/wp\/v2\/pages"}],"about":[{"href":"https:\/\/demo.psicoweb.co\/menteclara\/wp-json\/wp\/v2\/types\/page"}],"author":[{"embeddable":true,"href":"https:\/\/demo.psicoweb.co\/menteclara\/wp-json\/wp\/v2\/users\/1"}],"replies":[{"embeddable":true,"href":"https:\/\/demo.psicoweb.co\/menteclara\/wp-json\/wp\/v2\/comments?post=633"}],"version-history":[{"count":0,"href":"https:\/\/demo.psicoweb.co\/menteclara\/wp-json\/wp\/v2\/pages\/633\/revisions"}],"wp:attachment":[{"href":"https:\/\/demo.psicoweb.co\/menteclara\/wp-json\/wp\/v2\/media?parent=633"}],"curies":[{"name":"wp","href":"https:\/\/api.w.org\/{rel}","templated":true}]}}