{"id":53,"date":"2024-05-07T19:53:11","date_gmt":"2024-05-07T19:53:11","guid":{"rendered":"http:\/\/demo.psicoweb.co\/padresconscientes\/?page_id=53"},"modified":"2024-06-16T17:36:48","modified_gmt":"2024-06-16T16:36:48","slug":"blog","status":"publish","type":"page","link":"https:\/\/demo.psicoweb.co\/padresconscientes\/blog\/","title":{"rendered":"Blog"},"content":{"rendered":"<section id=\"particles-js\" class=\"bde-section-53-100 bde-section\">\n              \n  \n  \n\t\n\n  <div class=\"section-background-overlay\"><\/div>\n\n\n<div class=\"section-container\"><div class=\"bde-code-block-53-101 bde-code-block\">\n\n  <style>\n.particles-js-canvas-el {\nwidth: 100%;\nheight: 100%;\nposition: absolute;\nz-index: 0;\ntop: 0;\n}\n<\/style>\n \n<script src=\"https:\/\/cdn.jsdelivr.net\/particles.js\/2.0.0\/particles.min.js\"><\/script>\n \n<script>\nparticlesJS(\"particles-js\", {\"particles\":{\"number\":{\"value\":80,\"density\":{\"enable\":true,\"value_area\":800}},\"color\":{\"value\":\"#ffffff\"},\"shape\":{\"type\":\"circle\",\"stroke\":{\"width\":0,\"color\":\"#000000\"},\"polygon\":{\"nb_sides\":5},\"image\":{\"src\":\"img\/github.svg\",\"width\":100,\"height\":100}},\"opacity\":{\"value\":0.5,\"random\":false,\"anim\":{\"enable\":false,\"speed\":1,\"opacity_min\":0.1,\"sync\":false}},\"size\":{\"value\":3,\"random\":true,\"anim\":{\"enable\":false,\"speed\":40,\"size_min\":0.1,\"sync\":false}},\"line_linked\":{\"enable\":true,\"distance\":150,\"color\":\"#ffffff\",\"opacity\":0.4,\"width\":1},\"move\":{\"enable\":true,\"speed\":6,\"direction\":\"none\",\"random\":false,\"straight\":false,\"out_mode\":\"out\",\"bounce\":false,\"attract\":{\"enable\":false,\"rotateX\":600,\"rotateY\":1200}}},\"interactivity\":{\"detect_on\":\"canvas\",\"events\":{\"onhover\":{\"enable\":true,\"mode\":\"repulse\"},\"onclick\":{\"enable\":true,\"mode\":\"push\"},\"resize\":true},\"modes\":{\"grab\":{\"distance\":400,\"line_linked\":{\"opacity\":1}},\"bubble\":{\"distance\":400,\"size\":40,\"duration\":2,\"opacity\":8,\"speed\":3},\"repulse\":{\"distance\":200,\"duration\":0.4},\"push\":{\"particles_nb\":4},\"remove\":{\"particles_nb\":2}}},\"retina_detect\":true});var count_particles, stats, update; stats = new Stats; stats.setMode(0); stats.domElement.style.position = 'absolute'; stats.domElement.style.left = '0px'; stats.domElement.style.top = '0px'; document.body.appendChild(stats.domElement); count_particles = document.querySelector('.js-count-particles'); update = function() { stats.begin(); stats.end(); if (window.pJSDom[0].pJS.particles && window.pJSDom[0].pJS.particles.array) { count_particles.innerText = window.pJSDom[0].pJS.particles.array.length; } requestAnimationFrame(update); }; requestAnimationFrame(update);;\n<\/script>\n\n\n<\/div><div class=\"bde-div-53-102 bde-div\">\n  \n  \n\t\n\n\n\n<div class=\"bde-div-53-103 bde-div\" data-entrance=\"slideUp\">\n  \n  \n\t\n\n\n\n<h1 class=\"bde-heading-53-104 bde-heading\" data-entrance=\"fade\">\nArt\u00edculos<br>del Blog\n<\/h1>\n<\/div><div class=\"bde-div-53-105 bde-div\">\n  \n  \n\t\n\n\n\n<div class=\"bde-button-53-106 bde-button\" data-entrance=\"fade\">\n    \n                                    \n    \n    \n    \n    \n            \n                    \n            \n            \n\n    \n    \n    \n    \n    \n    <a class=\"breakdance-link button-atom button-atom--custom bde-button__button\" href=\"#seccion-1-blog\" target=\"_self\" data-type=\"url\"  >\n\n    \n        <span class=\"button-atom__text\">Ver<\/span>\n\n                            \n        \n                <\/a>\n\n    \n\n\n<\/div>\n<\/div>\n<\/div><\/div>\n<\/section><section id=\"seccion-1-blog\" class=\"bde-section-53-107 bde-section\">\n  \n  \n\t\n\n\n\n<div class=\"section-container\"><h1 class=\"bde-heading-53-108 bde-heading\">\nArt\u00edculos Para Crecer\n<\/h1><div class=\"bde-post-list-53-109 bde-post-list\">\n<div class=\"ee-posts ee-posts-grid\">        <article class=\"ee-post\">\n            \n                                            <a class=\"ee-post-image-link ee-posts-image-left\" href=\"https:\/\/demo.psicoweb.co\/padresconscientes\/descubre-como-la-psicoterapia-individual-puede-fortalecer-tu-resiliencia-y-crecimiento-personal\/\" aria-label=\"Descubre c\u00f3mo la psicoterapia individual puede fortalecer tu resiliencia y crecimiento personal\">\n                    <div class=\"ee-post-image\">\n                        <img decoding=\"async\" width=\"1280\" height=\"1920\" src=\"https:\/\/eagdxzavzrq.exactdn.com\/padresconscientes\/wp-content\/uploads\/2024\/06\/imagen-articulo-1.jpg?strip=all&amp;lossy=1&amp;ssl=1\" class=\"attachment-full size-full wp-post-image\" alt=\"\" srcset=\"https:\/\/eagdxzavzrq.exactdn.com\/padresconscientes\/wp-content\/uploads\/2024\/06\/imagen-articulo-1.jpg?strip=all&amp;lossy=1&amp;ssl=1 1280w, https:\/\/eagdxzavzrq.exactdn.com\/padresconscientes\/wp-content\/uploads\/2024\/06\/imagen-articulo-1-200x300.jpg?strip=all&amp;lossy=1&amp;ssl=1 200w, https:\/\/eagdxzavzrq.exactdn.com\/padresconscientes\/wp-content\/uploads\/2024\/06\/imagen-articulo-1-683x1024.jpg?strip=all&amp;lossy=1&amp;ssl=1 683w, https:\/\/eagdxzavzrq.exactdn.com\/padresconscientes\/wp-content\/uploads\/2024\/06\/imagen-articulo-1-768x1152.jpg?strip=all&amp;lossy=1&amp;ssl=1 768w, https:\/\/eagdxzavzrq.exactdn.com\/padresconscientes\/wp-content\/uploads\/2024\/06\/imagen-articulo-1-1024x1536.jpg?strip=all&amp;lossy=1&amp;ssl=1 1024w, https:\/\/eagdxzavzrq.exactdn.com\/padresconscientes\/wp-content\/uploads\/2024\/06\/imagen-articulo-1.jpg?strip=all&amp;lossy=1&amp;w=256&amp;ssl=1 256w, https:\/\/eagdxzavzrq.exactdn.com\/padresconscientes\/wp-content\/uploads\/2024\/06\/imagen-articulo-1.jpg?strip=all&amp;lossy=1&amp;w=512&amp;ssl=1 512w\" sizes=\"(max-width: 1280px) 100vw, 1280px\" \/>                    <\/div>\n                <\/a>\n            \n            \n            <div class=\"ee-post-wrap\">\n                \n                                    <h3 class=\"ee-post-title\">\n                        <a class=\"ee-post-title-link\" href=\"https:\/\/demo.psicoweb.co\/padresconscientes\/descubre-como-la-psicoterapia-individual-puede-fortalecer-tu-resiliencia-y-crecimiento-personal\/\" >\n                            Descubre c\u00f3mo la psicoterapia individual puede fortalecer tu resiliencia y crecimiento personal                        <\/a>\n                    <\/h3>\n                                    <div class=\"ee-post-content\">\n                        La psicoterapia individual es un proceso terap\u00e9utico en el que una persona se re\u00fane con un terapeuta para explorar sus&hellip;                    <\/div>\n                \n                \n            <\/div>\n\n                    <\/article>\n\n            <article class=\"ee-post\">\n            \n                                            <a class=\"ee-post-image-link ee-posts-image-left\" href=\"https:\/\/demo.psicoweb.co\/padresconscientes\/crianza-natural-como-cultivar-la-inteligencia-emocional-en-los-ninos\/\" aria-label=\"Crianza natural: c\u00f3mo cultivar la inteligencia emocional en los ni\u00f1os\">\n                    <div class=\"ee-post-image\">\n                        <img decoding=\"async\" width=\"1280\" height=\"1918\" src=\"https:\/\/eagdxzavzrq.exactdn.com\/padresconscientes\/wp-content\/uploads\/2024\/06\/imagen-articulo-2.jpg?strip=all&amp;lossy=1&amp;ssl=1\" class=\"attachment-full size-full wp-post-image\" alt=\"\" srcset=\"https:\/\/eagdxzavzrq.exactdn.com\/padresconscientes\/wp-content\/uploads\/2024\/06\/imagen-articulo-2.jpg?strip=all&amp;lossy=1&amp;ssl=1 1280w, https:\/\/eagdxzavzrq.exactdn.com\/padresconscientes\/wp-content\/uploads\/2024\/06\/imagen-articulo-2-200x300.jpg?strip=all&amp;lossy=1&amp;ssl=1 200w, https:\/\/eagdxzavzrq.exactdn.com\/padresconscientes\/wp-content\/uploads\/2024\/06\/imagen-articulo-2-683x1024.jpg?strip=all&amp;lossy=1&amp;ssl=1 683w, https:\/\/eagdxzavzrq.exactdn.com\/padresconscientes\/wp-content\/uploads\/2024\/06\/imagen-articulo-2-768x1151.jpg?strip=all&amp;lossy=1&amp;ssl=1 768w, https:\/\/eagdxzavzrq.exactdn.com\/padresconscientes\/wp-content\/uploads\/2024\/06\/imagen-articulo-2-1025x1536.jpg?strip=all&amp;lossy=1&amp;ssl=1 1025w, https:\/\/eagdxzavzrq.exactdn.com\/padresconscientes\/wp-content\/uploads\/2024\/06\/imagen-articulo-2.jpg?strip=all&amp;lossy=1&amp;w=256&amp;ssl=1 256w, https:\/\/eagdxzavzrq.exactdn.com\/padresconscientes\/wp-content\/uploads\/2024\/06\/imagen-articulo-2.jpg?strip=all&amp;lossy=1&amp;w=512&amp;ssl=1 512w\" sizes=\"(max-width: 1280px) 100vw, 1280px\" \/>                    <\/div>\n                <\/a>\n            \n            \n            <div class=\"ee-post-wrap\">\n                \n                                    <h3 class=\"ee-post-title\">\n                        <a class=\"ee-post-title-link\" href=\"https:\/\/demo.psicoweb.co\/padresconscientes\/crianza-natural-como-cultivar-la-inteligencia-emocional-en-los-ninos\/\" >\n                            Crianza natural: c\u00f3mo cultivar la inteligencia emocional en los ni\u00f1os                        <\/a>\n                    <\/h3>\n                                    <div class=\"ee-post-content\">\n                        La crianza natural es un enfoque de crianza que se centra en el respeto por el desarrollo natural del ni\u00f1o,&hellip;                    <\/div>\n                \n                \n            <\/div>\n\n                    <\/article>\n\n            <article class=\"ee-post\">\n            \n                                            <a class=\"ee-post-image-link ee-posts-image-left\" href=\"https:\/\/demo.psicoweb.co\/padresconscientes\/descubre-como-las-tecnicas-neuro-reprocesadoras-pueden-cambiar-tu-vida-despues-del-trauma\/\" aria-label=\"Descubre c\u00f3mo las t\u00e9cnicas neuro reprocesadoras pueden cambiar tu vida despu\u00e9s del trauma\">\n                    <div class=\"ee-post-image\">\n                        <img decoding=\"async\" width=\"900\" height=\"684\" src=\"https:\/\/eagdxzavzrq.exactdn.com\/padresconscientes\/wp-content\/uploads\/2024\/06\/imagen-articulo-3.jpg?strip=all&amp;lossy=1&amp;ssl=1\" class=\"attachment-full size-full wp-post-image\" alt=\"\" srcset=\"https:\/\/eagdxzavzrq.exactdn.com\/padresconscientes\/wp-content\/uploads\/2024\/06\/imagen-articulo-3.jpg?strip=all&amp;lossy=1&amp;ssl=1 900w, https:\/\/eagdxzavzrq.exactdn.com\/padresconscientes\/wp-content\/uploads\/2024\/06\/imagen-articulo-3-300x228.jpg?strip=all&amp;lossy=1&amp;ssl=1 300w, https:\/\/eagdxzavzrq.exactdn.com\/padresconscientes\/wp-content\/uploads\/2024\/06\/imagen-articulo-3-768x584.jpg?strip=all&amp;lossy=1&amp;ssl=1 768w, https:\/\/eagdxzavzrq.exactdn.com\/padresconscientes\/wp-content\/uploads\/2024\/06\/imagen-articulo-3.jpg?strip=all&amp;lossy=1&amp;w=180&amp;ssl=1 180w, https:\/\/eagdxzavzrq.exactdn.com\/padresconscientes\/wp-content\/uploads\/2024\/06\/imagen-articulo-3.jpg?strip=all&amp;lossy=1&amp;w=360&amp;ssl=1 360w, https:\/\/eagdxzavzrq.exactdn.com\/padresconscientes\/wp-content\/uploads\/2024\/06\/imagen-articulo-3.jpg?strip=all&amp;lossy=1&amp;w=540&amp;ssl=1 540w\" sizes=\"(max-width: 900px) 100vw, 900px\" \/>                    <\/div>\n                <\/a>\n            \n            \n            <div class=\"ee-post-wrap\">\n                \n                                    <h3 class=\"ee-post-title\">\n                        <a class=\"ee-post-title-link\" href=\"https:\/\/demo.psicoweb.co\/padresconscientes\/descubre-como-las-tecnicas-neuro-reprocesadoras-pueden-cambiar-tu-vida-despues-del-trauma\/\" >\n                            Descubre c\u00f3mo las t\u00e9cnicas neuro reprocesadoras pueden cambiar tu vida despu\u00e9s del trauma                        <\/a>\n                    <\/h3>\n                                    <div class=\"ee-post-content\">\n                        Las t\u00e9cnicas neuro reprocesadoras son un conjunto de enfoques terap\u00e9uticos que se utilizan para ayudar a las personas a superar&hellip;                    <\/div>\n                \n                \n            <\/div>\n\n                    <\/article>\n\n            <article class=\"ee-post\">\n            \n                                            <a class=\"ee-post-image-link ee-posts-image-left\" href=\"https:\/\/demo.psicoweb.co\/padresconscientes\/como-establecer-limites-saludables-en-la-crianza-respetuosa-una-guia-practica\/\" aria-label=\"C\u00f3mo establecer l\u00edmites saludables en la crianza respetuosa: una gu\u00eda pr\u00e1ctica\">\n                    <div class=\"ee-post-image\">\n                        <img decoding=\"async\" width=\"1280\" height=\"1919\" src=\"https:\/\/eagdxzavzrq.exactdn.com\/padresconscientes\/wp-content\/uploads\/2024\/06\/imagen-articulo-4.jpg?strip=all&amp;lossy=1&amp;ssl=1\" class=\"attachment-full size-full wp-post-image\" alt=\"\" srcset=\"https:\/\/eagdxzavzrq.exactdn.com\/padresconscientes\/wp-content\/uploads\/2024\/06\/imagen-articulo-4.jpg?strip=all&amp;lossy=1&amp;ssl=1 1280w, https:\/\/eagdxzavzrq.exactdn.com\/padresconscientes\/wp-content\/uploads\/2024\/06\/imagen-articulo-4-200x300.jpg?strip=all&amp;lossy=1&amp;ssl=1 200w, https:\/\/eagdxzavzrq.exactdn.com\/padresconscientes\/wp-content\/uploads\/2024\/06\/imagen-articulo-4-683x1024.jpg?strip=all&amp;lossy=1&amp;ssl=1 683w, https:\/\/eagdxzavzrq.exactdn.com\/padresconscientes\/wp-content\/uploads\/2024\/06\/imagen-articulo-4-768x1151.jpg?strip=all&amp;lossy=1&amp;ssl=1 768w, https:\/\/eagdxzavzrq.exactdn.com\/padresconscientes\/wp-content\/uploads\/2024\/06\/imagen-articulo-4-1025x1536.jpg?strip=all&amp;lossy=1&amp;ssl=1 1025w, https:\/\/eagdxzavzrq.exactdn.com\/padresconscientes\/wp-content\/uploads\/2024\/06\/imagen-articulo-4.jpg?strip=all&amp;lossy=1&amp;w=256&amp;ssl=1 256w, https:\/\/eagdxzavzrq.exactdn.com\/padresconscientes\/wp-content\/uploads\/2024\/06\/imagen-articulo-4.jpg?strip=all&amp;lossy=1&amp;w=512&amp;ssl=1 512w\" sizes=\"(max-width: 1280px) 100vw, 1280px\" \/>                    <\/div>\n                <\/a>\n            \n            \n            <div class=\"ee-post-wrap\">\n                \n                                    <h3 class=\"ee-post-title\">\n                        <a class=\"ee-post-title-link\" href=\"https:\/\/demo.psicoweb.co\/padresconscientes\/como-establecer-limites-saludables-en-la-crianza-respetuosa-una-guia-practica\/\" >\n                            C\u00f3mo establecer l\u00edmites saludables en la crianza respetuosa: una gu\u00eda pr\u00e1ctica                        <\/a>\n                    <\/h3>\n                                    <div class=\"ee-post-content\">\n                        La crianza respetuosa se basa en el respeto mutuo entre padres e hijos, y establecer l\u00edmites es fundamental para fomentar&hellip;                    <\/div>\n                \n                \n            <\/div>\n\n                    <\/article>\n\n            <article class=\"ee-post\">\n            \n                                            <a class=\"ee-post-image-link ee-posts-image-left\" href=\"https:\/\/demo.psicoweb.co\/padresconscientes\/como-la-psicoterapia-individual-puede-transformar-tu-vida-despues-de-enfrentar-traumas-personales\/\" aria-label=\"C\u00f3mo la psicoterapia individual puede transformar tu vida despu\u00e9s de enfrentar traumas personales\">\n                    <div class=\"ee-post-image\">\n                        <img decoding=\"async\" width=\"1280\" height=\"854\" src=\"https:\/\/eagdxzavzrq.exactdn.com\/padresconscientes\/wp-content\/uploads\/2024\/06\/imagen-articulo-5.jpg?strip=all&amp;lossy=1&amp;ssl=1\" class=\"attachment-full size-full wp-post-image\" alt=\"\" srcset=\"https:\/\/eagdxzavzrq.exactdn.com\/padresconscientes\/wp-content\/uploads\/2024\/06\/imagen-articulo-5.jpg?strip=all&amp;lossy=1&amp;ssl=1 1280w, https:\/\/eagdxzavzrq.exactdn.com\/padresconscientes\/wp-content\/uploads\/2024\/06\/imagen-articulo-5-300x200.jpg?strip=all&amp;lossy=1&amp;ssl=1 300w, https:\/\/eagdxzavzrq.exactdn.com\/padresconscientes\/wp-content\/uploads\/2024\/06\/imagen-articulo-5-1024x683.jpg?strip=all&amp;lossy=1&amp;ssl=1 1024w, https:\/\/eagdxzavzrq.exactdn.com\/padresconscientes\/wp-content\/uploads\/2024\/06\/imagen-articulo-5-768x512.jpg?strip=all&amp;lossy=1&amp;ssl=1 768w, https:\/\/eagdxzavzrq.exactdn.com\/padresconscientes\/wp-content\/uploads\/2024\/06\/imagen-articulo-5.jpg?strip=all&amp;lossy=1&amp;w=512&amp;ssl=1 512w\" sizes=\"(max-width: 1280px) 100vw, 1280px\" \/>                    <\/div>\n                <\/a>\n            \n            \n            <div class=\"ee-post-wrap\">\n                \n                                    <h3 class=\"ee-post-title\">\n                        <a class=\"ee-post-title-link\" href=\"https:\/\/demo.psicoweb.co\/padresconscientes\/como-la-psicoterapia-individual-puede-transformar-tu-vida-despues-de-enfrentar-traumas-personales\/\" >\n                            C\u00f3mo la psicoterapia individual puede transformar tu vida despu\u00e9s de enfrentar traumas personales                        <\/a>\n                    <\/h3>\n                                    <div class=\"ee-post-content\">\n                        La psicoterapia individual es un proceso terap\u00e9utico en el que una persona se re\u00fane con un terapeuta para trabajar en&hellip;                    <\/div>\n                \n                \n            <\/div>\n\n                    <\/article>\n\n            <article class=\"ee-post\">\n            \n                                            <a class=\"ee-post-image-link ee-posts-image-left\" href=\"https:\/\/demo.psicoweb.co\/padresconscientes\/consejos-practicos-para-ayudar-a-los-ninos-a-manejar-sus-emociones-de-forma-natural\/\" aria-label=\"Consejos pr\u00e1cticos para ayudar a los ni\u00f1os a manejar sus emociones de forma natural\">\n                    <div class=\"ee-post-image\">\n                        <img decoding=\"async\" width=\"1280\" height=\"1917\" src=\"https:\/\/eagdxzavzrq.exactdn.com\/padresconscientes\/wp-content\/uploads\/2024\/06\/imagen-articulo-6.jpg?strip=all&amp;lossy=1&amp;ssl=1\" class=\"attachment-full size-full wp-post-image\" alt=\"\" srcset=\"https:\/\/eagdxzavzrq.exactdn.com\/padresconscientes\/wp-content\/uploads\/2024\/06\/imagen-articulo-6.jpg?strip=all&amp;lossy=1&amp;ssl=1 1280w, https:\/\/eagdxzavzrq.exactdn.com\/padresconscientes\/wp-content\/uploads\/2024\/06\/imagen-articulo-6-200x300.jpg?strip=all&amp;lossy=1&amp;ssl=1 200w, https:\/\/eagdxzavzrq.exactdn.com\/padresconscientes\/wp-content\/uploads\/2024\/06\/imagen-articulo-6-684x1024.jpg?strip=all&amp;lossy=1&amp;ssl=1 684w, https:\/\/eagdxzavzrq.exactdn.com\/padresconscientes\/wp-content\/uploads\/2024\/06\/imagen-articulo-6-768x1150.jpg?strip=all&amp;lossy=1&amp;ssl=1 768w, https:\/\/eagdxzavzrq.exactdn.com\/padresconscientes\/wp-content\/uploads\/2024\/06\/imagen-articulo-6-1026x1536.jpg?strip=all&amp;lossy=1&amp;ssl=1 1026w, https:\/\/eagdxzavzrq.exactdn.com\/padresconscientes\/wp-content\/uploads\/2024\/06\/imagen-articulo-6.jpg?strip=all&amp;lossy=1&amp;w=256&amp;ssl=1 256w, https:\/\/eagdxzavzrq.exactdn.com\/padresconscientes\/wp-content\/uploads\/2024\/06\/imagen-articulo-6.jpg?strip=all&amp;lossy=1&amp;w=512&amp;ssl=1 512w\" sizes=\"(max-width: 1280px) 100vw, 1280px\" \/>                    <\/div>\n                <\/a>\n            \n            \n            <div class=\"ee-post-wrap\">\n                \n                                    <h3 class=\"ee-post-title\">\n                        <a class=\"ee-post-title-link\" href=\"https:\/\/demo.psicoweb.co\/padresconscientes\/consejos-practicos-para-ayudar-a-los-ninos-a-manejar-sus-emociones-de-forma-natural\/\" >\n                            Consejos pr\u00e1cticos para ayudar a los ni\u00f1os a manejar sus emociones de forma natural                        <\/a>\n                    <\/h3>\n                                    <div class=\"ee-post-content\">\n                        Ense\u00f1ar a los ni\u00f1os a manejar sus emociones es de suma importancia para su desarrollo emocional y social. Cuando los&hellip;                    <\/div>\n                \n                \n            <\/div>\n\n                    <\/article>\n\n            <article class=\"ee-post\">\n            \n                                            <a class=\"ee-post-image-link ee-posts-image-left\" href=\"https:\/\/demo.psicoweb.co\/padresconscientes\/la-magia-del-juego-en-la-crianza-respetuosa-beneficios-y-actividades-para-disfrutar-en-familia\/\" aria-label=\"La magia del juego en la crianza respetuosa: Beneficios y actividades para disfrutar en familia\">\n                    <div class=\"ee-post-image\">\n                        <img decoding=\"async\" width=\"1279\" height=\"853\" src=\"https:\/\/eagdxzavzrq.exactdn.com\/padresconscientes\/wp-content\/uploads\/2024\/06\/imagen-articulo-7.jpg?strip=all&amp;lossy=1&amp;ssl=1\" class=\"attachment-full size-full wp-post-image\" alt=\"\" srcset=\"https:\/\/eagdxzavzrq.exactdn.com\/padresconscientes\/wp-content\/uploads\/2024\/06\/imagen-articulo-7.jpg?strip=all&amp;lossy=1&amp;ssl=1 1279w, https:\/\/eagdxzavzrq.exactdn.com\/padresconscientes\/wp-content\/uploads\/2024\/06\/imagen-articulo-7-300x200.jpg?strip=all&amp;lossy=1&amp;ssl=1 300w, https:\/\/eagdxzavzrq.exactdn.com\/padresconscientes\/wp-content\/uploads\/2024\/06\/imagen-articulo-7-1024x683.jpg?strip=all&amp;lossy=1&amp;ssl=1 1024w, https:\/\/eagdxzavzrq.exactdn.com\/padresconscientes\/wp-content\/uploads\/2024\/06\/imagen-articulo-7-768x512.jpg?strip=all&amp;lossy=1&amp;ssl=1 768w, https:\/\/eagdxzavzrq.exactdn.com\/padresconscientes\/wp-content\/uploads\/2024\/06\/imagen-articulo-7.jpg?strip=all&amp;lossy=1&amp;w=511&amp;ssl=1 511w\" sizes=\"(max-width: 1279px) 100vw, 1279px\" \/>                    <\/div>\n                <\/a>\n            \n            \n            <div class=\"ee-post-wrap\">\n                \n                                    <h3 class=\"ee-post-title\">\n                        <a class=\"ee-post-title-link\" href=\"https:\/\/demo.psicoweb.co\/padresconscientes\/la-magia-del-juego-en-la-crianza-respetuosa-beneficios-y-actividades-para-disfrutar-en-familia\/\" >\n                            La magia del juego en la crianza respetuosa: Beneficios y actividades para disfrutar en familia                        <\/a>\n                    <\/h3>\n                                    <div class=\"ee-post-content\">\n                        El juego es una parte fundamental en la crianza respetuosa, ya que permite que los ni\u00f1os desarrollen habilidades sociales, emocionales&hellip;                    <\/div>\n                \n                \n            <\/div>\n\n                    <\/article>\n\n            <article class=\"ee-post\">\n            \n                                            <a class=\"ee-post-image-link ee-posts-image-left\" href=\"https:\/\/demo.psicoweb.co\/padresconscientes\/descubre-el-poder-de-las-tecnicas-neuro-reprocesadoras-y-sus-beneficios-para-tu-bienestar\/\" aria-label=\"Descubre el poder de las t\u00e9cnicas neuro reprocesadoras y sus beneficios para tu bienestar\">\n                    <div class=\"ee-post-image\">\n                        <img decoding=\"async\" width=\"1280\" height=\"850\" src=\"https:\/\/eagdxzavzrq.exactdn.com\/padresconscientes\/wp-content\/uploads\/2024\/06\/imagen-articulo-8.jpg?strip=all&amp;lossy=1&amp;ssl=1\" class=\"attachment-full size-full wp-post-image\" alt=\"\" srcset=\"https:\/\/eagdxzavzrq.exactdn.com\/padresconscientes\/wp-content\/uploads\/2024\/06\/imagen-articulo-8.jpg?strip=all&amp;lossy=1&amp;ssl=1 1280w, https:\/\/eagdxzavzrq.exactdn.com\/padresconscientes\/wp-content\/uploads\/2024\/06\/imagen-articulo-8-300x199.jpg?strip=all&amp;lossy=1&amp;ssl=1 300w, https:\/\/eagdxzavzrq.exactdn.com\/padresconscientes\/wp-content\/uploads\/2024\/06\/imagen-articulo-8-1024x680.jpg?strip=all&amp;lossy=1&amp;ssl=1 1024w, https:\/\/eagdxzavzrq.exactdn.com\/padresconscientes\/wp-content\/uploads\/2024\/06\/imagen-articulo-8-768x510.jpg?strip=all&amp;lossy=1&amp;ssl=1 768w, https:\/\/eagdxzavzrq.exactdn.com\/padresconscientes\/wp-content\/uploads\/2024\/06\/imagen-articulo-8.jpg?strip=all&amp;lossy=1&amp;w=512&amp;ssl=1 512w\" sizes=\"(max-width: 1280px) 100vw, 1280px\" \/>                    <\/div>\n                <\/a>\n            \n            \n            <div class=\"ee-post-wrap\">\n                \n                                    <h3 class=\"ee-post-title\">\n                        <a class=\"ee-post-title-link\" href=\"https:\/\/demo.psicoweb.co\/padresconscientes\/descubre-el-poder-de-las-tecnicas-neuro-reprocesadoras-y-sus-beneficios-para-tu-bienestar\/\" >\n                            Descubre el poder de las t\u00e9cnicas neuro reprocesadoras y sus beneficios para tu bienestar                        <\/a>\n                    <\/h3>\n                                    <div class=\"ee-post-content\">\n                        Las t\u00e9cnicas neuro reprocesadoras son un conjunto de herramientas y m\u00e9todos utilizados para reprogramar y reestructurar la forma en que&hellip;                    <\/div>\n                \n                \n            <\/div>\n\n                    <\/article>\n\n    <\/div><div class=\"bde-posts-pagination bde-posts-navigation-numbers\"><ul><li class=\"bde-posts-navigation-numbers--active\"><a class=\"is-active\" href='https:\/\/demo.psicoweb.co\/padresconscientes\/wp-json\/wp\/v2\/pages\/53\/'>1<\/a><\/li><li ><a  href='https:\/\/demo.psicoweb.co\/padresconscientes\/wp-json\/wp\/v2\/pages\/53\/page\/2\/'>2<\/a><\/li><li ><a  href='https:\/\/demo.psicoweb.co\/padresconscientes\/wp-json\/wp\/v2\/pages\/53\/page\/3\/'>3<\/a><\/li><\/ul><\/div>\n<\/div><\/div>\n<\/section>","protected":false},"excerpt":{"rendered":"","protected":false},"author":1,"featured_media":0,"parent":0,"menu_order":0,"comment_status":"closed","ping_status":"closed","template":"","meta":{"_breakdance_hide_in_design_set":false,"_breakdance_tags":"","footnotes":""},"class_list":["post-53","page","type-page","status-publish","hentry"],"_links":{"self":[{"href":"https:\/\/demo.psicoweb.co\/padresconscientes\/wp-json\/wp\/v2\/pages\/53","targetHints":{"allow":["GET"]}}],"collection":[{"href":"https:\/\/demo.psicoweb.co\/padresconscientes\/wp-json\/wp\/v2\/pages"}],"about":[{"href":"https:\/\/demo.psicoweb.co\/padresconscientes\/wp-json\/wp\/v2\/types\/page"}],"author":[{"embeddable":true,"href":"https:\/\/demo.psicoweb.co\/padresconscientes\/wp-json\/wp\/v2\/users\/1"}],"replies":[{"embeddable":true,"href":"https:\/\/demo.psicoweb.co\/padresconscientes\/wp-json\/wp\/v2\/comments?post=53"}],"version-history":[{"count":0,"href":"https:\/\/demo.psicoweb.co\/padresconscientes\/wp-json\/wp\/v2\/pages\/53\/revisions"}],"wp:attachment":[{"href":"https:\/\/demo.psicoweb.co\/padresconscientes\/wp-json\/wp\/v2\/media?parent=53"}],"curies":[{"name":"wp","href":"https:\/\/api.w.org\/{rel}","templated":true}]}}