{"id":629,"date":"2024-06-15T16:16:16","date_gmt":"2024-06-15T15:16:16","guid":{"rendered":"https:\/\/demo.psicoweb.co\/padresconscientes\/?page_id=629"},"modified":"2024-06-16T22:33:45","modified_gmt":"2024-06-16T21:33:45","slug":"crianza-respetuosa","status":"publish","type":"page","link":"https:\/\/demo.psicoweb.co\/padresconscientes\/crianza-respetuosa\/","title":{"rendered":"Crianza respetuosa"},"content":{"rendered":"<section id=\"particles-js\" class=\"bde-section-629-100 bde-section\">\n              \n  \n  \n\t\n\n  <div class=\"section-background-overlay\"><\/div>\n\n\n<div class=\"section-container\"><div class=\"bde-code-block-629-101 bde-code-block\">\n\n  <style>\n.particles-js-canvas-el {\nwidth: 100%;\nheight: 100%;\nposition: absolute;\nz-index: 0;\ntop: 0;\n}\n<\/style>\n \n<script src=\"https:\/\/cdn.jsdelivr.net\/particles.js\/2.0.0\/particles.min.js\"><\/script>\n \n<script>\nparticlesJS(\"particles-js\", {\"particles\":{\"number\":{\"value\":80,\"density\":{\"enable\":true,\"value_area\":800}},\"color\":{\"value\":\"#ffffff\"},\"shape\":{\"type\":\"circle\",\"stroke\":{\"width\":0,\"color\":\"#000000\"},\"polygon\":{\"nb_sides\":5},\"image\":{\"src\":\"img\/github.svg\",\"width\":100,\"height\":100}},\"opacity\":{\"value\":0.5,\"random\":false,\"anim\":{\"enable\":false,\"speed\":1,\"opacity_min\":0.1,\"sync\":false}},\"size\":{\"value\":3,\"random\":true,\"anim\":{\"enable\":false,\"speed\":40,\"size_min\":0.1,\"sync\":false}},\"line_linked\":{\"enable\":true,\"distance\":150,\"color\":\"#ffffff\",\"opacity\":0.4,\"width\":1},\"move\":{\"enable\":true,\"speed\":6,\"direction\":\"none\",\"random\":false,\"straight\":false,\"out_mode\":\"out\",\"bounce\":false,\"attract\":{\"enable\":false,\"rotateX\":600,\"rotateY\":1200}}},\"interactivity\":{\"detect_on\":\"canvas\",\"events\":{\"onhover\":{\"enable\":true,\"mode\":\"repulse\"},\"onclick\":{\"enable\":true,\"mode\":\"push\"},\"resize\":true},\"modes\":{\"grab\":{\"distance\":400,\"line_linked\":{\"opacity\":1}},\"bubble\":{\"distance\":400,\"size\":40,\"duration\":2,\"opacity\":8,\"speed\":3},\"repulse\":{\"distance\":200,\"duration\":0.4},\"push\":{\"particles_nb\":4},\"remove\":{\"particles_nb\":2}}},\"retina_detect\":true});var count_particles, stats, update; stats = new Stats; stats.setMode(0); stats.domElement.style.position = 'absolute'; stats.domElement.style.left = '0px'; stats.domElement.style.top = '0px'; document.body.appendChild(stats.domElement); count_particles = document.querySelector('.js-count-particles'); update = function() { stats.begin(); stats.end(); if (window.pJSDom[0].pJS.particles && window.pJSDom[0].pJS.particles.array) { count_particles.innerText = window.pJSDom[0].pJS.particles.array.length; } requestAnimationFrame(update); }; requestAnimationFrame(update);;\n<\/script>\n\n\n<\/div><div class=\"bde-div-629-102 bde-div\">\n  \n  \n\t\n\n\n\n<div class=\"bde-div-629-103 bde-div\" data-entrance=\"slideUp\">\n  \n  \n\t\n\n\n\n<h1 class=\"bde-heading-629-104 bde-heading\" data-entrance=\"fade\">\nCrianza<br>Respetuosa\n<\/h1>\n<\/div><div class=\"bde-div-629-105 bde-div\">\n  \n  \n\t\n\n\n\n<div class=\"bde-button-629-106 bde-button\" data-entrance=\"fade\">\n    \n                                    \n    \n    \n    \n    \n            \n                    \n            \n            \n\n    \n    \n    \n    \n    \n    <a class=\"breakdance-link button-atom button-atom--custom bde-button__button\" href=\"#Section-1-crianza-respetuosa\" target=\"_self\" data-type=\"url\"  >\n\n    \n        <span class=\"button-atom__text\">Ver<\/span>\n\n                            \n        \n                <\/a>\n\n    \n\n\n<\/div>\n<\/div>\n<\/div><\/div>\n<\/section><section id=\"Section-1-crianza-respetuosa\" class=\"bde-section-629-107 bde-section\">\n  \n  \n\t\n\n\n\n<div class=\"section-container\"><div class=\"bde-columns-629-108 bde-columns\"><div class=\"bde-column-629-109 bde-column\">\n  \n  \n\t\n\n\n\n<div class=\"bde-image-629-110 bde-image\">\n<figure class=\"breakdance-image breakdance-image--754\">\n\t<div class=\"breakdance-image-container\">\n\t\t<div class=\"breakdance-image-clip\"><img decoding=\"async\" class=\"breakdance-image-object\" src=\"https:\/\/eagdxzavzrq.exactdn.com\/padresconscientes\/wp-content\/uploads\/2024\/06\/crianza-respetuosa-1-768x1152.jpg?strip=all&lossy=1&ssl=1\" width=\"768\" height=\"1152\" srcset=\"https:\/\/demo.psicoweb.co\/padresconscientes\/wp-content\/uploads\/2024\/06\/crianza-respetuosa-1.jpg 1280w, https:\/\/demo.psicoweb.co\/padresconscientes\/wp-content\/uploads\/2024\/06\/crianza-respetuosa-1-200x300.jpg 200w, https:\/\/demo.psicoweb.co\/padresconscientes\/wp-content\/uploads\/2024\/06\/crianza-respetuosa-1-683x1024.jpg 683w, https:\/\/eagdxzavzrq.exactdn.com\/padresconscientes\/wp-content\/uploads\/2024\/06\/crianza-respetuosa-1-768x1152.jpg?strip=all&lossy=1&ssl=1 768w, https:\/\/demo.psicoweb.co\/padresconscientes\/wp-content\/uploads\/2024\/06\/crianza-respetuosa-1-1024x1536.jpg 1024w\" sizes=\"(max-width: 1280px) 100vw, 1280px\"><\/div>\n\t<\/div><\/figure>\n\n<\/div>\n<\/div><div class=\"bde-column-629-111 bde-column\">\n  \n  \n\t\n\n\n\n<div class=\"bde-text-629-112 bde-text\">\nAsesoramiento en\n<\/div><h2 class=\"bde-heading-629-113 bde-heading\">\nCrianza Respetuosa\n<\/h2><div class=\"bde-text-629-114 bde-text\">\nMe encantar\u00eda acompa\u00f1arte en ese maravilloso viaje que es la crianza de tu hijo\/a. Desde el primer latido que escuches en el embarazo hasta los primeros pasos y palabras de tu peque\u00f1o, estar\u00e9 a tu lado para ofrecerte apoyo y orientaci\u00f3n.<br><br>Puedes contactarme para resolver todas las dudas que puedan surgir en tu camino, ya sea sobre alimentaci\u00f3n, desarrollo emocional o cualquier otro aspecto de la primera infancia.<br><br>Juntos, haremos de esta etapa una experiencia enriquecedora y llena de amor.<br><br>El mundo de la maternidad y la paternidad es un universo lleno de desaf\u00edos y experiencias maravillosas, pero a veces tambi\u00e9n angustiantes, que merecen ser tenidos en cuenta, ya que las vivencias que tenga tu hijo\/a en las etapas de desarrollo tendr\u00e1n un impacto significativo en su adultez.<br><br>Al acompa\u00f1ar de manera respetuosa a nuestros hijos, estaremos invirtiendo en su buen desarrollo futuro, para que puedan convertirse en seres humanos \u00edntegros, seguros, con valores, autoconfianza y confianza en la vida.<br><br>Cada momento compartido, cada palabra de aliento y cada gesto de amor construyen los cimientos sobre los cuales se erigir\u00e1 su personalidad y su capacidad para enfrentar el mundo con resiliencia y optimismo.\n<\/div><div class=\"bde-text-629-115 bde-text\">\nNo dudes en contactar para poder asesorarte en todo aquello que necesites.\n<\/div><div class=\"bde-button-629-116 bde-button\">\n    \n                                    \n    \n    \n    \n    \n            \n                    \n            \n            \n\n    \n    \n    \n    \n    \n    <a class=\"breakdance-link button-atom button-atom--secondary bde-button__button\" href=\"https:\/\/demo.psicoweb.co\/padresconscientes\/contacto\/\" target=\"_self\" data-type=\"url\"  >\n\n    \n        <span class=\"button-atom__text\">Cont\u00e1ctame<\/span>\n\n        \n        \n                <\/a>\n\n    \n\n\n<\/div>\n<\/div><\/div><\/div>\n<\/section>","protected":false},"excerpt":{"rendered":"<p>CrianzaRespetuosa Ver Asesoramiento en Crianza Respetuosa Me encantar\u00eda acompa\u00f1arte en ese maravilloso viaje que es la crianza de tu hijo\/a. Desde el primer latido que escuches en el embarazo hasta los primeros pasos y palabras de tu peque\u00f1o, estar\u00e9 a tu lado para ofrecerte apoyo y orientaci\u00f3n.Puedes contactarme para resolver todas las dudas que puedan [&hellip;]<\/p>\n","protected":false},"author":1,"featured_media":0,"parent":0,"menu_order":0,"comment_status":"closed","ping_status":"closed","template":"","meta":{"_breakdance_hide_in_design_set":false,"_breakdance_tags":"","footnotes":""},"class_list":["post-629","page","type-page","status-publish","hentry"],"_links":{"self":[{"href":"https:\/\/demo.psicoweb.co\/padresconscientes\/wp-json\/wp\/v2\/pages\/629","targetHints":{"allow":["GET"]}}],"collection":[{"href":"https:\/\/demo.psicoweb.co\/padresconscientes\/wp-json\/wp\/v2\/pages"}],"about":[{"href":"https:\/\/demo.psicoweb.co\/padresconscientes\/wp-json\/wp\/v2\/types\/page"}],"author":[{"embeddable":true,"href":"https:\/\/demo.psicoweb.co\/padresconscientes\/wp-json\/wp\/v2\/users\/1"}],"replies":[{"embeddable":true,"href":"https:\/\/demo.psicoweb.co\/padresconscientes\/wp-json\/wp\/v2\/comments?post=629"}],"version-history":[{"count":0,"href":"https:\/\/demo.psicoweb.co\/padresconscientes\/wp-json\/wp\/v2\/pages\/629\/revisions"}],"wp:attachment":[{"href":"https:\/\/demo.psicoweb.co\/padresconscientes\/wp-json\/wp\/v2\/media?parent=629"}],"curies":[{"name":"wp","href":"https:\/\/api.w.org\/{rel}","templated":true}]}}