{"id":633,"date":"2024-06-15T16:17:09","date_gmt":"2024-06-15T15:17:09","guid":{"rendered":"https:\/\/demo.psicoweb.co\/padresconscientes\/?page_id=633"},"modified":"2024-06-16T22:40:04","modified_gmt":"2024-06-16T21:40:04","slug":"psicoterapia-individual-familias","status":"publish","type":"page","link":"https:\/\/demo.psicoweb.co\/padresconscientes\/psicoterapia-individual-familias\/","title":{"rendered":"Psicoterapia individual -familias-"},"content":{"rendered":"<section id=\"particles-js\" class=\"bde-section-633-100 bde-section\">\n              \n  \n  \n\t\n\n  <div class=\"section-background-overlay\"><\/div>\n\n\n<div class=\"section-container\"><div class=\"bde-code-block-633-101 bde-code-block\">\n\n  <style>\n.particles-js-canvas-el {\nwidth: 100%;\nheight: 100%;\nposition: absolute;\nz-index: 0;\ntop: 0;\n}\n<\/style>\n \n<script src=\"https:\/\/cdn.jsdelivr.net\/particles.js\/2.0.0\/particles.min.js\"><\/script>\n \n<script>\nparticlesJS(\"particles-js\", {\"particles\":{\"number\":{\"value\":80,\"density\":{\"enable\":true,\"value_area\":800}},\"color\":{\"value\":\"#ffffff\"},\"shape\":{\"type\":\"circle\",\"stroke\":{\"width\":0,\"color\":\"#000000\"},\"polygon\":{\"nb_sides\":5},\"image\":{\"src\":\"img\/github.svg\",\"width\":100,\"height\":100}},\"opacity\":{\"value\":0.5,\"random\":false,\"anim\":{\"enable\":false,\"speed\":1,\"opacity_min\":0.1,\"sync\":false}},\"size\":{\"value\":3,\"random\":true,\"anim\":{\"enable\":false,\"speed\":40,\"size_min\":0.1,\"sync\":false}},\"line_linked\":{\"enable\":true,\"distance\":150,\"color\":\"#ffffff\",\"opacity\":0.4,\"width\":1},\"move\":{\"enable\":true,\"speed\":6,\"direction\":\"none\",\"random\":false,\"straight\":false,\"out_mode\":\"out\",\"bounce\":false,\"attract\":{\"enable\":false,\"rotateX\":600,\"rotateY\":1200}}},\"interactivity\":{\"detect_on\":\"canvas\",\"events\":{\"onhover\":{\"enable\":true,\"mode\":\"repulse\"},\"onclick\":{\"enable\":true,\"mode\":\"push\"},\"resize\":true},\"modes\":{\"grab\":{\"distance\":400,\"line_linked\":{\"opacity\":1}},\"bubble\":{\"distance\":400,\"size\":40,\"duration\":2,\"opacity\":8,\"speed\":3},\"repulse\":{\"distance\":200,\"duration\":0.4},\"push\":{\"particles_nb\":4},\"remove\":{\"particles_nb\":2}}},\"retina_detect\":true});var count_particles, stats, update; stats = new Stats; stats.setMode(0); stats.domElement.style.position = 'absolute'; stats.domElement.style.left = '0px'; stats.domElement.style.top = '0px'; document.body.appendChild(stats.domElement); count_particles = document.querySelector('.js-count-particles'); update = function() { stats.begin(); stats.end(); if (window.pJSDom[0].pJS.particles && window.pJSDom[0].pJS.particles.array) { count_particles.innerText = window.pJSDom[0].pJS.particles.array.length; } requestAnimationFrame(update); }; requestAnimationFrame(update);;\n<\/script>\n\n\n<\/div><div class=\"bde-div-633-102 bde-div\">\n  \n  \n\t\n\n\n\n<div class=\"bde-div-633-103 bde-div\" data-entrance=\"slideUp\">\n  \n  \n\t\n\n\n\n<h1 class=\"bde-heading-633-104 bde-heading\" data-entrance=\"fade\">\nPsicoterapia<br>Individual<br>-Familias-\n<\/h1>\n<\/div><div class=\"bde-div-633-105 bde-div\">\n  \n  \n\t\n\n\n\n<div class=\"bde-button-633-106 bde-button\" data-entrance=\"fade\">\n    \n                                    \n    \n    \n    \n    \n            \n                    \n            \n            \n\n    \n    \n    \n    \n    \n    <a class=\"breakdance-link button-atom button-atom--custom bde-button__button\" href=\"#Section-1-quien-soy\" target=\"_self\" data-type=\"url\"  >\n\n    \n        <span class=\"button-atom__text\">Ver<\/span>\n\n                            \n        \n                <\/a>\n\n    \n\n\n<\/div>\n<\/div>\n<\/div><\/div>\n<\/section><section id=\"Section-1-psicoterapia-individual-familias\" class=\"bde-section-633-107 bde-section\">\n  \n  \n\t\n\n\n\n<div class=\"section-container\"><div class=\"bde-columns-633-108 bde-columns\"><div class=\"bde-column-633-109 bde-column\">\n  \n  \n\t\n\n\n\n<div class=\"bde-image-633-110 bde-image\">\n<figure class=\"breakdance-image breakdance-image--753\">\n\t<div class=\"breakdance-image-container\">\n\t\t<div class=\"breakdance-image-clip\"><img decoding=\"async\" class=\"breakdance-image-object\" src=\"https:\/\/eagdxzavzrq.exactdn.com\/padresconscientes\/wp-content\/uploads\/2024\/06\/psicoterapia-individual-familias-1-768x1152.jpg?strip=all&lossy=1&ssl=1\" width=\"768\" height=\"1152\" srcset=\"https:\/\/demo.psicoweb.co\/padresconscientes\/wp-content\/uploads\/2024\/06\/psicoterapia-individual-familias-1.jpg 1280w, https:\/\/demo.psicoweb.co\/padresconscientes\/wp-content\/uploads\/2024\/06\/psicoterapia-individual-familias-1-200x300.jpg 200w, https:\/\/demo.psicoweb.co\/padresconscientes\/wp-content\/uploads\/2024\/06\/psicoterapia-individual-familias-1-683x1024.jpg 683w, https:\/\/eagdxzavzrq.exactdn.com\/padresconscientes\/wp-content\/uploads\/2024\/06\/psicoterapia-individual-familias-1-768x1152.jpg?strip=all&lossy=1&ssl=1 768w, https:\/\/demo.psicoweb.co\/padresconscientes\/wp-content\/uploads\/2024\/06\/psicoterapia-individual-familias-1-1024x1536.jpg 1024w\" sizes=\"(max-width: 1280px) 100vw, 1280px\"><\/div>\n\t<\/div><\/figure>\n\n<\/div>\n<\/div><div class=\"bde-column-633-111 bde-column\">\n  \n  \n\t\n\n\n\n<div class=\"bde-text-633-112 bde-text\">\nConsulta\n<\/div><h2 class=\"bde-heading-633-113 bde-heading\">\nPsicoterapia Individual \u2013Familias\u2013\n<\/h2><div class=\"bde-text-633-114 bde-text\">\nConvertirse en padres es un viaje lleno de desaf\u00edos y descubrimientos, y muchas veces nos encontramos incompletos o inseguros cuando llega ese momento crucial. La llegada de un beb\u00e9 a nuestras vidas demanda una atenci\u00f3n constante, un acompa\u00f1amiento incondicional y una presencia amorosa que a veces sentimos que no podemos ofrecer plenamente. Sin embargo, es en esos momentos de vulnerabilidad y duda donde encontramos la fuerza para crecer junto a nuestro hijo, aprendiendo a ser mejores versiones de nosotros mismos. A trav\u00e9s del amor y el compromiso, descubrimos que no se trata de ser perfectos, sino de estar presentes y dispuestos a aprender cada d\u00eda.<br><br>Nuestros hijos, como esponjas, absorben cada emoci\u00f3n y comportamiento que manifestamos, reflejando nuestros miedos, ansiedades e inseguridades. Por ello, es crucial asumir la responsabilidad de ser el mejor padre o madre posible, cultivando un ambiente de amor, seguridad y positividad. Al hacerlo, no solo les proporcionamos una base s\u00f3lida para su desarrollo emocional y mental, sino que tambi\u00e9n les damos las herramientas necesarias para crecer felices y sanos en todos los aspectos de sus vidas. Nuestra propia transformaci\u00f3n y bienestar se convierten en el espejo donde ellos encuentran la confianza y la alegr\u00eda para enfrentar el mundo.<br><br>A veces, necesitamos mirar hacia adentro para identificar las barreras invisibles que nos frenan en la vida. Este acto de introspecci\u00f3n nos permite tomar consciencia de los patrones y emociones que afectan nuestras relaciones con nuestros hijos, pareja, familiares, amigos o incluso en el \u00e1mbito laboral. Al reconocer estas dificultades internas, podemos comenzar a desmantelar los obst\u00e1culos que impiden una conexi\u00f3n genuina y saludable con los dem\u00e1s. Solo al enfrentar y comprender nuestras propias sombras, podemos iluminar el camino hacia relaciones m\u00e1s aut\u00e9nticas y satisfactorias.<br><br>El bienestar de nuestros hijos est\u00e1 profundamente entrelazado con nuestro propio estado de salud y equilibrio emocional. Cuando nosotros, como padres, cultivamos una vida plena y saludable, no solo nos beneficiamos a nosotros mismos, sino que tambi\u00e9n creamos un entorno seguro y positivo para nuestros hijos. Este ambiente les proporciona la confianza y la seguridad necesarias para enfrentar los desaf\u00edos de la vida con valent\u00eda y resiliencia. Al cuidar de nuestro bienestar f\u00edsico, mental y emocional, les damos el mejor ejemplo y las herramientas esenciales para que ellos tambi\u00e9n puedan prosperar y alcanzar su m\u00e1ximo potencial.<br><br>Me encantar\u00eda acompa\u00f1arte en este viaje interior, siendo tu apoyo constante y sost\u00e9n firme, mientras juntos exploramos la toma de consciencia desde la autorresponsabilidad. Enfrentaremos los conflictos vitales con valent\u00eda y compasi\u00f3n, desentra\u00f1ando cada desaf\u00edo para transformarlo en una oportunidad de crecimiento. Poco a poco, te guiar\u00e9 hacia una vida m\u00e1s arm\u00f3nica, donde la felicidad y la tranquilidad se conviertan en tus compa\u00f1eras inseparables. Juntos, construiremos un camino lleno de luz y serenidad, donde cada paso te acerque m\u00e1s a tu verdadero ser.\n<\/div><div class=\"bde-text-633-115 bde-text\">\nNo lo dudes, estoy aqu\u00ed para ayudarte, sin juicios y mir\u00e1ndonos como seres humanos que somos, con nuestras trabas e imperfecciones. <br>Caminemos juntos\u2026<br>\n<\/div><div class=\"bde-button-633-116 bde-button\">\n    \n                                    \n    \n    \n    \n    \n            \n                    \n            \n            \n\n    \n    \n    \n    \n    \n    <a class=\"breakdance-link button-atom button-atom--secondary bde-button__button\" href=\"https:\/\/demo.psicoweb.co\/padresconscientes\/contacto\/\" target=\"_self\" data-type=\"url\"  >\n\n    \n        <span class=\"button-atom__text\">Cont\u00e1ctame<\/span>\n\n        \n        \n                <\/a>\n\n    \n\n\n<\/div>\n<\/div><\/div><\/div>\n<\/section>","protected":false},"excerpt":{"rendered":"<p>PsicoterapiaIndividual-Familias- Ver Consulta Psicoterapia Individual \u2013Familias\u2013 Convertirse en padres es un viaje lleno de desaf\u00edos y descubrimientos, y muchas veces nos encontramos incompletos o inseguros cuando llega ese momento crucial. La llegada de un beb\u00e9 a nuestras vidas demanda una atenci\u00f3n constante, un acompa\u00f1amiento incondicional y una presencia amorosa que a veces sentimos que no [&hellip;]<\/p>\n","protected":false},"author":1,"featured_media":0,"parent":0,"menu_order":0,"comment_status":"closed","ping_status":"closed","template":"","meta":{"_breakdance_hide_in_design_set":false,"_breakdance_tags":"","footnotes":""},"class_list":["post-633","page","type-page","status-publish","hentry"],"_links":{"self":[{"href":"https:\/\/demo.psicoweb.co\/padresconscientes\/wp-json\/wp\/v2\/pages\/633","targetHints":{"allow":["GET"]}}],"collection":[{"href":"https:\/\/demo.psicoweb.co\/padresconscientes\/wp-json\/wp\/v2\/pages"}],"about":[{"href":"https:\/\/demo.psicoweb.co\/padresconscientes\/wp-json\/wp\/v2\/types\/page"}],"author":[{"embeddable":true,"href":"https:\/\/demo.psicoweb.co\/padresconscientes\/wp-json\/wp\/v2\/users\/1"}],"replies":[{"embeddable":true,"href":"https:\/\/demo.psicoweb.co\/padresconscientes\/wp-json\/wp\/v2\/comments?post=633"}],"version-history":[{"count":0,"href":"https:\/\/demo.psicoweb.co\/padresconscientes\/wp-json\/wp\/v2\/pages\/633\/revisions"}],"wp:attachment":[{"href":"https:\/\/demo.psicoweb.co\/padresconscientes\/wp-json\/wp\/v2\/media?parent=633"}],"curies":[{"name":"wp","href":"https:\/\/api.w.org\/{rel}","templated":true}]}}