{"id":53,"date":"2024-05-07T19:53:11","date_gmt":"2024-05-07T19:53:11","guid":{"rendered":"http:\/\/demo.psicoweb.co\/senderosdelalma\/?page_id=53"},"modified":"2024-06-07T21:30:17","modified_gmt":"2024-06-07T20:30:17","slug":"blog-y-recursos","status":"publish","type":"page","link":"https:\/\/demo.psicoweb.co\/senderosdelalma\/blog-y-recursos\/","title":{"rendered":"Blog y Recursos"},"content":{"rendered":"<section class=\"bde-section-53-100 bde-section\">\n  \n  \n\t\n\n\n\n<div class=\"section-container\"><h2 class=\"bde-heading-53-102 bde-heading\">\nSum\u00e9rgete en el Blog\n<\/h2><div class=\"bde-post-list-53-103 bde-post-list\">\n<div class=\"ee-posts ee-posts-list\">        <article class=\"ee-post\">\n            \n                                            <a class=\"ee-post-image-link ee-posts-image-left\" href=\"https:\/\/demo.psicoweb.co\/senderosdelalma\/encontrando-esperanza-en-tiempos-dificiles-lecciones-de-la-logoterapia-y-la-psicologia-existencial\/\" aria-label=\"Encontrando Esperanza en Tiempos Dif\u00edciles: Lecciones de la Logoterapia y la Psicolog\u00eda Existencial\">\n                    <div class=\"ee-post-image\">\n                        <img decoding=\"async\" width=\"768\" height=\"768\" src=\"https:\/\/epoo4j26vsv.exactdn.com\/senderosdelalma\/wp-content\/uploads\/2024\/05\/DefaultImage_1715708096-27.webp?strip=all&amp;lossy=1&amp;ssl=1\" class=\"attachment-full size-full wp-post-image\" alt=\"\" srcset=\"https:\/\/epoo4j26vsv.exactdn.com\/senderosdelalma\/wp-content\/uploads\/2024\/05\/DefaultImage_1715708096-27.webp?strip=all&amp;lossy=1&amp;ssl=1 768w, https:\/\/epoo4j26vsv.exactdn.com\/senderosdelalma\/wp-content\/uploads\/2024\/05\/DefaultImage_1715708096-27-300x300.webp?strip=all&amp;lossy=1&amp;ssl=1 300w, https:\/\/epoo4j26vsv.exactdn.com\/senderosdelalma\/wp-content\/uploads\/2024\/05\/DefaultImage_1715708096-27-150x150.webp?strip=all&amp;lossy=1&amp;ssl=1 150w, https:\/\/epoo4j26vsv.exactdn.com\/senderosdelalma\/wp-content\/uploads\/2024\/05\/DefaultImage_1715708096-27.webp?strip=all&amp;lossy=1&amp;w=460&amp;ssl=1 460w, https:\/\/epoo4j26vsv.exactdn.com\/senderosdelalma\/wp-content\/uploads\/2024\/05\/DefaultImage_1715708096-27.webp?strip=all&amp;lossy=1&amp;w=614&amp;ssl=1 614w\" sizes=\"(max-width: 768px) 100vw, 768px\" \/>                    <\/div>\n                <\/a>\n            \n            \n            <div class=\"ee-post-wrap\">\n                \n                                    <h3 class=\"ee-post-title\">\n                        <a class=\"ee-post-title-link\" href=\"https:\/\/demo.psicoweb.co\/senderosdelalma\/encontrando-esperanza-en-tiempos-dificiles-lecciones-de-la-logoterapia-y-la-psicologia-existencial\/\" >\n                            Encontrando Esperanza en Tiempos Dif\u00edciles: Lecciones de la Logoterapia y la Psicolog\u00eda Existencial                        <\/a>\n                    <\/h3>\n                                    <div class=\"ee-post-content\">\n                        Cuando la vida nos presenta desaf\u00edos y crisis, a menudo&hellip;                    <\/div>\n                \n    \n                                    \n    \n    \n    \n    \n            \n                    \n            \n            \n\n    \n    \n    \n    \n    \n    <a class=\"breakdance-link button-atom button-atom--text ee-post-button\" href=\"https:\/\/demo.psicoweb.co\/senderosdelalma\/encontrando-esperanza-en-tiempos-dificiles-lecciones-de-la-logoterapia-y-la-psicologia-existencial\/\" target=\"_self\" data-type=\"\"  >\n\n    \n        <span class=\"button-atom__text\">Leer m\u00e1s<\/span>\n\n        \n                    \n    <span class=\"button-atom__icon-wrapper\">\n\n        \n            <svg class=\"un-arrow-icon\" width=\"10\" height=\"10\" viewBox=\"0 0 10 10\" aria-hidden=\"true\">\n                <g fill-rule=\"evenodd\">\n                    <path class=\"un-arrow-icon_arrow\" d=\"M1 1l4 4-4 4\"><\/path>\n                <\/g>\n            <\/svg>\n\n        \n    <\/span>\n\n\n        \n                <\/a>\n\n    \n\n\n\n\n                \n            <\/div>\n\n                    <\/article>\n\n            <article class=\"ee-post\">\n            \n                                            <a class=\"ee-post-image-link ee-posts-image-left\" href=\"https:\/\/demo.psicoweb.co\/senderosdelalma\/la-libertad-de-ser-explorando-la-autenticidad-a-traves-de-la-logoterapia\/\" aria-label=\"La Libertad de Ser: Explorando la Autenticidad a trav\u00e9s de la Logoterapia\">\n                    <div class=\"ee-post-image\">\n                        <img decoding=\"async\" width=\"768\" height=\"768\" src=\"https:\/\/epoo4j26vsv.exactdn.com\/senderosdelalma\/wp-content\/uploads\/2024\/05\/DefaultImage_1715708096-19.webp?strip=all&amp;lossy=1&amp;ssl=1\" class=\"attachment-full size-full wp-post-image\" alt=\"\" srcset=\"https:\/\/epoo4j26vsv.exactdn.com\/senderosdelalma\/wp-content\/uploads\/2024\/05\/DefaultImage_1715708096-19.webp?strip=all&amp;lossy=1&amp;ssl=1 768w, https:\/\/epoo4j26vsv.exactdn.com\/senderosdelalma\/wp-content\/uploads\/2024\/05\/DefaultImage_1715708096-19-300x300.webp?strip=all&amp;lossy=1&amp;ssl=1 300w, https:\/\/epoo4j26vsv.exactdn.com\/senderosdelalma\/wp-content\/uploads\/2024\/05\/DefaultImage_1715708096-19-150x150.webp?strip=all&amp;lossy=1&amp;ssl=1 150w, https:\/\/epoo4j26vsv.exactdn.com\/senderosdelalma\/wp-content\/uploads\/2024\/05\/DefaultImage_1715708096-19.webp?strip=all&amp;lossy=1&amp;w=460&amp;ssl=1 460w, https:\/\/epoo4j26vsv.exactdn.com\/senderosdelalma\/wp-content\/uploads\/2024\/05\/DefaultImage_1715708096-19.webp?strip=all&amp;lossy=1&amp;w=614&amp;ssl=1 614w\" sizes=\"(max-width: 768px) 100vw, 768px\" \/>                    <\/div>\n                <\/a>\n            \n            \n            <div class=\"ee-post-wrap\">\n                \n                                    <h3 class=\"ee-post-title\">\n                        <a class=\"ee-post-title-link\" href=\"https:\/\/demo.psicoweb.co\/senderosdelalma\/la-libertad-de-ser-explorando-la-autenticidad-a-traves-de-la-logoterapia\/\" >\n                            La Libertad de Ser: Explorando la Autenticidad a trav\u00e9s de la Logoterapia                        <\/a>\n                    <\/h3>\n                                    <div class=\"ee-post-content\">\n                        Introducci\u00f3n a la Logoterapia: Descubriendo el Significado de la Vida&hellip;                    <\/div>\n                \n    \n                                    \n    \n    \n    \n    \n            \n                    \n            \n            \n\n    \n    \n    \n    \n    \n    <a class=\"breakdance-link button-atom button-atom--text ee-post-button\" href=\"https:\/\/demo.psicoweb.co\/senderosdelalma\/la-libertad-de-ser-explorando-la-autenticidad-a-traves-de-la-logoterapia\/\" target=\"_self\" data-type=\"\"  >\n\n    \n        <span class=\"button-atom__text\">Leer m\u00e1s<\/span>\n\n        \n                    \n    <span class=\"button-atom__icon-wrapper\">\n\n        \n            <svg class=\"un-arrow-icon\" width=\"10\" height=\"10\" viewBox=\"0 0 10 10\" aria-hidden=\"true\">\n                <g fill-rule=\"evenodd\">\n                    <path class=\"un-arrow-icon_arrow\" d=\"M1 1l4 4-4 4\"><\/path>\n                <\/g>\n            <\/svg>\n\n        \n    <\/span>\n\n\n        \n                <\/a>\n\n    \n\n\n\n\n                \n            <\/div>\n\n                    <\/article>\n\n            <article class=\"ee-post\">\n            \n                                            <a class=\"ee-post-image-link ee-posts-image-left\" href=\"https:\/\/demo.psicoweb.co\/senderosdelalma\/afrontando-el-sufrimiento-reflexiones-desde-la-logoterapia-y-la-psicologia-existencial\/\" aria-label=\"Afrontando el Sufrimiento: Reflexiones desde la Logoterapia y la Psicolog\u00eda Existencial\">\n                    <div class=\"ee-post-image\">\n                        <img decoding=\"async\" width=\"768\" height=\"768\" src=\"https:\/\/epoo4j26vsv.exactdn.com\/senderosdelalma\/wp-content\/uploads\/2024\/05\/DefaultImage_1715708096-26.webp?strip=all&amp;lossy=1&amp;ssl=1\" class=\"attachment-full size-full wp-post-image\" alt=\"\" srcset=\"https:\/\/epoo4j26vsv.exactdn.com\/senderosdelalma\/wp-content\/uploads\/2024\/05\/DefaultImage_1715708096-26.webp?strip=all&amp;lossy=1&amp;ssl=1 768w, https:\/\/epoo4j26vsv.exactdn.com\/senderosdelalma\/wp-content\/uploads\/2024\/05\/DefaultImage_1715708096-26-300x300.webp?strip=all&amp;lossy=1&amp;ssl=1 300w, https:\/\/epoo4j26vsv.exactdn.com\/senderosdelalma\/wp-content\/uploads\/2024\/05\/DefaultImage_1715708096-26-150x150.webp?strip=all&amp;lossy=1&amp;ssl=1 150w, https:\/\/epoo4j26vsv.exactdn.com\/senderosdelalma\/wp-content\/uploads\/2024\/05\/DefaultImage_1715708096-26.webp?strip=all&amp;lossy=1&amp;w=460&amp;ssl=1 460w, https:\/\/epoo4j26vsv.exactdn.com\/senderosdelalma\/wp-content\/uploads\/2024\/05\/DefaultImage_1715708096-26.webp?strip=all&amp;lossy=1&amp;w=614&amp;ssl=1 614w\" sizes=\"(max-width: 768px) 100vw, 768px\" \/>                    <\/div>\n                <\/a>\n            \n            \n            <div class=\"ee-post-wrap\">\n                \n                                    <h3 class=\"ee-post-title\">\n                        <a class=\"ee-post-title-link\" href=\"https:\/\/demo.psicoweb.co\/senderosdelalma\/afrontando-el-sufrimiento-reflexiones-desde-la-logoterapia-y-la-psicologia-existencial\/\" >\n                            Afrontando el Sufrimiento: Reflexiones desde la Logoterapia y la Psicolog\u00eda Existencial                        <\/a>\n                    <\/h3>\n                                    <div class=\"ee-post-content\">\n                        Todos en alg\u00fan momento de nuestras vidas hemos experimentado el&hellip;                    <\/div>\n                \n    \n                                    \n    \n    \n    \n    \n            \n                    \n            \n            \n\n    \n    \n    \n    \n    \n    <a class=\"breakdance-link button-atom button-atom--text ee-post-button\" href=\"https:\/\/demo.psicoweb.co\/senderosdelalma\/afrontando-el-sufrimiento-reflexiones-desde-la-logoterapia-y-la-psicologia-existencial\/\" target=\"_self\" data-type=\"\"  >\n\n    \n        <span class=\"button-atom__text\">Leer m\u00e1s<\/span>\n\n        \n                    \n    <span class=\"button-atom__icon-wrapper\">\n\n        \n            <svg class=\"un-arrow-icon\" width=\"10\" height=\"10\" viewBox=\"0 0 10 10\" aria-hidden=\"true\">\n                <g fill-rule=\"evenodd\">\n                    <path class=\"un-arrow-icon_arrow\" d=\"M1 1l4 4-4 4\"><\/path>\n                <\/g>\n            <\/svg>\n\n        \n    <\/span>\n\n\n        \n                <\/a>\n\n    \n\n\n\n\n                \n            <\/div>\n\n                    <\/article>\n\n    <\/div><div class='bde-posts-pagination' data-ssr-path='breakdance\/subplugins\/breakdance-elements\/elements\/PostsList\/ssr.php'>\n\n                                    \n    \n    \n    \n    \n            \n            <button type=\"submit\" class=\"button-atom button-atom--custom bde-posts-pagination-loadmore-button\"  >\n    \n        <span class=\"button-atom__text\">Cargar m\u00e1s...<\/span>\n\n        \n        \n            <\/button>\n    \n\n<\/div>\n<\/div><\/div>\n<\/section><section class=\"bde-section-53-105 bde-section\">\n  \n  \n\t\n\n\n\n<div class=\"section-container\"><div class=\"bde-div-53-106 bde-div\">\n  \n  \n\t\n\n\n\n<h2 class=\"bde-heading-53-107 bde-heading\">\nRecursos\n<\/h2><p class=\"bde-text-53-108 bde-text\">\nEsta secci\u00f3n incluye una lista de libros recomendados, enlaces a estudios relevantes sobre Logoterapia y psicolog\u00eda existencial, y otros recursos que puedan ser \u00fatiles para los visitantes del sitio.\n<\/p>\n<\/div><div class=\"bde-div-53-109 bde-div\">\n  \n  \n\t\n\n\n\n<div class=\"bde-columns-53-110 bde-columns\"><div class=\"bde-column-53-111 bde-column\">\n  \n  \n\t\n\n\n\n<h3 class=\"bde-heading-53-112 bde-heading\">\nLibros Recomendados\n<\/h3>\n<\/div><div class=\"bde-column-53-113 bde-column\">\n  \n  \n\t\n\n\n\n<p class=\"bde-text-53-114 bde-text\">\n1. \"El hombre en busca de sentido\" de Viktor Frankl<br>2. \"La voluntad de sentido\" de Viktor Frankl<br>3. \"Psicoterapia y existencialismo\" de Viktor Frankl<br>4. \"El vac\u00edo existencial\" de Viktor Frankl<br>5. \"El arte de amar\" de Erich Fromm<br>\n<\/p>\n<\/div><\/div><div class=\"bde-columns-53-115 bde-columns\"><div class=\"bde-column-53-116 bde-column\">\n  \n  \n\t\n\n\n\n<h3 class=\"bde-heading-53-117 bde-heading\">\nEnlaces a Estudios Relevantes\n<\/h3>\n<\/div><div class=\"bde-column-53-118 bde-column\">\n  \n  \n\t\n\n\n\n<p class=\"bde-text-53-119 bde-text\">\n1. \"Logoterapia y an\u00e1lisis existencial: Una revisi\u00f3n de la literatura\" - Este estudio proporciona una visi\u00f3n general de la logoterapia y el an\u00e1lisis existencial, as\u00ed como un resumen de la investigaci\u00f3n y los estudios relevantes en el campo.<br><br>2. \"Aplicaciones pr\u00e1cticas de la logoterapia en el tratamiento de trastornos de ansiedad\" - Este estudio explora c\u00f3mo la logoterapia puede ser utilizada en el tratamiento de trastornos de ansiedad, ofreciendo informaci\u00f3n valiosa para aquellos interesados en este tema.\n<\/p>\n<\/div><\/div><div class=\"bde-columns-53-120 bde-columns\"><div class=\"bde-column-53-121 bde-column\">\n  \n  \n\t\n\n\n\n<h3 class=\"bde-heading-53-122 bde-heading\">\nOtros Recursos\n<\/h3>\n<\/div><div class=\"bde-column-53-123 bde-column\">\n  \n  \n\t\n\n\n\n<p class=\"bde-text-53-124 bde-text\">\n1. Podcasts relacionados con logoterapia y psicolog\u00eda existencial<br><br>2. Art\u00edculos de blog sobre temas relevantes en logoterapia y psicolog\u00eda existencial<br><br>3. Entrevistas con expertos en logoterapia y psicolog\u00eda existencial<br><br>4. Grupos de apoyo y comunidades en l\u00ednea para aquellos interesados en logoterapia y psicolog\u00eda existencial\n<\/p>\n<\/div><\/div><div class=\"bde-columns-53-125 bde-columns\"><div class=\"bde-column-53-126 bde-column\">\n  \n  \n\t\n\n\n\n<h3 class=\"bde-heading-53-127 bde-heading\">\n\u00bfEst\u00e1s buscando algo?\n<\/h3><div class=\"bde-button-53-135 bde-button\">\n    \n                                    \n    \n    \n    \n    \n            \n                    \n            \n            \n\n    \n    \n    \n    \n    \n    <a class=\"breakdance-link button-atom button-atom--secondary bde-button__button\" href=\"https:\/\/demo.psicoweb.co\/senderosdelalma\/contacto\/\" target=\"_self\" data-type=\"url\"  >\n\n    \n        <span class=\"button-atom__text\">Contacta<\/span>\n\n        \n        \n                <\/a>\n\n    \n\n\n<\/div>\n<\/div><div class=\"bde-column-53-128 bde-column\">\n  \n  \n\t\n\n\n\n<p class=\"bde-text-53-129 bde-text\">\nEstos recursos pueden proporcionar informaci\u00f3n adicional, perspectivas enriquecedoras y apoyo para aquellos que est\u00e9n interesados en explorar m\u00e1s sobre logoterapia y psicolog\u00eda existencial. Si necesitas m\u00e1s detalles sobre alg\u00fan recurso en particular, no dudes en ped\u00edrmelo.\n<\/p>\n<\/div><\/div>\n<\/div><\/div>\n<\/section>","protected":false},"excerpt":{"rendered":"","protected":false},"author":1,"featured_media":0,"parent":0,"menu_order":0,"comment_status":"closed","ping_status":"closed","template":"","meta":{"_breakdance_hide_in_design_set":false,"_breakdance_tags":"","footnotes":""},"class_list":["post-53","page","type-page","status-publish","hentry"],"_links":{"self":[{"href":"https:\/\/demo.psicoweb.co\/senderosdelalma\/wp-json\/wp\/v2\/pages\/53","targetHints":{"allow":["GET"]}}],"collection":[{"href":"https:\/\/demo.psicoweb.co\/senderosdelalma\/wp-json\/wp\/v2\/pages"}],"about":[{"href":"https:\/\/demo.psicoweb.co\/senderosdelalma\/wp-json\/wp\/v2\/types\/page"}],"author":[{"embeddable":true,"href":"https:\/\/demo.psicoweb.co\/senderosdelalma\/wp-json\/wp\/v2\/users\/1"}],"replies":[{"embeddable":true,"href":"https:\/\/demo.psicoweb.co\/senderosdelalma\/wp-json\/wp\/v2\/comments?post=53"}],"version-history":[{"count":0,"href":"https:\/\/demo.psicoweb.co\/senderosdelalma\/wp-json\/wp\/v2\/pages\/53\/revisions"}],"wp:attachment":[{"href":"https:\/\/demo.psicoweb.co\/senderosdelalma\/wp-json\/wp\/v2\/media?parent=53"}],"curies":[{"name":"wp","href":"https:\/\/api.w.org\/{rel}","templated":true}]}}