{"id":55,"date":"2024-05-07T19:53:29","date_gmt":"2024-05-07T19:53:29","guid":{"rendered":"http:\/\/demo.psicoweb.co\/senderosdelalma\/?page_id=55"},"modified":"2024-06-07T21:31:10","modified_gmt":"2024-06-07T20:31:10","slug":"contacto","status":"publish","type":"page","link":"https:\/\/demo.psicoweb.co\/senderosdelalma\/contacto\/","title":{"rendered":"Contacto"},"content":{"rendered":"<section class=\"bde-section-55-119 bde-section\">\n  \n  \n\t\n\n\n\n<div class=\"section-container\"><h1 class=\"bde-heading-55-167 bde-heading\">\nContacto\n<\/h1><div class=\"bde-div-55-120 bde-div\">\n  \n  \n\t\n\n\n\n<div class=\"bde-div-55-121 bde-div\">\n  \n  \n\t\n\n\n\n<h3 class=\"bde-heading-55-122 bde-heading\">\nDatos de Contacto\n<\/h3><div class=\"bde-div-55-151 bde-div\">\n  \n  \n\t\n\n\n\n<a class=\"bde-container-link-55-152 bde-container-link breakdance-link\" href=\"\/\" target=\"_self\" data-type=\"url\">\n  \n  \n\t\n\n\n\n<div class=\"bde-icon-55-153 bde-icon\">\n\n    \n            <div class=\"bde-icon-icon breakdance-icon-atom\" >\n    \n                    <svg xmlns=\"http:\/\/www.w3.org\/2000\/svg\" viewBox=\"0 0 512 512\"><!--!Font Awesome Pro 6.5.1 by @fontawesome - https:\/\/fontawesome.com License - https:\/\/fontawesome.com\/license (Commercial License) Copyright 2024 Fonticons, Inc.--><path d=\"M256 0c13.3 0 24 10.7 24 24V65.5C366.8 76.3 435.7 145.2 446.5 232H488c13.3 0 24 10.7 24 24s-10.7 24-24 24H446.5C435.7 366.8 366.8 435.7 280 446.5V488c0 13.3-10.7 24-24 24s-24-10.7-24-24V446.5C145.2 435.7 76.3 366.8 65.5 280H24c-13.3 0-24-10.7-24-24s10.7-24 24-24H65.5C76.3 145.2 145.2 76.3 232 65.5V24c0-13.3 10.7-24 24-24zM112 256a144 144 0 1 0 288 0 144 144 0 1 0 -288 0zm192 0a48 48 0 1 0 -96 0 48 48 0 1 0 96 0zm-144 0a96 96 0 1 1 192 0 96 96 0 1 1 -192 0z\"\/><\/svg>\n        \n        \n        \n            <\/div>\n    \n\n\n<\/div><div class=\"bde-text-55-154 bde-text\">\nCalle Sendero del alma, 34\n<\/div>\n\n<\/a><a class=\"bde-container-link-55-155 bde-container-link breakdance-link\" href=\"\/\" target=\"_self\" data-type=\"url\">\n  \n  \n\t\n\n\n\n<div class=\"bde-icon-55-156 bde-icon\">\n\n    \n            <div class=\"bde-icon-icon breakdance-icon-atom\" >\n    \n                    <svg xmlns=\"http:\/\/www.w3.org\/2000\/svg\" viewBox=\"0 0 512 512\"><!--!Font Awesome Pro 6.5.1 by @fontawesome - https:\/\/fontawesome.com License - https:\/\/fontawesome.com\/license (Commercial License) Copyright 2024 Fonticons, Inc.--><path d=\"M375.8 275.2c-16.4-7-35.4-2.4-46.7 11.4l-33.2 40.6c-46-26.7-84.4-65.1-111.1-111.1L225.3 183c13.8-11.3 18.5-30.3 11.4-46.7l-48-112C181.2 6.7 162.3-3.1 143.6 .9l-112 24C13.2 28.8 0 45.1 0 64v0C0 295.2 175.2 485.6 400.1 509.5c9.8 1 19.6 1.8 29.6 2.2c0 0 0 0 0 0c0 0 .1 0 .1 0c6.1 .2 12.1 .4 18.2 .4l0 0c18.9 0 35.2-13.2 39.1-31.6l24-112c4-18.7-5.8-37.6-23.4-45.1l-112-48zM441.5 464C225.8 460.5 51.5 286.2 48.1 70.5l99.2-21.3 43 100.4L154.4 179c-18.2 14.9-22.9 40.8-11.1 61.2c30.9 53.3 75.3 97.7 128.6 128.6c20.4 11.8 46.3 7.1 61.2-11.1l29.4-35.9 100.4 43L441.5 464zM48 64v0 0 0 0 0 0 0 0 0 0 0 0 0 0 0 0 0 0 0 0 0 0 0s0 0 0 0\"\/><\/svg>\n        \n        \n        \n            <\/div>\n    \n\n\n<\/div><div class=\"bde-text-55-157 bde-text\">\n+52 55 1234 5678\n<\/div>\n\n<\/a><a class=\"bde-container-link-55-158 bde-container-link breakdance-link\" href=\"\/\" target=\"_self\" data-type=\"url\">\n  \n  \n\t\n\n\n\n<div class=\"bde-icon-55-159 bde-icon\">\n\n    \n            <div class=\"bde-icon-icon breakdance-icon-atom\" >\n    \n                    <svg xmlns=\"http:\/\/www.w3.org\/2000\/svg\" viewBox=\"0 0 512 512\"><!--!Font Awesome Free 6.5.1 by @fontawesome - https:\/\/fontawesome.com License - https:\/\/fontawesome.com\/license\/free Copyright 2024 Fonticons, Inc.--><path d=\"M64 112c-8.8 0-16 7.2-16 16v22.1L220.5 291.7c20.7 17 50.4 17 71.1 0L464 150.1V128c0-8.8-7.2-16-16-16H64zM48 212.2V384c0 8.8 7.2 16 16 16H448c8.8 0 16-7.2 16-16V212.2L322 328.8c-38.4 31.5-93.7 31.5-132 0L48 212.2zM0 128C0 92.7 28.7 64 64 64H448c35.3 0 64 28.7 64 64V384c0 35.3-28.7 64-64 64H64c-35.3 0-64-28.7-64-64V128z\"\/><\/svg>\n        \n        \n        \n            <\/div>\n    \n\n\n<\/div><div class=\"bde-text-55-160 bde-text\">\nejemplo@senderosdelalma.com\n<\/div>\n\n<\/a>\n<\/div><div class=\"de-scroll-button-55-124 de-scroll-button\" role=\"button\" aria-label=\"Scroll Button\">\n  <div class=\"\">Contacta<\/div>\n  <div class=\"de-icon \">      \n        \t<svg xmlns=\"http:\/\/www.w3.org\/2000\/svg\" viewBox=\"0 0 256 512\"><!-- Font Awesome Free 5.15.1 by @fontawesome - https:\/\/fontawesome.com License - https:\/\/fontawesome.com\/license\/free (Icons: CC BY 4.0, Fonts: SIL OFL 1.1, Code: MIT License) --><path d=\"M224.3 273l-136 136c-9.4 9.4-24.6 9.4-33.9 0l-22.6-22.6c-9.4-9.4-9.4-24.6 0-33.9l96.4-96.4-96.4-96.4c-9.4-9.4-9.4-24.6 0-33.9L54.3 103c9.4-9.4 24.6-9.4 33.9 0l136 136c9.5 9.4 9.5 24.6.1 34z\"\/><\/svg>\n      <\/div>\n\n\n<\/div>\n<\/div><div class=\"bde-div-55-125 bde-div\">\n  \n  \n\t\n\n\n\n<div class=\"bde-google-map-55-145 bde-google-map\">\n\r\n<iframe width=\"100%\" height=\"100%\" style=\"border:0\" loading=\"lazy\" title=\"Map\" src=\"https:\/\/maps.google.com\/maps?q=Ciudad+de+M%C3%A9xico&t=m&z=14&output=embed&iwloc=near\" allowfullscreen><\/iframe>\n\n<\/div>\n<\/div>\n<\/div><div class=\"bde-div-55-136 bde-div scroll-to-section\">\n  \n  \n\t\n\n\n\n<div class=\"bde-div-55-137 bde-div\">\n  \n  \n\t\n\n\n\n<div class=\"bde-div-55-165 bde-div\">\n  \n  \n\t\n\n\n\n<h3 class=\"bde-heading-55-131 bde-heading\">\nFormulario de Contacto\n<\/h3><p class=\"bde-text-55-132 bde-text\">\nEscribe aqu\u00ed tu consulta\n<\/p>\n<\/div><div class=\"bde-form-builder-55-134 bde-form-builder\">\n\n\n<form id=\"formulario-de-contacto134\" class=\"breakdance-form breakdance-form--vertical \" data-options=\"{&quot;slug&quot;:&quot;custom&quot;,&quot;name&quot;:&quot;Formulario de contacto&quot;,&quot;ajaxUrl&quot;:&quot;https:\\\/\\\/demo.psicoweb.co\\\/senderosdelalma\\\/wp-admin\\\/admin-ajax.php&quot;,&quot;clearOnSuccess&quot;:true,&quot;hideOnSuccess&quot;:false,&quot;successMessage&quot;:&quot;\\u00a1Tu mensaje ha sido recibido!&quot;,&quot;errorMessage&quot;:&quot;Algo sali\\u00f3 mal&quot;,&quot;redirect&quot;:false,&quot;redirectUrl&quot;:&quot;&quot;,&quot;customJavaScript&quot;:&quot;&quot;,&quot;recaptcha&quot;:{&quot;key&quot;:&quot;&quot;,&quot;enabled&quot;:false},&quot;honeypot_enabled&quot;:false,&quot;popupsOnSuccess&quot;:[],&quot;popupsOnError&quot;:[]}\" data-steps=\"0\" >\n  \n  \n  \n<div class=\"breakdance-form-field breakdance-form-field--text\" >\n    \n    \n    \n    <input\n    class=\"breakdance-form-field__input\"\n    id=\"name\"\n    aria-describedby=\"name\"\n    type=\"text\"\n    name=\"fields[name]\"\n    placeholder=\"Nombre\"\n    value=\"\"\n                \n        \n        \n    required\n    \n    \n>\n\n\n    \n    \n<\/div>\n\n\n<div class=\"breakdance-form-field breakdance-form-field--email\" >\n    \n    \n    \n    <input\n    class=\"breakdance-form-field__input\"\n    id=\"email\"\n    aria-describedby=\"email\"\n    type=\"email\"\n    name=\"fields[email]\"\n    placeholder=\"Email\"\n    value=\"\"\n                \n        \n        \n    required\n    \n    \n>\n\n\n    \n    \n<\/div>\n\n\n<div class=\"breakdance-form-field breakdance-form-field--textarea\" >\n    \n    \n    \n    <textarea\n    class=\"breakdance-form-field__input\"\n    id=\"message\"\n    aria-describedby=\"message\"\n    type=\"textarea\"\n    name=\"fields[message]\"\n        placeholder=\"Escribe aqu\u00ed tu mensaje\"\n    required\n    >\n<\/textarea>\n\n\n    \n    \n<\/div>\n\n\n<div class=\"breakdance-form-field breakdance-form-field--checkbox\" >\n    \n    \n    \n    <fieldset role=\"group\"\n    >\n          <div class=\"breakdance-form-checkbox\">\n          <input\n              type=\"checkbox\"\n              name=\"fields[egycji]\"\n              value=\"Estoy de acuerdo con los &lt;a href=&quot;\/&quot;&gt;T\u00e9rminos y Condiciones&lt;\/a&gt; y la &lt;a href=&quot;\/&quot;&gt;Pol\u00edtica de Privacidad&lt;\/a&gt;\"\n              id=\"egycji-1\"\n              \n                        >\n          <label class=\"breakdance-form-checkbox__text\" for=\"egycji-1\">Estoy de acuerdo con los <a href=\"\/\">T\u00e9rminos y Condiciones<\/a> y la <a href=\"\/\">Pol\u00edtica de Privacidad<\/a><\/label>\n      <\/div>\n  <\/fieldset>\n\n\n\n    \n    \n<\/div>\n\n\n  \n\n<div class=\"breakdance-form-field breakdance-form-footer\">\n    \n    \n                                    \n    \n    \n    \n    \n            \n            <button type=\"submit\" class=\"button-atom button-atom--primary breakdance-form-button breakdance-form-button__submit\"  >\n    \n        <span class=\"button-atom__text\">Solicitar informaci\u00f3n<\/span>\n\n        \n        \n            <\/button>\n    \n    <input type=\"hidden\" name=\"form_id\" value=\"134\">\n    <input type=\"hidden\" name=\"post_id\" value=\"55\">\n<\/div>\n\n  \n<\/form>\n\n\n\n<\/div>\n<\/div><div class=\"bde-div-55-141 bde-div\">\n  \n  \n\t\n\n\n\n<div class=\"bde-div-55-166 bde-div\">\n  \n  \n\t\n\n\n\n<h3 class=\"bde-heading-55-164 bde-heading\">\nReserva de Consulta\n<\/h3><div class=\"bde-text-55-142 bde-text\">\nPara una cita online, reserva en este formulario.\n<\/div>\n<\/div><div class=\"bde-shortcodewrapper-55-101 bde-shortcodewrapper\">\n\n<script>\n  if (typeof hasAmeliaEntitiesApiCall === 'undefined' && ('' === '' && '' !== '1')) {\n    var hasAmeliaEntitiesApiCall = true;\n  }\n  var ameliaShortcodeData = (typeof ameliaShortcodeData === 'undefined') ? [] : ameliaShortcodeData;\n  ameliaShortcodeData.push(\n    {\n      'hasApiCall': (typeof hasAmeliaEntitiesApiCall !== 'undefined') && hasAmeliaEntitiesApiCall,\n      'trigger': '',\n      'trigger_type': '',\n      'triggered_form': 'sbsNew',\n      'in_dialog': '',\n      'show': '',\n      'counter': '1000',\n      'category': '1',\n      'service': '',\n      'employee': '1',\n      'location': '',\n      'package': '',\n      'layout': '',\n    }\n  );\n\n  var ameliaShortcodeDataTriggered = (typeof ameliaShortcodeDataTriggered === 'undefined') ? [] : ameliaShortcodeDataTriggered;\n  if (ameliaShortcodeData[ameliaShortcodeData.length - 1].trigger !== '') {\n    if (ameliaShortcodeDataTriggered.filter(a => a.counter === ameliaShortcodeData[ameliaShortcodeData.length - 1].counter).length === 0) {\n      ameliaShortcodeDataTriggered.push(ameliaShortcodeData.pop());\n    } else {\n      ameliaShortcodeData.pop()\n    }\n  }\n  if (typeof hasAmeliaEntitiesApiCall !== 'undefined' && hasAmeliaEntitiesApiCall) {\n    hasAmeliaEntitiesApiCall = false;\n  }\n<\/script>\n\n<div\n  id=\"amelia-v2-booking-1000\"\n  class=\"amelia-v2-booking\"\n >\n    <step-form-wrapper><\/step-form-wrapper><\/div>\n \n<\/div>\n<\/div>\n<\/div><\/div>\n<\/section>","protected":false},"excerpt":{"rendered":"<p>Contacto Datos de Contacto Calle Sendero del alma, 34 +52 55 1234 5678 ejemplo@senderosdelalma.com Contacta Formulario de Contacto Escribe aqu\u00ed tu consulta Estoy de acuerdo con los T\u00e9rminos y Condiciones y la Pol\u00edtica de Privacidad Solicitar informaci\u00f3n Reserva de Consulta Para una cita online, reserva en este formulario.<\/p>\n","protected":false},"author":1,"featured_media":0,"parent":0,"menu_order":0,"comment_status":"closed","ping_status":"closed","template":"","meta":{"_breakdance_hide_in_design_set":false,"_breakdance_tags":"","footnotes":""},"class_list":["post-55","page","type-page","status-publish","hentry"],"_links":{"self":[{"href":"https:\/\/demo.psicoweb.co\/senderosdelalma\/wp-json\/wp\/v2\/pages\/55","targetHints":{"allow":["GET"]}}],"collection":[{"href":"https:\/\/demo.psicoweb.co\/senderosdelalma\/wp-json\/wp\/v2\/pages"}],"about":[{"href":"https:\/\/demo.psicoweb.co\/senderosdelalma\/wp-json\/wp\/v2\/types\/page"}],"author":[{"embeddable":true,"href":"https:\/\/demo.psicoweb.co\/senderosdelalma\/wp-json\/wp\/v2\/users\/1"}],"replies":[{"embeddable":true,"href":"https:\/\/demo.psicoweb.co\/senderosdelalma\/wp-json\/wp\/v2\/comments?post=55"}],"version-history":[{"count":0,"href":"https:\/\/demo.psicoweb.co\/senderosdelalma\/wp-json\/wp\/v2\/pages\/55\/revisions"}],"wp:attachment":[{"href":"https:\/\/demo.psicoweb.co\/senderosdelalma\/wp-json\/wp\/v2\/media?parent=55"}],"curies":[{"name":"wp","href":"https:\/\/api.w.org\/{rel}","templated":true}]}}