{"id":67,"date":"2024-05-07T19:55:42","date_gmt":"2024-05-07T19:55:42","guid":{"rendered":"http:\/\/demo.psicoweb.co\/senderosdelalma\/?page_id=67"},"modified":"2024-06-07T21:29:26","modified_gmt":"2024-06-07T20:29:26","slug":"cursos","status":"publish","type":"page","link":"https:\/\/demo.psicoweb.co\/senderosdelalma\/cursos\/","title":{"rendered":"Cursos"},"content":{"rendered":"<section class=\"bde-section-67-100 bde-section\">\n  \n  \n\t\n\n\n\n<div class=\"section-container\"><div class=\"bde-div-67-101 bde-div\">\n  \n  \n\t\n\n\n\n<div class=\"bde-div-67-102 bde-div\">\n  \n  \n\t\n\n\n\n<h3 class=\"bde-heading-67-103 bde-heading\">\nCursos\n<\/h3><div class=\"bde-text-67-104 bde-text\">\nSoy Valeria, una psic\u00f3loga apasionada por ayudar a las personas a encontrar significado y prop\u00f3sito en sus vidas. Nac\u00ed y crec\u00ed en M\u00e9xico, donde desde temprana edad mostr\u00e9 inter\u00e9s por comprender la mente humana y las emociones. Estudi\u00e9 psicolog\u00eda en la Universidad Nacional Aut\u00f3noma de M\u00e9xico (UNAM), donde adquir\u00ed una s\u00f3lida formaci\u00f3n acad\u00e9mica y una comprensi\u00f3n profunda de la psicolog\u00eda.\n<\/div><div class=\"de-scroll-button-67-105 de-scroll-button\" role=\"button\" aria-label=\"Scroll Button\">\n  <div class=\"\">Te cuento m\u00e1s<\/div>\n  <div class=\"de-icon \">      \n        \t<svg xmlns=\"http:\/\/www.w3.org\/2000\/svg\" viewBox=\"0 0 256 512\"><!-- Font Awesome Free 5.15.1 by @fontawesome - https:\/\/fontawesome.com License - https:\/\/fontawesome.com\/license\/free (Icons: CC BY 4.0, Fonts: SIL OFL 1.1, Code: MIT License) --><path d=\"M224.3 273l-136 136c-9.4 9.4-24.6 9.4-33.9 0l-22.6-22.6c-9.4-9.4-9.4-24.6 0-33.9l96.4-96.4-96.4-96.4c-9.4-9.4-9.4-24.6 0-33.9L54.3 103c9.4-9.4 24.6-9.4 33.9 0l136 136c9.5 9.4 9.5 24.6.1 34z\"\/><\/svg>\n      <\/div>\n\n\n<\/div>\n<\/div><div class=\"bde-div-67-106 bde-div\">\n  \n  \n\t\n\n\n\n<div class=\"bde-icon-67-107 bde-icon\">\n\n    \n            <div class=\"bde-icon-icon breakdance-icon-atom\" >\n    \n                    <svg xmlns=\"http:\/\/www.w3.org\/2000\/svg\" viewBox=\"0 0 512 512\"><!--!Font Awesome Pro 6.5.1 by @fontawesome - https:\/\/fontawesome.com License - https:\/\/fontawesome.com\/license (Commercial License) Copyright 2024 Fonticons, Inc.--><path d=\"M311.9 166.1L112 366.1l0-36c0-55.2 21.9-108.1 60.9-147.1L276.7 79.2c20-20 47.1-31.2 75.3-31.2s55.3 11.2 75.3 31.2l5.5 5.5c20 20 31.2 47.1 31.2 75.3c0 16.8-4 33.3-11.4 48H337.9l7.9-7.9c9.4-9.4 9.4-24.6 0-33.9s-24.6-9.4-33.9 0zm-22 89.9H412.1l-48 48H241.9l48-48zm24.9 96c-37.2 30.9-84.2 48-132.9 48h-36l48-48H314.9zM64 330v84L7 471c-9.4 9.4-9.4 24.6 0 33.9s24.6 9.4 33.9 0l57-57h84c67.9 0 133-27 181-75L466.7 269.3c29-29 45.3-68.3 45.3-109.3s-16.3-80.3-45.3-109.3l-5.5-5.5C432.3 16.3 393 0 352 0s-80.3 16.3-109.3 45.3L139 149C91 197 64 262.1 64 330z\"\/><\/svg>\n        \n        \n        \n            <\/div>\n    \n\n\n<\/div><div class=\"bde-text-67-108 bde-text\">\nPsic\u00f3loga Valeria Gonz\u00e1lez\n<\/div>\n<\/div>\n<\/div><\/div>\n<\/section><section class=\"bde-section-67-109 bde-section scroll-to-section\">\n  \n  \n\t\n\n\n\n<div class=\"section-container\"><h2 class=\"bde-heading-67-164 bde-heading\">\nCurso de Logoterapia a Distancia\n<\/h2><div class=\"bde-div-67-111 bde-div\">\n  \n  \n\t\n\n\n\n<div class=\"bde-image-67-112 bde-image\">\n<figure class=\"breakdance-image breakdance-image--252\">\n\t<div class=\"breakdance-image-container\">\n\t\t<div class=\"breakdance-image-clip\"><img decoding=\"async\" class=\"breakdance-image-object\" src=\"https:\/\/epoo4j26vsv.exactdn.com\/senderosdelalma\/wp-content\/uploads\/2024\/05\/lonely-tree-in-aged-textured-art-background-depre-2023-11-27-05-20-58-utc.webp?strip=all&lossy=1&ssl=1\" width=\"1920\" height=\"1919\" srcset=\"https:\/\/epoo4j26vsv.exactdn.com\/senderosdelalma\/wp-content\/uploads\/2024\/05\/lonely-tree-in-aged-textured-art-background-depre-2023-11-27-05-20-58-utc.webp?strip=all&lossy=1&ssl=1 1920w, https:\/\/demo.psicoweb.co\/senderosdelalma\/wp-content\/uploads\/2024\/05\/lonely-tree-in-aged-textured-art-background-depre-2023-11-27-05-20-58-utc-300x300.webp 300w, https:\/\/demo.psicoweb.co\/senderosdelalma\/wp-content\/uploads\/2024\/05\/lonely-tree-in-aged-textured-art-background-depre-2023-11-27-05-20-58-utc-1024x1024.webp 1024w, https:\/\/demo.psicoweb.co\/senderosdelalma\/wp-content\/uploads\/2024\/05\/lonely-tree-in-aged-textured-art-background-depre-2023-11-27-05-20-58-utc-150x150.webp 150w, https:\/\/demo.psicoweb.co\/senderosdelalma\/wp-content\/uploads\/2024\/05\/lonely-tree-in-aged-textured-art-background-depre-2023-11-27-05-20-58-utc-768x768.webp 768w, https:\/\/demo.psicoweb.co\/senderosdelalma\/wp-content\/uploads\/2024\/05\/lonely-tree-in-aged-textured-art-background-depre-2023-11-27-05-20-58-utc-1536x1536.webp 1536w\" sizes=\"(max-width: 1920px) 100vw, 1920px\"><\/div>\n\t<\/div><\/figure>\n\n<\/div><div class=\"bde-div-67-113 bde-div\">\n  \n  \n\t\n\n\n\n<span class=\"bde-text-67-114 bde-text\">\nBienvenido al Curso de Logoterapia a Distancia. \n<\/span><p class=\"bde-text-67-115 bde-text\">\nEste curso est\u00e1 dise\u00f1ado para proporcionar a los participantes una comprensi\u00f3n profunda de la logoterapia, una forma de psicoterapia centrada en el sentido y la b\u00fasqueda de significado en la vida. A lo largo del curso, los estudiantes explorar\u00e1n los principios fundamentales de la logoter\u00e1n los principiosos en su vida diaria y en su trabajo con clientes.\n<\/p>\n<\/div>\n<\/div><\/div>\n<\/section><section class=\"bde-section-67-138 bde-section\">\n  \n  \n\t\n\n\n\n<div class=\"section-container\"><div class=\"bde-div-67-139 bde-div\">\n  \n  \n\t\n\n\n\n<h2 class=\"bde-heading-67-140 bde-heading\">\nContenido del Curso<br>\n<\/h2><p class=\"bde-text-67-141 bde-text\">\nEl curso se divide en los siguientes m\u00f3dulos:\n<\/p>\n<\/div><div class=\"bde-div-67-142 bde-div\">\n  \n  \n\t\n\n\n\n<div class=\"bde-columns-67-143 bde-columns\"><div class=\"bde-column-67-144 bde-column\">\n  \n  \n\t\n\n\n\n<h3 class=\"bde-heading-67-145 bde-heading\">\nM\u00f3dulo 1: <br>Introducci\u00f3n a la Logoterapia\n<\/h3>\n<\/div><div class=\"bde-column-67-146 bde-column\">\n  \n  \n\t\n\n\n\n<p class=\"bde-text-67-147 bde-text\">\n- Breve historia y desarrollo de la logoterapia<br>- Principios fundamentales de la logoterapia<br>- Concepto de la b\u00fasqueda de sentido\n<\/p>\n<\/div><\/div><div class=\"bde-columns-67-148 bde-columns\"><div class=\"bde-column-67-149 bde-column\">\n  \n  \n\t\n\n\n\n<h3 class=\"bde-heading-67-150 bde-heading\">\nM\u00f3dulo 2: <br>Dimensiones de la Existencia Humana\n<\/h3>\n<\/div><div class=\"bde-column-67-151 bde-column\">\n  \n  \n\t\n\n\n\n<p class=\"bde-text-67-152 bde-text\">\n- An\u00e1lisis de las dimensiones espirituales, emocionales y sociales del ser humano<br>- Exploraci\u00f3n de la voluntad de sentido y la b\u00fasqueda de significado\n<\/p>\n<\/div><\/div><div class=\"bde-columns-67-153 bde-columns\"><div class=\"bde-column-67-154 bde-column\">\n  \n  \n\t\n\n\n\n<h3 class=\"bde-heading-67-155 bde-heading\">\nM\u00f3dulo 3: <br>T\u00e9cnicas y Aplicaciones Pr\u00e1cticas\n<\/h3>\n<\/div><div class=\"bde-column-67-156 bde-column\">\n  \n  \n\t\n\n\n\n<p class=\"bde-text-67-157 bde-text\">\n- M\u00e9todos terap\u00e9uticos de la logoterapia<br>- Aplicaci\u00f3n de la logoterapia en el tratamiento de trastornos psicol\u00f3gicos<br>- Ejercicios pr\u00e1cticos para el desarrollo del sentido de vida<br>\n<\/p>\n<\/div><\/div><div class=\"bde-columns-67-158 bde-columns\"><div class=\"bde-column-67-159 bde-column\">\n  \n  \n\t\n\n\n\n<h3 class=\"bde-heading-67-160 bde-heading\">\nM\u00f3dulo 4: <br>\u00c9tica y Valores en la Logoterapia\n<\/h3>\n<\/div><div class=\"bde-column-67-162 bde-column\">\n  \n  \n\t\n\n\n\n<p class=\"bde-text-67-163 bde-text\">\n- \u00c9tica profesional en la pr\u00e1ctica de la logoterapia<br>- Importancia de los valores en la b\u00fasqueda de sentido<br>- Casos de estudio y discusi\u00f3n \u00e9tica\n<\/p>\n<\/div><\/div>\n<\/div><h1 class=\"bde-heading-67-165 bde-heading\">\n\n<\/h1><\/div>\n<\/section><section class=\"bde-section-67-166 bde-section\">\n  \n  \n\t\n\n\n\n<div class=\"section-container\"><div class=\"bde-columns-67-170 bde-columns\"><div class=\"bde-column-67-173 bde-column\">\n  \n  \n\t\n\n\n\n<h2 class=\"bde-heading-67-168 bde-heading\">\nC\u00f3mo Inscribirse\n<\/h2><p class=\"bde-text-67-169 bde-text\">\nPara inscribirte en el curso, por favor completa el formulario de inscripci\u00f3n en l\u00ednea. Una vez recibida tu solicitud, nos pondremos en contacto contigo para proporcionarte m\u00e1s detalles sobre el proceso de inscripci\u00f3n y los pr\u00f3ximos pasos.\n<\/p>\n<\/div><div class=\"bde-column-67-171 bde-column\">\n  \n  \n\t\n\n\n\n<div class=\"bde-form-builder-67-172 bde-form-builder\">\n\n\n<form id=\"formulario-inscripcion-curso172\" class=\"breakdance-form breakdance-form--vertical \" data-options=\"{&quot;slug&quot;:&quot;custom&quot;,&quot;name&quot;:&quot;Formulario Inscripci\\u00f3n Curso&quot;,&quot;ajaxUrl&quot;:&quot;https:\\\/\\\/demo.psicoweb.co\\\/senderosdelalma\\\/wp-admin\\\/admin-ajax.php&quot;,&quot;clearOnSuccess&quot;:true,&quot;hideOnSuccess&quot;:false,&quot;successMessage&quot;:&quot;\\u00a1Tu mensaje ha sido recibido!&quot;,&quot;errorMessage&quot;:&quot;Algo sali\\u00f3 mal&quot;,&quot;redirect&quot;:false,&quot;redirectUrl&quot;:&quot;&quot;,&quot;customJavaScript&quot;:&quot;&quot;,&quot;recaptcha&quot;:{&quot;key&quot;:&quot;&quot;,&quot;enabled&quot;:false},&quot;honeypot_enabled&quot;:false,&quot;popupsOnSuccess&quot;:[],&quot;popupsOnError&quot;:[]}\" data-steps=\"0\" >\n  \n  \n  \n<div class=\"breakdance-form-field breakdance-form-field--text\" >\n    \n    \n    \n    <input\n    class=\"breakdance-form-field__input\"\n    id=\"name\"\n    aria-describedby=\"name\"\n    type=\"text\"\n    name=\"fields[name]\"\n    placeholder=\"Nombre\"\n    value=\"\"\n                \n        \n        \n    required\n    \n    \n>\n\n\n    \n    \n<\/div>\n\n\n<div class=\"breakdance-form-field breakdance-form-field--email\" >\n    \n    \n    \n    <input\n    class=\"breakdance-form-field__input\"\n    id=\"email\"\n    aria-describedby=\"email\"\n    type=\"email\"\n    name=\"fields[email]\"\n    placeholder=\"Email\"\n    value=\"\"\n                \n        \n        \n    required\n    \n    \n>\n\n\n    \n    \n<\/div>\n\n\n<div class=\"breakdance-form-field breakdance-form-field--textarea\" >\n    \n    \n    \n    <textarea\n    class=\"breakdance-form-field__input\"\n    id=\"message\"\n    aria-describedby=\"message\"\n    type=\"textarea\"\n    name=\"fields[message]\"\n        placeholder=\"Escribe aqu\u00ed tu intenci\u00f3n de inscribirte al curso\"\n    required\n    >\n<\/textarea>\n\n\n    \n    \n<\/div>\n\n\n<div class=\"breakdance-form-field breakdance-form-field--checkbox\" >\n    \n    \n    \n    <fieldset role=\"group\"\n    >\n          <div class=\"breakdance-form-checkbox\">\n          <input\n              type=\"checkbox\"\n              name=\"fields[egycji]\"\n              value=\"Estoy de acuerdo con los &lt;a href=&quot;\/&quot;&gt;T\u00e9rminos y Condiciones&lt;\/a&gt; y la &lt;a href=&quot;\/&quot;&gt;Pol\u00edtica de Privacidad&lt;\/a&gt;\"\n              id=\"egycji-1\"\n              \n                        >\n          <label class=\"breakdance-form-checkbox__text\" for=\"egycji-1\">Estoy de acuerdo con los <a href=\"\/\">T\u00e9rminos y Condiciones<\/a> y la <a href=\"\/\">Pol\u00edtica de Privacidad<\/a><\/label>\n      <\/div>\n  <\/fieldset>\n\n\n\n    \n    \n<\/div>\n\n\n  \n\n<div class=\"breakdance-form-field breakdance-form-footer\">\n    \n    \n                                    \n    \n    \n    \n    \n            \n            <button type=\"submit\" class=\"button-atom button-atom--primary breakdance-form-button breakdance-form-button__submit\"  >\n    \n        <span class=\"button-atom__text\">Solicitar informaci\u00f3n<\/span>\n\n        \n        \n            <\/button>\n    \n    <input type=\"hidden\" name=\"form_id\" value=\"172\">\n    <input type=\"hidden\" name=\"post_id\" value=\"67\">\n<\/div>\n\n  \n<\/form>\n\n\n\n<\/div>\n<\/div><\/div><\/div>\n<\/section>","protected":false},"excerpt":{"rendered":"<p>Cursos Soy Valeria, una psic\u00f3loga apasionada por ayudar a las personas a encontrar significado y prop\u00f3sito en sus vidas. Nac\u00ed y crec\u00ed en M\u00e9xico, donde desde temprana edad mostr\u00e9 inter\u00e9s por comprender la mente humana y las emociones. Estudi\u00e9 psicolog\u00eda en la Universidad Nacional Aut\u00f3noma de M\u00e9xico (UNAM), donde adquir\u00ed una s\u00f3lida formaci\u00f3n acad\u00e9mica y [&hellip;]<\/p>\n","protected":false},"author":1,"featured_media":0,"parent":0,"menu_order":0,"comment_status":"closed","ping_status":"closed","template":"","meta":{"_breakdance_hide_in_design_set":false,"_breakdance_tags":"","footnotes":""},"class_list":["post-67","page","type-page","status-publish","hentry"],"_links":{"self":[{"href":"https:\/\/demo.psicoweb.co\/senderosdelalma\/wp-json\/wp\/v2\/pages\/67","targetHints":{"allow":["GET"]}}],"collection":[{"href":"https:\/\/demo.psicoweb.co\/senderosdelalma\/wp-json\/wp\/v2\/pages"}],"about":[{"href":"https:\/\/demo.psicoweb.co\/senderosdelalma\/wp-json\/wp\/v2\/types\/page"}],"author":[{"embeddable":true,"href":"https:\/\/demo.psicoweb.co\/senderosdelalma\/wp-json\/wp\/v2\/users\/1"}],"replies":[{"embeddable":true,"href":"https:\/\/demo.psicoweb.co\/senderosdelalma\/wp-json\/wp\/v2\/comments?post=67"}],"version-history":[{"count":0,"href":"https:\/\/demo.psicoweb.co\/senderosdelalma\/wp-json\/wp\/v2\/pages\/67\/revisions"}],"wp:attachment":[{"href":"https:\/\/demo.psicoweb.co\/senderosdelalma\/wp-json\/wp\/v2\/media?parent=67"}],"curies":[{"name":"wp","href":"https:\/\/api.w.org\/{rel}","templated":true}]}}